{"id":966,"date":"2018-02-18T15:56:06","date_gmt":"2018-02-18T12:56:06","guid":{"rendered":"https:\/\/globaljobs.pl\/?page_id=966"},"modified":"2021-06-29T17:24:04","modified_gmt":"2021-06-29T14:24:04","slug":"otwieranie-rachunkow-bankowych-w-polsce","status":"publish","type":"page","link":"https:\/\/dev3.crm4u.biz\/pl\/otwieranie-rachunkow-bankowych-w-polsce\/","title":{"rendered":"Otwieranie rachunk\u00f3w bankowych w Polsce"},"content":{"rendered":"<p>[vc_row css=&#8221;.vc_custom_1514370838687{padding-bottom: 30px !important;}&#8221;][vc_column][vc_custom_heading text=&#8221;Otwieranie rachunk\u00f3w bankowych w Polsce&#8221; font_container=&#8221;tag:h1|text_align:center|color:%23437341&#8243; google_fonts=&#8221;font_family:Roboto%20Condensed%3A300%2C300italic%2Cregular%2Citalic%2C700%2C700italic|font_style:400%20regular%3A400%3Anormal&#8221; css_animation=&#8221;zoomIn&#8221;][\/vc_column][\/vc_row][vc_row full_width=&#8221;stretch_row&#8221; css=&#8221;.vc_custom_1514366777819{margin-top: -20px !important;}&#8221;][vc_column width=&#8221;2\/3&#8243;][vc_single_image image=&#8221;540&#8243; img_size=&#8221;full&#8221;][\/vc_column][vc_column width=&#8221;1\/3&#8243; css=&#8221;.vc_custom_1563969198620{padding-bottom: 43px !important;background-color: #70563c !important;}&#8221;][vc_column_text css=&#8221;.vc_custom_1611566385169{padding-top: 27px !important;}&#8221;]<\/p>\n<p class=\"block-1\">Pe\u0142na rejestracja i otwarcie firmy w po\u0142\u0105czeniu z otwarciem rachunku w banku w Polsce<\/p>\n<p>[\/vc_column_text][\/vc_column][\/vc_row][vc_row][vc_column width=&#8221;1\/4&#8243;][\/vc_column][vc_column width=&#8221;1\/2&#8243;][vc_column_text]<\/p>\n<p style=\"text-align: center;\">Otwarcie rachunk\u00f3w w polskich bankach to doskona\u0142a okazja dla rezydent\u00f3w i nierezydent\u00f3w w celu maksymalnego komfortu w przeprowadzaniu i korzystaniu z r\u00f3\u017cnego rodzaju p\u0142atno\u015bci. Dzi\u0119ki GLOBAL JOBS otwieranie kont w ka\u017cdym banku w Polsce stanie si\u0119 jeszcze \u0142atwiejsze i bardziej dost\u0119pne.<\/p>\n<p>[\/vc_column_text][\/vc_column][vc_column width=&#8221;1\/4&#8243;][\/vc_column][\/vc_row][vc_row css=&#8221;.vc_custom_1514371284444{margin-top: 50px !important;margin-bottom: 50px !important;}&#8221;][vc_column][vc_text_separator title=&#8221;Nasze zalety&#8221; color=&#8221;custom&#8221; style=&#8221;double&#8221; el_width=&#8221;80&#8243; css_animation=&#8221;zoomIn&#8221; accent_color=&#8221;#3e993a&#8221;][\/vc_column][\/vc_row][vc_row css_animation=&#8221;fadeInLeftBig&#8221;][vc_column width=&#8221;1\/4&#8243;][vc_icon icon_fontawesome=&#8221;fa fa-handshake-o&#8221; color=&#8221;custom&#8221; size=&#8221;xl&#8221; align=&#8221;center&#8221; css_animation=&#8221;slideInUp&#8221; custom_color=&#8221;#3e993a&#8221;][vc_column_text css_animation=&#8221;slideInLeft&#8221; el_class=&#8221;minheight60&#8243;]<\/p>\n<p class=\"block-3\">Do\u015bwiadczenie<\/p>\n<p>[\/vc_column_text][vc_column_text css_animation=&#8221;slideInLeft&#8221;]<\/p>\n<p style=\"text-align: center;\">Proponujemy sprawdzone i pewne warianty opieraj\u0105c si\u0119 na swoje w\u0142asne, wieloletnie do\u015bwiadczenie<\/p>\n<p>[\/vc_column_text][\/vc_column][vc_column width=&#8221;1\/4&#8243;][vc_icon icon_fontawesome=&#8221;fa fa-thumbs-o-up&#8221; color=&#8221;custom&#8221; size=&#8221;xl&#8221; align=&#8221;center&#8221; css_animation=&#8221;slideInUp&#8221; custom_color=&#8221;#3e993a&#8221;][vc_column_text css_animation=&#8221;slideInLeft&#8221; el_class=&#8221;minheight60&#8243;]<\/p>\n<p class=\"block-3\">Jako\u015b\u0107<\/p>\n<p>[\/vc_column_text][vc_column_text css_animation=&#8221;slideInLeft&#8221;]<\/p>\n<p style=\"text-align: center;\">Zwracamy uwag\u0119 na jako\u015b\u0107 naszych us\u0142ug i d\u0105\u017cymy do utrzymania ich na najwy\u017cszym poziomie<\/p>\n<p>[\/vc_column_text][\/vc_column][vc_column width=&#8221;1\/4&#8243;][vc_icon icon_fontawesome=&#8221;fa fa-eur&#8221; color=&#8221;custom&#8221; size=&#8221;xl&#8221; align=&#8221;center&#8221; css_animation=&#8221;slideInUp&#8221; custom_color=&#8221;#3e993a&#8221;][vc_column_text css_animation=&#8221;slideInLeft&#8221; el_class=&#8221;minheight60&#8243;]<\/p>\n<p class=\"block-3\">Zach\u0119caj\u0105ca cena us\u0142ug<\/p>\n<p>[\/vc_column_text][vc_column_text css_animation=&#8221;slideInLeft&#8221;]<\/p>\n<p style=\"text-align: center;\">Elastyczne warunki i dost\u0119pne ceny, a tak\u017ce indywidualne podej\u015bcie do ka\u017cdego klienta<\/p>\n<p>[\/vc_column_text][\/vc_column][vc_column width=&#8221;1\/4&#8243;][vc_icon icon_fontawesome=&#8221;fa fa-star&#8221; color=&#8221;custom&#8221; size=&#8221;xl&#8221; align=&#8221;center&#8221; css_animation=&#8221;slideInUp&#8221; custom_color=&#8221;#3e993a&#8221;][vc_column_text css_animation=&#8221;slideInLeft&#8221; el_class=&#8221;minheight60&#8243;]<\/p>\n<p class=\"block-3\">Gwarancja<\/p>\n<p>[\/vc_column_text][vc_column_text css_animation=&#8221;slideInLeft&#8221;]<\/p>\n<p style=\"text-align: center;\">Gwarantujemy ca\u0142kowit\u0105 poufno\u015b\u0107 danych osobowych naszych klient\u00f3w, a tak\u017ce reprezentujemy interesy klient\u00f3w w ka\u017cdym mie\u015bcie w Polsce<\/p>\n<p>[\/vc_column_text][\/vc_column][\/vc_row][vc_row full_width=&#8221;stretch_row&#8221; css_animation=&#8221;rotateInDownLeft&#8221; css=&#8221;.vc_custom_1516967544183{margin-top: 30px !important;margin-bottom: 10px !important;background-color: #dff4d1 !important;}&#8221;][vc_column][vc_text_separator title=&#8221;Co proponujemy?&#8221; color=&#8221;custom&#8221; style=&#8221;double&#8221; el_width=&#8221;80&#8243; css_animation=&#8221;zoomIn&#8221; accent_color=&#8221;#3e993a&#8221;][vc_row_inner][vc_column_inner width=&#8221;1\/4&#8243;][vc_single_image image=&#8221;543&#8243; img_size=&#8221;full&#8221;][\/vc_column_inner][vc_column_inner width=&#8221;3\/4&#8243;][vc_column_text]<\/p>\n<h2>Jakich zalet mog\u0105 si\u0119 Pa\u0144stwo spodziewa\u0107 po otwarciu rachunk\u00f3w w polskich bankach:<\/h2>\n<ul>\n<li>stabilna sytuacja gospodarcza i polityczna kraj\u00f3w UE;<\/li>\n<li>atrakcyjne i niedrogie op\u0142aty za us\u0142ugi;<\/li>\n<li>wiarygodne pozycje bank\u00f3w w rankingu;<\/li>\n<li>mo\u017cliwo\u015b\u0107 uzyskania kredyt\u00f3w na korzystnych warunkach;<\/li>\n<li>szeroki zakres us\u0142ug \u015bwiadczonych przez banki;<\/li>\n<li>wysoko poziom kontroli pracy dowolnego banku przez polski rz\u0105d;<\/li>\n<li>pe\u0142na poufno\u015b\u0107 wszystkich informacji;<\/li>\n<li>obecno\u015b\u0107 osobistego mened\u017cera;<\/li>\n<li>minimalne terminy otwarcia rachunku.<\/li>\n<\/ul>\n<p>[\/vc_column_text][vc_btn title=&#8221;KONSULTACJA&#8221; shape=&#8221;round&#8221; color=&#8221;success&#8221; align=&#8221;left&#8221; link=&#8221;url:%23forma|||&#8221;][\/vc_column_inner][\/vc_row_inner][\/vc_column][\/vc_row][vc_row][vc_column][vc_column_text]<\/p>\n<h3 style=\"text-align: center;\">Otwieranie rachunk\u00f3w bankowych w Polsce &#8211; twoje zaufanie do przysz\u0142o\u015bci<\/h3>\n<p>[\/vc_column_text][\/vc_column][\/vc_row][vc_row][vc_column][vc_column_text]<strong>Mog\u0105 Pa\u0144stwo otworzy\u0107 rachunek w banku w Polsce<\/strong> zar\u00f3wno bie\u017c\u0105cy jak i depozytowy. Sami wybieracie walut\u0119: polski z\u0142oty, euro, dolary, itp. System bankowo\u015bci internetowej umo\u017cliwia prowadzenie wymiany walut na unikalnych warunkach bez prowizji.<\/p>\n<p>Aby za\u0142o\u017cy\u0107 konto, potrzebuj\u0105 Pa\u0144stwo tylko paszportu (je\u015bli jeste\u015b nierezydentem, potrzebny b\u0119dzie dow\u00f3d osobisty i paszport zagraniczny). Bank sporz\u0105dzi kopi\u0119, poprosi o wyja\u015bnienia (nazwisko matki (ojca), nazwisko rodowe matki (ojca), dla os\u00f3b nieb\u0119d\u0105cych rezydentami: adres zamieszkania w twoim kraju itd.).<\/p>\n<p><strong>Dlaczego warto otworzy\u0107 konto bankowe w Polsce:<\/strong><\/p>\n<ul>\n<li>cele komercyjne lub prowadzenie dzia\u0142alno\u015bci gospodarczej;<\/li>\n<li>przekazanie \u015brodk\u00f3w pieni\u0119\u017cnych za granic\u0119 krewnym;<\/li>\n<li>uiszczanie p\u0142atno\u015bci za wszystkie us\u0142ugi za po\u015brednictwem Internetu;<\/li>\n<li>wjazd do Polski na odpoczynek lub w innych celach;<\/li>\n<li>przy podj\u0119ciu pracy w Polsce.<\/li>\n<\/ul>\n<p><strong>Firma GLOBAL JOBS<\/strong> z przyjemno\u015bci\u0105 pomo\u017ce Pa\u0144stwu otrzyma\u0107 t\u0119 us\u0142ug\u0119 po przyst\u0119pnych cenach dla ka\u017cdego klienta. Jeste\u015bmy gotowi doradzi\u0107 i towarzyszy\u0107 Pa\u0144stwu w banku (je\u015bli to konieczne), pom\u00f3c w zapoznaniu si\u0119 z umow\u0105 i zrozumie\u0107, jakie warunki b\u0119d\u0105 dla Pa\u0144stwa najbardziej optymalne na profesjonalnym poziomie.[\/vc_column_text][\/vc_column][\/vc_row][vc_row css=&#8221;.vc_custom_1516719957590{margin-top: 40px !important;margin-bottom: 50px !important;}&#8221;][vc_column][vc_text_separator title=&#8221;Koszt i terminy wykonania naszych us\u0142ug&#8221; color=&#8221;custom&#8221; style=&#8221;double&#8221; el_width=&#8221;80&#8243; css_animation=&#8221;zoomIn&#8221; accent_color=&#8221;#3e993a&#8221;][\/vc_column][\/vc_row][vc_row][vc_column width=&#8221;1\/4&#8243;][\/vc_column][vc_column width=&#8221;1\/4&#8243;][vc_icon icon_fontawesome=&#8221;fa fa-calendar&#8221; color=&#8221;custom&#8221; size=&#8221;xl&#8221; align=&#8221;center&#8221; css_animation=&#8221;slideInLeft&#8221; custom_color=&#8221;#3e993a&#8221;][vc_column_text css_animation=&#8221;slideInLeft&#8221; css=&#8221;.vc_custom_1518959153956{padding-top: 20px !important;}&#8221;]<\/p>\n<p style=\"text-align: center;\"><strong>Termin otwarcia rachunku 5-7 dni<\/strong><\/p>\n<p>[\/vc_column_text][\/vc_column][vc_column width=&#8221;1\/4&#8243;][vc_icon icon_fontawesome=&#8221;fa fa-eur&#8221; color=&#8221;custom&#8221; size=&#8221;xl&#8221; align=&#8221;center&#8221; css_animation=&#8221;slideInLeft&#8221; custom_color=&#8221;#3e993a&#8221;][vc_column_text css_animation=&#8221;slideInLeft&#8221;]<\/p>\n<p class=\"block-3\" style=\"padding-left: 40px;\">50\u00a0<img class=\"size-full wp-image-437 alignnone\" src=\"https:\/\/dev3.crm4u.biz\/wp-content\/uploads\/2018\/01\/euro.png\" alt=\"\" width=\"9\" height=\"12\" \/><\/p>\n<p>[\/vc_column_text][\/vc_column][vc_column width=&#8221;1\/4&#8243;][\/vc_column][\/vc_row][vc_row][vc_column width=&#8221;1\/4&#8243;][\/vc_column][vc_column width=&#8221;1\/4&#8243;][vc_separator color=&#8221;custom&#8221; style=&#8221;shadow&#8221; css_animation=&#8221;slideInLeft&#8221; accent_color=&#8221;#719971&#8243;][\/vc_column][vc_column width=&#8221;1\/4&#8243;][vc_separator color=&#8221;custom&#8221; style=&#8221;shadow&#8221; css_animation=&#8221;slideInLeft&#8221; accent_color=&#8221;#719971&#8243;][\/vc_column][vc_column width=&#8221;1\/4&#8243;][\/vc_column][\/vc_row][vc_row][vc_column][vc_column_text]<\/p>\n<p style=\"text-align: center;\">Dla ka\u017cdego klienta nasza firma zapewnia osobistego konsultanta i zapewnia maksymalne wsparcie.<\/p>\n<p>[\/vc_column_text][\/vc_column][\/vc_row][vc_row css=&#8221;.vc_custom_1516719875312{padding-bottom: 20px !important;}&#8221; el_id=&#8221;forma&#8221;][vc_column][\/vc_column][\/vc_row][vc_row full_width=&#8221;stretch_row_content_no_spaces&#8221; css=&#8221;.vc_custom_1563969036572{margin-bottom: 0px !important;border-bottom-width: 0px !important;padding-bottom: 0px !important;}&#8221;][vc_column css=&#8221;.vc_custom_1563969047667{margin-bottom: 0px !important;border-bottom-width: 0px !important;padding-bottom: 0px !important;}&#8221;][vc_gmaps link=&#8221;#E-8_JTNDaWZyYW1lJTIwc3JjJTNEJTIyaHR0cHMlM0ElMkYlMkZ3d3cuZ29vZ2xlLmNvbSUyRm1hcHMlMkZlbWJlZCUzRnBiJTNEJTIxMW0xNCUyMTFtOCUyMTFtMyUyMTFkMjQ0My41MDIwNzQ1NDA4NTQ3JTIxMmQyMS4wMDIzNjg3JTIxM2Q1Mi4yMzQyNjM2JTIxM20yJTIxMWkxMDI0JTIxMmk3NjglMjE0ZjEzLjElMjEzbTMlMjExbTIlMjExczB4MCUyNTNBMHhjMDkzZTQ3NjI3MzAxNmNmJTIxMnNHbG9iYWwlMjUyMEpvYnMlMjE1ZTAlMjEzbTIlMjExc3BsJTIxMnNzYSUyMTR2MTYwNzYwOTYwMjY2OSUyMTVtMiUyMTFzcGwlMjEyc3NhJTIyJTIwd2lkdGglM0QlMjI2MDAlMjIlMjBoZWlnaHQlM0QlMjI0NTAlMjIlMjBmcmFtZWJvcmRlciUzRCUyMjAlMjIlMjBzdHlsZSUzRCUyMmJvcmRlciUzQTAlM0IlMjIlMjBhbGxvd2Z1bGxzY3JlZW4lM0QlMjIlMjIlMjBhcmlhLWhpZGRlbiUzRCUyMmZhbHNlJTIyJTIwdGFiaW5kZXglM0QlMjIwJTIyJTNFJTNDJTJGaWZyYW1lJTNF&#8221; size=&#8221;380&#8243; css=&#8221;.vc_custom_1607612200196{margin-bottom: 0px !important;border-bottom-width: 0px !important;padding-bottom: 0px !important;}&#8221;][\/vc_column][\/vc_row]<\/p>\n","protected":false},"excerpt":{"rendered":"<p> [&hellip;]<\/p>\n","protected":false},"author":2,"featured_media":1522,"parent":0,"menu_order":0,"comment_status":"closed","ping_status":"closed","template":"","meta":[],"yoast_head":"<!-- This site is optimized with the Yoast SEO plugin v19.5.1 - https:\/\/yoast.com\/wordpress\/plugins\/seo\/ -->\n<title>Otwarcia rachunku bankowego w Polsce. Us\u0142ugi i pomoc Global Jobs. Jak otworzy\u0107 rachunek bankowy?<\/title>\n<meta name=\"description\" content=\"Otwarcia rachunk\u00f3w w bankach w Polsce - us\u0142ugi i pomoc firmy Global Jobs. Otwarcia rachunku bankowego w Polsce. Jak? Jaka cena? Jakie dokumenty?\" \/>\n<meta name=\"robots\" content=\"index, follow, max-snippet:-1, max-image-preview:large, max-video-preview:-1\" \/>\n<link rel=\"canonical\" href=\"https:\/\/dev3.crm4u.biz\/pl\/otwieranie-rachunkow-bankowych-w-polsce\/\" \/>\n<meta property=\"og:locale\" content=\"pl_PL\" \/>\n<meta property=\"og:type\" content=\"article\" \/>\n<meta property=\"og:title\" content=\"Otwarcia rachunku bankowego w Polsce 2019. Us\u0142ugi i pomoc Global Jobs. Jak otworzy\u0107 rachunek bankowy?\" \/>\n<meta property=\"og:description\" content=\"Otwarcia rachunk\u00f3w w bankach w Polsce - us\u0142ugi i pomoc firmy Global Jobs. Otwarcia rachunku bankowego w Polsce w 2019 r. Jak? Jaka cena? Jakie dokumenty?\" \/>\n<meta property=\"og:url\" content=\"https:\/\/dev3.crm4u.biz\/pl\/otwieranie-rachunkow-bankowych-w-polsce\/\" \/>\n<meta property=\"og:site_name\" content=\"GLOBAL JOBS\" \/>\n<meta property=\"article:modified_time\" content=\"2021-06-29T14:24:04+00:00\" \/>\n<meta property=\"og:image\" content=\"https:\/\/dev3.crm4u.biz\/wp-content\/uploads\/2019\/07\/logo-ss-pl.jpg\" \/>\n\t<meta property=\"og:image:width\" content=\"201\" \/>\n\t<meta property=\"og:image:height\" content=\"201\" \/>\n\t<meta property=\"og:image:type\" content=\"image\/jpeg\" \/>\n<meta name=\"twitter:card\" content=\"summary\" \/>\n<meta name=\"twitter:title\" content=\"Otwarcia rachunku bankowego w Polsce 2019. Us\u0142ugi i pomoc Global Jobs. Jak otworzy\u0107 rachunek bankowy?\" \/>\n<meta name=\"twitter:description\" content=\"Otwarcia rachunk\u00f3w w bankach w Polsce - us\u0142ugi i pomoc firmy Global Jobs. Otwarcia rachunku bankowego w Polsce w 2019 r. Jak? Jaka cena? Jakie dokumenty?\" \/>\n<meta name=\"twitter:image\" content=\"https:\/\/dev3.crm4u.biz\/wp-content\/uploads\/2019\/07\/logo-ss-pl.jpg\" \/>\n<meta name=\"twitter:label1\" content=\"Szacowany czas czytania\" \/>\n\t<meta name=\"twitter:data1\" content=\"6 minut\" \/>\n<script type=\"application\/ld+json\" class=\"yoast-schema-graph\">{\"@context\":\"https:\/\/schema.org\",\"@graph\":[{\"@type\":\"WebPage\",\"@id\":\"https:\/\/dev3.crm4u.biz\/pl\/otwieranie-rachunkow-bankowych-w-polsce\/\",\"url\":\"https:\/\/dev3.crm4u.biz\/pl\/otwieranie-rachunkow-bankowych-w-polsce\/\",\"name\":\"Otwarcia rachunku bankowego w Polsce. Us\u0142ugi i pomoc Global Jobs. Jak otworzy\u0107 rachunek bankowy?\",\"isPartOf\":{\"@id\":\"https:\/\/dev3.crm4u.biz\/#website\"},\"datePublished\":\"2018-02-18T12:56:06+00:00\",\"dateModified\":\"2021-06-29T14:24:04+00:00\",\"description\":\"Otwarcia rachunk\u00f3w w bankach w Polsce - us\u0142ugi i pomoc firmy Global Jobs. Otwarcia rachunku bankowego w Polsce. Jak? Jaka cena? Jakie dokumenty?\",\"breadcrumb\":{\"@id\":\"https:\/\/dev3.crm4u.biz\/pl\/otwieranie-rachunkow-bankowych-w-polsce\/#breadcrumb\"},\"inLanguage\":\"pl-PL\",\"potentialAction\":[{\"@type\":\"ReadAction\",\"target\":[\"https:\/\/dev3.crm4u.biz\/pl\/otwieranie-rachunkow-bankowych-w-polsce\/\"]}]},{\"@type\":\"BreadcrumbList\",\"@id\":\"https:\/\/dev3.crm4u.biz\/pl\/otwieranie-rachunkow-bankowych-w-polsce\/#breadcrumb\",\"itemListElement\":[{\"@type\":\"ListItem\",\"position\":1,\"name\":\"\u0413\u043b\u0430\u0432\u043d\u0430\u044f \u0441\u0442\u0440\u0430\u043d\u0438\u0446\u0430\",\"item\":\"https:\/\/dev3.crm4u.biz\/pl\/\"},{\"@type\":\"ListItem\",\"position\":2,\"name\":\"Otwieranie rachunk\u00f3w bankowych w Polsce\"}]},{\"@type\":\"WebSite\",\"@id\":\"https:\/\/dev3.crm4u.biz\/#website\",\"url\":\"https:\/\/dev3.crm4u.biz\/\",\"name\":\"GLOBAL JOBS\",\"description\":\"GLOBAL JOBS\",\"publisher\":{\"@id\":\"https:\/\/dev3.crm4u.biz\/#organization\"},\"potentialAction\":[{\"@type\":\"SearchAction\",\"target\":{\"@type\":\"EntryPoint\",\"urlTemplate\":\"https:\/\/dev3.crm4u.biz\/?s={search_term_string}\"},\"query-input\":\"required name=search_term_string\"}],\"inLanguage\":\"pl-PL\"},{\"@type\":\"Organization\",\"@id\":\"https:\/\/dev3.crm4u.biz\/#organization\",\"name\":\"Global Jobs\",\"url\":\"https:\/\/dev3.crm4u.biz\/\",\"sameAs\":[],\"logo\":{\"@type\":\"ImageObject\",\"inLanguage\":\"pl-PL\",\"@id\":\"https:\/\/dev3.crm4u.biz\/#\/schema\/logo\/image\/\",\"url\":\"https:\/\/dev3.crm4u.biz\/wp-content\/uploads\/2018\/01\/logo-gl.png\",\"contentUrl\":\"https:\/\/dev3.crm4u.biz\/wp-content\/uploads\/2018\/01\/logo-gl.png\",\"width\":201,\"height\":61,\"caption\":\"Global Jobs\"},\"image\":{\"@id\":\"https:\/\/dev3.crm4u.biz\/#\/schema\/logo\/image\/\"}}]}<\/script>\n<!-- \/ Yoast SEO plugin. -->","yoast_head_json":{"title":"Otwarcia rachunku bankowego w Polsce. Us\u0142ugi i pomoc Global Jobs. Jak otworzy\u0107 rachunek bankowy?","description":"Otwarcia rachunk\u00f3w w bankach w Polsce - us\u0142ugi i pomoc firmy Global Jobs. Otwarcia rachunku bankowego w Polsce. Jak? Jaka cena? Jakie dokumenty?","robots":{"index":"index","follow":"follow","max-snippet":"max-snippet:-1","max-image-preview":"max-image-preview:large","max-video-preview":"max-video-preview:-1"},"canonical":"https:\/\/dev3.crm4u.biz\/pl\/otwieranie-rachunkow-bankowych-w-polsce\/","og_locale":"pl_PL","og_type":"article","og_title":"Otwarcia rachunku bankowego w Polsce 2019. Us\u0142ugi i pomoc Global Jobs. Jak otworzy\u0107 rachunek bankowy?","og_description":"Otwarcia rachunk\u00f3w w bankach w Polsce - us\u0142ugi i pomoc firmy Global Jobs. Otwarcia rachunku bankowego w Polsce w 2019 r. Jak? Jaka cena? Jakie dokumenty?","og_url":"https:\/\/dev3.crm4u.biz\/pl\/otwieranie-rachunkow-bankowych-w-polsce\/","og_site_name":"GLOBAL JOBS","article_modified_time":"2021-06-29T14:24:04+00:00","og_image":[{"width":201,"height":201,"url":"https:\/\/dev3.crm4u.biz\/wp-content\/uploads\/2019\/07\/logo-ss-pl.jpg","type":"image\/jpeg"}],"twitter_card":"summary","twitter_title":"Otwarcia rachunku bankowego w Polsce 2019. Us\u0142ugi i pomoc Global Jobs. Jak otworzy\u0107 rachunek bankowy?","twitter_description":"Otwarcia rachunk\u00f3w w bankach w Polsce - us\u0142ugi i pomoc firmy Global Jobs. Otwarcia rachunku bankowego w Polsce w 2019 r. Jak? Jaka cena? Jakie dokumenty?","twitter_image":"https:\/\/dev3.crm4u.biz\/wp-content\/uploads\/2019\/07\/logo-ss-pl.jpg","twitter_misc":{"Szacowany czas czytania":"6 minut"},"schema":{"@context":"https:\/\/schema.org","@graph":[{"@type":"WebPage","@id":"https:\/\/dev3.crm4u.biz\/pl\/otwieranie-rachunkow-bankowych-w-polsce\/","url":"https:\/\/dev3.crm4u.biz\/pl\/otwieranie-rachunkow-bankowych-w-polsce\/","name":"Otwarcia rachunku bankowego w Polsce. Us\u0142ugi i pomoc Global Jobs. Jak otworzy\u0107 rachunek bankowy?","isPartOf":{"@id":"https:\/\/dev3.crm4u.biz\/#website"},"datePublished":"2018-02-18T12:56:06+00:00","dateModified":"2021-06-29T14:24:04+00:00","description":"Otwarcia rachunk\u00f3w w bankach w Polsce - us\u0142ugi i pomoc firmy Global Jobs. Otwarcia rachunku bankowego w Polsce. Jak? Jaka cena? Jakie dokumenty?","breadcrumb":{"@id":"https:\/\/dev3.crm4u.biz\/pl\/otwieranie-rachunkow-bankowych-w-polsce\/#breadcrumb"},"inLanguage":"pl-PL","potentialAction":[{"@type":"ReadAction","target":["https:\/\/dev3.crm4u.biz\/pl\/otwieranie-rachunkow-bankowych-w-polsce\/"]}]},{"@type":"BreadcrumbList","@id":"https:\/\/dev3.crm4u.biz\/pl\/otwieranie-rachunkow-bankowych-w-polsce\/#breadcrumb","itemListElement":[{"@type":"ListItem","position":1,"name":"\u0413\u043b\u0430\u0432\u043d\u0430\u044f \u0441\u0442\u0440\u0430\u043d\u0438\u0446\u0430","item":"https:\/\/dev3.crm4u.biz\/pl\/"},{"@type":"ListItem","position":2,"name":"Otwieranie rachunk\u00f3w bankowych w Polsce"}]},{"@type":"WebSite","@id":"https:\/\/dev3.crm4u.biz\/#website","url":"https:\/\/dev3.crm4u.biz\/","name":"GLOBAL JOBS","description":"GLOBAL JOBS","publisher":{"@id":"https:\/\/dev3.crm4u.biz\/#organization"},"potentialAction":[{"@type":"SearchAction","target":{"@type":"EntryPoint","urlTemplate":"https:\/\/dev3.crm4u.biz\/?s={search_term_string}"},"query-input":"required name=search_term_string"}],"inLanguage":"pl-PL"},{"@type":"Organization","@id":"https:\/\/dev3.crm4u.biz\/#organization","name":"Global Jobs","url":"https:\/\/dev3.crm4u.biz\/","sameAs":[],"logo":{"@type":"ImageObject","inLanguage":"pl-PL","@id":"https:\/\/dev3.crm4u.biz\/#\/schema\/logo\/image\/","url":"https:\/\/dev3.crm4u.biz\/wp-content\/uploads\/2018\/01\/logo-gl.png","contentUrl":"https:\/\/dev3.crm4u.biz\/wp-content\/uploads\/2018\/01\/logo-gl.png","width":201,"height":61,"caption":"Global Jobs"},"image":{"@id":"https:\/\/dev3.crm4u.biz\/#\/schema\/logo\/image\/"}}]}},"_links":{"self":[{"href":"https:\/\/dev3.crm4u.biz\/pl\/wp-json\/wp\/v2\/pages\/966"}],"collection":[{"href":"https:\/\/dev3.crm4u.biz\/pl\/wp-json\/wp\/v2\/pages"}],"about":[{"href":"https:\/\/dev3.crm4u.biz\/pl\/wp-json\/wp\/v2\/types\/page"}],"author":[{"embeddable":true,"href":"https:\/\/dev3.crm4u.biz\/pl\/wp-json\/wp\/v2\/users\/2"}],"replies":[{"embeddable":true,"href":"https:\/\/dev3.crm4u.biz\/pl\/wp-json\/wp\/v2\/comments?post=966"}],"version-history":[{"count":3,"href":"https:\/\/dev3.crm4u.biz\/pl\/wp-json\/wp\/v2\/pages\/966\/revisions"}],"predecessor-version":[{"id":3361,"href":"https:\/\/dev3.crm4u.biz\/pl\/wp-json\/wp\/v2\/pages\/966\/revisions\/3361"}],"wp:featuredmedia":[{"embeddable":true,"href":"https:\/\/dev3.crm4u.biz\/pl\/wp-json\/wp\/v2\/media\/1522"}],"wp:attachment":[{"href":"https:\/\/dev3.crm4u.biz\/pl\/wp-json\/wp\/v2\/media?parent=966"}],"curies":[{"name":"wp","href":"https:\/\/api.w.org\/{rel}","templated":true}]}}