{"id":1088,"date":"2018-02-21T16:20:14","date_gmt":"2018-02-21T13:20:14","guid":{"rendered":"https:\/\/globaljobs.pl\/?page_id=1088"},"modified":"2020-12-10T17:51:30","modified_gmt":"2020-12-10T14:51:30","slug":"kontakt","status":"publish","type":"page","link":"https:\/\/dev3.crm4u.biz\/pl\/kontakt\/","title":{"rendered":"Kontakt"},"content":{"rendered":"<p>[vc_row css=&#8221;.vc_custom_1515065211284{margin-top: 20px !important;margin-bottom: 40px !important;}&#8221;][vc_column][vc_column_text]<\/p>\n<h2 style=\"text-align: center;\">Kontakt<\/h2>\n<p>[\/vc_column_text][\/vc_column][\/vc_row][vc_row][vc_column width=&#8221;1\/3&#8243;][vc_column_text css_animation=&#8221;bottom-to-top&#8221;]<\/p>\n<h4 class=\"content-box-heading\" style=\"text-align: left;\" data-inline-fontsize=\"true\" data-inline-lineheight=\"true\" data-fontsize=\"16\" data-lineheight=\"28\"><strong><img class=\"alignleft size-full wp-image-177\" src=\"https:\/\/dev3.crm4u.biz\/wp-content\/uploads\/2018\/01\/icon-tel-2.png\" alt=\"\" width=\"48\" height=\"48\" \/>Telefon: <\/strong><\/h4>\n<p>&nbsp;<\/p>\n<p><a href=\"tel:48223784928\">+48 223 784 928 (Polska)<\/a><br \/>\n<a href=\"tel:380947112048\"> \u200e+38 094 711 20 48 (Ukraina)<\/a><br \/>\n<a href=\"tel:74993227250\"> \u200e\u200e+7 499 322 72 50 (Federacja Rosyjska)<\/a>[\/vc_column_text][\/vc_column][vc_column width=&#8221;1\/3&#8243;][vc_column_text css_animation=&#8221;bottom-to-top&#8221;]<\/p>\n<h4 class=\"content-box-heading\" style=\"text-align: left;\" data-inline-fontsize=\"true\" data-inline-lineheight=\"true\" data-fontsize=\"16\" data-lineheight=\"28\"><strong><img class=\"alignleft size-full wp-image-190\" src=\"https:\/\/dev3.crm4u.biz\/wp-content\/uploads\/2018\/01\/icon-email.png\" alt=\"\" width=\"48\" height=\"48\" \/>E-mail: <\/strong><\/h4>\n<p>&nbsp;<\/p>\n<p>info@globaljobs.pl[\/vc_column_text][\/vc_column][vc_column width=&#8221;1\/3&#8243;][vc_column_text css_animation=&#8221;bottom-to-top&#8221;]<\/p>\n<h4 class=\"content-box-heading\" style=\"text-align: left;\" data-inline-fontsize=\"true\" data-inline-lineheight=\"true\" data-fontsize=\"16\" data-lineheight=\"28\"><strong><img class=\"alignleft size-full wp-image-191\" src=\"https:\/\/dev3.crm4u.biz\/wp-content\/uploads\/2018\/01\/icon-address.png\" alt=\"\" width=\"48\" height=\"48\" \/>Adres:<\/strong><\/h4>\n<p>&nbsp;<\/p>\n<p>Pa\u0144ska 7\/42,<br \/>\n00-124 Warszawa[\/vc_column_text][\/vc_column][\/vc_row][vc_row css=&#8221;.vc_custom_1515067945007{margin-top: 30px !important;margin-bottom: 30px !important;}&#8221;][vc_column][vc_column_text]<\/p>\n<h3 style=\"text-align: center;\">Kontaktujcie si\u0119 z nami!<\/h3>\n<p style=\"text-align: center;\"><strong>Nasi specjali\u015bci zawsze gotowi s\u0105 do wsp\u00f3\u0142pracy i pomog\u0105 ci rozpocz\u0105\u0107 nowe \u017cycie w nowym kraju!<\/strong><\/p>\n<p>[\/vc_column_text][\/vc_column][\/vc_row][vc_row][vc_column width=&#8221;1\/4&#8243;][vc_column_text]<a href=\"https:\/\/dev3.crm4u.biz\/wp-content\/uploads\/2018\/02\/galina-pr.jpg\" target=\"_blank\" rel=\"noopener noreferrer\"><img class=\"aligncenter wp-image-842 size-medium\" src=\"https:\/\/dev3.crm4u.biz\/wp-content\/uploads\/2018\/02\/galina-pr-289x300.jpg\" alt=\"\" width=\"289\" height=\"300\" srcset=\"https:\/\/dev3.crm4u.biz\/wp-content\/uploads\/2018\/02\/galina-pr-200x208.jpg 200w, https:\/\/dev3.crm4u.biz\/wp-content\/uploads\/2018\/02\/galina-pr-289x300.jpg 289w, https:\/\/dev3.crm4u.biz\/wp-content\/uploads\/2018\/02\/galina-pr-400x416.jpg 400w, https:\/\/dev3.crm4u.biz\/wp-content\/uploads\/2018\/02\/galina-pr-600x623.jpg 600w, https:\/\/dev3.crm4u.biz\/wp-content\/uploads\/2018\/02\/galina-pr-768x798.jpg 768w, https:\/\/dev3.crm4u.biz\/wp-content\/uploads\/2018\/02\/galina-pr-800x831.jpg 800w, https:\/\/dev3.crm4u.biz\/wp-content\/uploads\/2018\/02\/galina-pr-986x1024.jpg 986w, https:\/\/dev3.crm4u.biz\/wp-content\/uploads\/2018\/02\/galina-pr.jpg 1000w\" sizes=\"(max-width: 289px) 100vw, 289px\" \/><\/a>[\/vc_column_text][vc_column_text]<\/p>\n<h6 style=\"text-align: center;\">Halyna Bobovska<\/h6>\n<p style=\"text-align: center;\"><strong>Prezes Zarz\u0105du<\/strong><\/p>\n<p style=\"text-align: center;\">tel. + 48 722 722 365\u00a0\u00a0<img class=\"alignnone wp-image-723\" src=\"https:\/\/dev3.crm4u.biz\/wp-content\/uploads\/2018\/01\/viber6.png\" alt=\"\" width=\"23\" height=\"23\" \/><br \/>\ne-mail: halyna.bobovska@globaljobs.pl<\/p>\n<p>[\/vc_column_text][\/vc_column][vc_column width=&#8221;1\/4&#8243;][vc_column_text css_animation=&#8221;none&#8221;]<a href=\"https:\/\/dev3.crm4u.biz\/wp-content\/uploads\/2018\/01\/2svetlana.jpg\" target=\"_blank\" rel=\"noopener noreferrer\"><img class=\"aligncenter wp-image-195 size-medium\" src=\"https:\/\/dev3.crm4u.biz\/wp-content\/uploads\/2018\/01\/2svetlana-289x300.jpg\" alt=\"\" width=\"289\" height=\"300\" srcset=\"https:\/\/dev3.crm4u.biz\/wp-content\/uploads\/2018\/01\/2svetlana-200x208.jpg 200w, https:\/\/dev3.crm4u.biz\/wp-content\/uploads\/2018\/01\/2svetlana-289x300.jpg 289w, https:\/\/dev3.crm4u.biz\/wp-content\/uploads\/2018\/01\/2svetlana-400x416.jpg 400w, https:\/\/dev3.crm4u.biz\/wp-content\/uploads\/2018\/01\/2svetlana-600x623.jpg 600w, https:\/\/dev3.crm4u.biz\/wp-content\/uploads\/2018\/01\/2svetlana-768x798.jpg 768w, https:\/\/dev3.crm4u.biz\/wp-content\/uploads\/2018\/01\/2svetlana-800x831.jpg 800w, https:\/\/dev3.crm4u.biz\/wp-content\/uploads\/2018\/01\/2svetlana-986x1024.jpg 986w, https:\/\/dev3.crm4u.biz\/wp-content\/uploads\/2018\/01\/2svetlana.jpg 1000w\" sizes=\"(max-width: 289px) 100vw, 289px\" \/><\/a>[\/vc_column_text][vc_column_text]<\/p>\n<h6 style=\"text-align: center;\">Svitlana Babinets<\/h6>\n<p style=\"text-align: center;\"><strong>Dyrektor<\/strong><\/p>\n<p style=\"text-align: center;\">tel. + 48 88 999 22 18\u00a0 \u00a0<img class=\"alignnone wp-image-723 \" src=\"https:\/\/dev3.crm4u.biz\/wp-content\/uploads\/2018\/01\/viber6.png\" alt=\"\" width=\"23\" height=\"23\" \/><br \/>\ne-mail: svitlana.babinets@globaljobs.pl<\/p>\n<p>[\/vc_column_text][\/vc_column][vc_column width=&#8221;1\/4&#8243;][vc_column_text css_animation=&#8221;none&#8221;]<a href=\"https:\/\/dev3.crm4u.biz\/wp-content\/uploads\/2018\/02\/Irina-Saikina-bukh.jpg\" target=\"_blank\" rel=\"noopener noreferrer\"><img class=\"aligncenter wp-image-843 size-medium\" src=\"https:\/\/dev3.crm4u.biz\/wp-content\/uploads\/2018\/02\/Irina-Saikina-bukh-289x300.jpg\" alt=\"\" width=\"289\" height=\"300\" srcset=\"https:\/\/dev3.crm4u.biz\/wp-content\/uploads\/2018\/02\/Irina-Saikina-bukh-200x208.jpg 200w, https:\/\/dev3.crm4u.biz\/wp-content\/uploads\/2018\/02\/Irina-Saikina-bukh-289x300.jpg 289w, https:\/\/dev3.crm4u.biz\/wp-content\/uploads\/2018\/02\/Irina-Saikina-bukh-400x416.jpg 400w, https:\/\/dev3.crm4u.biz\/wp-content\/uploads\/2018\/02\/Irina-Saikina-bukh-600x623.jpg 600w, https:\/\/dev3.crm4u.biz\/wp-content\/uploads\/2018\/02\/Irina-Saikina-bukh-768x798.jpg 768w, https:\/\/dev3.crm4u.biz\/wp-content\/uploads\/2018\/02\/Irina-Saikina-bukh-800x831.jpg 800w, https:\/\/dev3.crm4u.biz\/wp-content\/uploads\/2018\/02\/Irina-Saikina-bukh-986x1024.jpg 986w, https:\/\/dev3.crm4u.biz\/wp-content\/uploads\/2018\/02\/Irina-Saikina-bukh.jpg 1000w\" sizes=\"(max-width: 289px) 100vw, 289px\" \/><\/a>[\/vc_column_text][vc_column_text]<\/p>\n<h6 style=\"text-align: center;\">Iryna Saikina<\/h6>\n<p style=\"text-align: center;\"><strong>G\u0142\u00f3wna ksi\u0119gowa<\/strong><\/p>\n<p style=\"text-align: center;\">tel. + 48 730 165 094\u00a0 \u00a0<img class=\"alignnone wp-image-723\" src=\"https:\/\/dev3.crm4u.biz\/wp-content\/uploads\/2018\/01\/viber6.png\" alt=\"\" width=\"23\" height=\"23\" \/><br \/>\ne-mail: info@unitgroup.pl<\/p>\n<p>[\/vc_column_text][\/vc_column][vc_column width=&#8221;1\/4&#8243;][vc_column_text]<a href=\"https:\/\/dev3.crm4u.biz\/wp-content\/uploads\/2018\/02\/Mariia-semchyshyn-m.jpg\" target=\"_blank\" rel=\"noopener noreferrer\"><img class=\"aligncenter wp-image-844 size-medium\" src=\"https:\/\/dev3.crm4u.biz\/wp-content\/uploads\/2018\/02\/Mariia-semchyshyn-m-289x300.jpg\" alt=\"\" width=\"289\" height=\"300\" srcset=\"https:\/\/dev3.crm4u.biz\/wp-content\/uploads\/2018\/02\/Mariia-semchyshyn-m-200x208.jpg 200w, https:\/\/dev3.crm4u.biz\/wp-content\/uploads\/2018\/02\/Mariia-semchyshyn-m-289x300.jpg 289w, https:\/\/dev3.crm4u.biz\/wp-content\/uploads\/2018\/02\/Mariia-semchyshyn-m-400x416.jpg 400w, https:\/\/dev3.crm4u.biz\/wp-content\/uploads\/2018\/02\/Mariia-semchyshyn-m-600x623.jpg 600w, https:\/\/dev3.crm4u.biz\/wp-content\/uploads\/2018\/02\/Mariia-semchyshyn-m-768x798.jpg 768w, https:\/\/dev3.crm4u.biz\/wp-content\/uploads\/2018\/02\/Mariia-semchyshyn-m-800x831.jpg 800w, https:\/\/dev3.crm4u.biz\/wp-content\/uploads\/2018\/02\/Mariia-semchyshyn-m-986x1024.jpg 986w, https:\/\/dev3.crm4u.biz\/wp-content\/uploads\/2018\/02\/Mariia-semchyshyn-m.jpg 1000w\" sizes=\"(max-width: 289px) 100vw, 289px\" \/><\/a>[\/vc_column_text][vc_column_text]<\/p>\n<h6 style=\"text-align: center;\">Mariia Semchyshyn<\/h6>\n<p style=\"text-align: center;\"><strong>Menad\u017cer<\/strong><\/p>\n<p style=\"text-align: center;\">tel. + 48 727 891 337\u00a0 \u00a0<img class=\"alignnone wp-image-723\" src=\"https:\/\/dev3.crm4u.biz\/wp-content\/uploads\/2018\/01\/viber6.png\" alt=\"\" width=\"23\" height=\"23\" \/><br \/>\ne-mail: mariia.semchyshyn@globaljobs.pl<\/p>\n<p>[\/vc_column_text][\/vc_column][\/vc_row][vc_row css=&#8221;.vc_custom_1518537312150{margin-top: 40px !important;}&#8221;][vc_column][vc_column_text]<\/p>\n<h3 style=\"text-align: center;\">Nasz adres:<\/h3>\n<p>[\/vc_column_text][\/vc_column][\/vc_row][vc_row][vc_column width=&#8221;1\/2&#8243;][vc_gmaps link=&#8221;#E-8_JTNDaWZyYW1lJTIwc3JjJTNEJTIyaHR0cHMlM0ElMkYlMkZ3d3cuZ29vZ2xlLmNvbSUyRm1hcHMlMkZlbWJlZCUzRnBiJTNEJTIxMW0xNCUyMTFtOCUyMTFtMyUyMTFkMjQ0My41MDIwNzQ1NDA4NTQ3JTIxMmQyMS4wMDIzNjg3JTIxM2Q1Mi4yMzQyNjM2JTIxM20yJTIxMWkxMDI0JTIxMmk3NjglMjE0ZjEzLjElMjEzbTMlMjExbTIlMjExczB4MCUyNTNBMHhjMDkzZTQ3NjI3MzAxNmNmJTIxMnNHbG9iYWwlMjUyMEpvYnMlMjE1ZTAlMjEzbTIlMjExc3BsJTIxMnNzYSUyMTR2MTYwNzYwOTYwMjY2OSUyMTVtMiUyMTFzcGwlMjEyc3NhJTIyJTIwd2lkdGglM0QlMjI2MDAlMjIlMjBoZWlnaHQlM0QlMjI0NTAlMjIlMjBmcmFtZWJvcmRlciUzRCUyMjAlMjIlMjBzdHlsZSUzRCUyMmJvcmRlciUzQTAlM0IlMjIlMjBhbGxvd2Z1bGxzY3JlZW4lM0QlMjIlMjIlMjBhcmlhLWhpZGRlbiUzRCUyMmZhbHNlJTIyJTIwdGFiaW5kZXglM0QlMjIwJTIyJTNFJTNDJTJGaWZyYW1lJTNF&#8221; size=&#8221;380&#8243;][\/vc_column][vc_column width=&#8221;1\/2&#8243;][vc_column_text]<\/p>\n<h6><strong>Dojazd<\/strong><\/h6>\n<p>Dworzec Centralny \u2013 oko\u0142o 10 min pieszo<\/p>\n<p><strong>Dworzec Zachodni:<\/strong><\/p>\n<ol>\n<li>autobusy 127 i 158 dojazd do przystanku \u201eCentrum\u201d (oko\u0142o 15 min), nast\u0119pnie oko\u0142o 5 min pieszo.<\/li>\n<li>autobusy 182 lub 521 dojazd do przystanku \u201eMetro Politechnika\u201d, nast\u0119pnie metrem do stacji \u201e\u015awi\u0119tokrzyska\u201d (2 stacje w kierunku M\u0142ociny) i 2 min pieszo.<\/li>\n<\/ol>\n<p><strong>Lotnisko Chopina:<\/strong><\/p>\n<ol>\n<li>autobus 175 dojazd do przystanku \u201eCentrum\u201d (oko\u0142o 15 min), nast\u0119pnie oko\u0142o 5 min pieszo.<\/li>\n<li>autobus 188 dojazd do przystanku \u201eMetro Politechnika\u201d (oko\u0142o 25 min), nast\u0119pnie metrem do stacji \u201e\u015awi\u0119tokrzyska\u201d (2 stacje w kierunku M\u0142ociny) i 2 min pieszo.<\/li>\n<li>kolej miejska S2 dojazd do stacji Warszawa-\u015ar\u00f3dmie\u015bcie (oko\u0142o 25 min), nast\u0119pnie pieszo oko\u0142o 5 min.<\/li>\n<\/ol>\n<p>[\/vc_column_text][\/vc_column][\/vc_row][vc_row css=&#8221;.vc_custom_1515067893998{margin-top: 30px !important;}&#8221;][vc_column][vc_column_text]<\/p>\n<h6><strong>Zostaw swoje dane kontaktowe, a my skontaktujemy si\u0119 z tob\u0105 tak szybko, jak to tylko mo\u017cliwe!<\/strong><\/h6>\n<p>[\/vc_column_text][\/vc_column][\/vc_row][vc_row][vc_column]<div role=\"form\" class=\"wpcf7\" id=\"wpcf7-f915-o1\" lang=\"ru-RU\" dir=\"ltr\">\n<div class=\"screen-reader-response\"><p role=\"status\" aria-live=\"polite\" aria-atomic=\"true\"><\/p> <ul><\/ul><\/div>\n<form action=\"\/pl\/wp-json\/wp\/v2\/pages\/1088#wpcf7-f915-o1\" method=\"post\" class=\"wpcf7-form init\" novalidate=\"novalidate\" data-status=\"init\">\n<div style=\"display: none;\">\n<input type=\"hidden\" name=\"_wpcf7\" value=\"915\" \/>\n<input type=\"hidden\" name=\"_wpcf7_version\" value=\"5.6.2\" \/>\n<input type=\"hidden\" name=\"_wpcf7_locale\" value=\"ru_RU\" \/>\n<input type=\"hidden\" name=\"_wpcf7_unit_tag\" value=\"wpcf7-f915-o1\" \/>\n<input type=\"hidden\" name=\"_wpcf7_container_post\" value=\"0\" \/>\n<input type=\"hidden\" name=\"_wpcf7_posted_data_hash\" value=\"\" \/>\n<input type=\"hidden\" name=\"_wpcf7_recaptcha_response\" value=\"\" \/>\n<\/div>\n<p><label><span class=\"wpcf7-form-control-wrap\" data-name=\"text-571\"><input type=\"text\" name=\"text-571\" value=\"\" size=\"40\" class=\"wpcf7-form-control wpcf7-text wpcf7-validates-as-required your-f\" id=\"your-name\" aria-required=\"true\" aria-invalid=\"false\" placeholder=\"Twoje Imi\u0119, nazwisko\" \/><\/span><\/label><br \/>\n<label><span class=\"wpcf7-form-control-wrap\" data-name=\"tel-315\"><input type=\"tel\" name=\"tel-315\" value=\"\" size=\"40\" class=\"wpcf7-form-control wpcf7-text wpcf7-tel wpcf7-validates-as-required wpcf7-validates-as-tel your-f\" id=\"your-phon\" aria-required=\"true\" aria-invalid=\"false\" placeholder=\"Tw\u00f3j numer telefonu\" \/><\/span><\/label><br \/>\n<label><span class=\"wpcf7-form-control-wrap\" data-name=\"email-485\"><input type=\"email\" name=\"email-485\" value=\"\" size=\"40\" class=\"wpcf7-form-control wpcf7-text wpcf7-email wpcf7-validates-as-email your-f\" id=\"your-email\" aria-invalid=\"false\" placeholder=\"Twoja poczta\" \/><\/span><\/label><br \/>\n<label><span class=\"wpcf7-form-control-wrap\" data-name=\"text-577\"><input type=\"text\" name=\"text-577\" value=\"\" size=\"40\" class=\"wpcf7-form-control wpcf7-text wpcf7-validates-as-required your-f\" id=\"your-comment\" aria-required=\"true\" aria-invalid=\"false\" placeholder=\"Komentarz\" \/><\/span><\/label><br \/>\n<label><input type=\"submit\" value=\"Wy\u015blij\" class=\"wpcf7-form-control has-spinner wpcf7-submit your-f\" id=\"your-but\" \/><\/label><\/p>\n<div class=\"fusion-alert alert custom alert-custom fusion-alert-center wpcf7-response-output alert-dismissable\" role=\"alert\" style=\"border-width:1px;\"><div class=\"fusion-alert-content-wrapper\"><span class=\"fusion-alert-content\"><\/span><\/div><button type=\"button\" class=\"close toggle-alert\" data-dismiss=\"alert\" aria-label=\"Close\">&times;<\/button><\/div><\/form><\/div>[\/vc_column][\/vc_row]<\/p>\n","protected":false},"excerpt":{"rendered":"<p> [&hellip;]<\/p>\n","protected":false},"author":2,"featured_media":0,"parent":0,"menu_order":0,"comment_status":"closed","ping_status":"closed","template":"","meta":[],"yoast_head":"<!-- This site is optimized with the Yoast SEO plugin v19.5.1 - https:\/\/yoast.com\/wordpress\/plugins\/seo\/ -->\n<title>Kontakty w Polsce. Znajd\u017a kontakty partner\u00f3w i pomoc w Polsce.<\/title>\n<meta name=\"description\" content=\"Numery telefon\u00f3w i adresy kontaktowe w Polsce. Szukasz nas! Nasi eksperci s\u0105 zawsze gotowi do wsp\u00f3\u0142pracy i pomagaj\u0105 rozpocz\u0105\u0107 nowe \u017cycie w nowym kraju!\" \/>\n<meta name=\"robots\" content=\"index, follow, max-snippet:-1, max-image-preview:large, max-video-preview:-1\" \/>\n<link rel=\"canonical\" href=\"https:\/\/dev3.crm4u.biz\/pl\/kontakt\/\" \/>\n<meta property=\"og:locale\" content=\"pl_PL\" \/>\n<meta property=\"og:type\" content=\"article\" \/>\n<meta property=\"og:title\" content=\"Kontakty w Polsce. Znajd\u017a kontakty partner\u00f3w i pomoc w Polsce.\" \/>\n<meta property=\"og:description\" content=\"Numery telefon\u00f3w i adresy kontaktowe w Polsce. Szukasz nas! Nasi eksperci s\u0105 zawsze gotowi do wsp\u00f3\u0142pracy i pomagaj\u0105 rozpocz\u0105\u0107 nowe \u017cycie w nowym kraju!\" \/>\n<meta property=\"og:url\" content=\"https:\/\/dev3.crm4u.biz\/pl\/kontakt\/\" \/>\n<meta property=\"og:site_name\" content=\"GLOBAL JOBS\" \/>\n<meta property=\"article:modified_time\" content=\"2020-12-10T14:51:30+00:00\" \/>\n<meta property=\"og:image\" content=\"https:\/\/dev3.crm4u.biz\/wp-content\/uploads\/2019\/07\/logo-ss-pl.jpg\" \/>\n\t<meta property=\"og:image:width\" content=\"201\" \/>\n\t<meta property=\"og:image:height\" content=\"201\" \/>\n\t<meta property=\"og:image:type\" content=\"image\/jpeg\" \/>\n<meta name=\"twitter:card\" content=\"summary\" \/>\n<meta name=\"twitter:title\" content=\"Kontakty w Polsce. Znajd\u017a kontakty partner\u00f3w i pomoc w Polsce.\" \/>\n<meta name=\"twitter:description\" content=\"Numery telefon\u00f3w i adresy kontaktowe w Polsce. Szukasz nas! Nasi eksperci s\u0105 zawsze gotowi do wsp\u00f3\u0142pracy i pomagaj\u0105 rozpocz\u0105\u0107 nowe \u017cycie w nowym kraju!\" \/>\n<meta name=\"twitter:image\" content=\"https:\/\/dev3.crm4u.biz\/wp-content\/uploads\/2019\/07\/logo-ss-pl.jpg\" \/>\n<meta name=\"twitter:label1\" content=\"Szacowany czas czytania\" \/>\n\t<meta name=\"twitter:data1\" content=\"2 minuty\" \/>\n<script type=\"application\/ld+json\" class=\"yoast-schema-graph\">{\"@context\":\"https:\/\/schema.org\",\"@graph\":[{\"@type\":\"WebPage\",\"@id\":\"https:\/\/dev3.crm4u.biz\/pl\/kontakt\/\",\"url\":\"https:\/\/dev3.crm4u.biz\/pl\/kontakt\/\",\"name\":\"Kontakty w Polsce. Znajd\u017a kontakty partner\u00f3w i pomoc w Polsce.\",\"isPartOf\":{\"@id\":\"https:\/\/dev3.crm4u.biz\/#website\"},\"datePublished\":\"2018-02-21T13:20:14+00:00\",\"dateModified\":\"2020-12-10T14:51:30+00:00\",\"description\":\"Numery telefon\u00f3w i adresy kontaktowe w Polsce. Szukasz nas! Nasi eksperci s\u0105 zawsze gotowi do wsp\u00f3\u0142pracy i pomagaj\u0105 rozpocz\u0105\u0107 nowe \u017cycie w nowym kraju!\",\"breadcrumb\":{\"@id\":\"https:\/\/dev3.crm4u.biz\/pl\/kontakt\/#breadcrumb\"},\"inLanguage\":\"pl-PL\",\"potentialAction\":[{\"@type\":\"ReadAction\",\"target\":[\"https:\/\/dev3.crm4u.biz\/pl\/kontakt\/\"]}]},{\"@type\":\"BreadcrumbList\",\"@id\":\"https:\/\/dev3.crm4u.biz\/pl\/kontakt\/#breadcrumb\",\"itemListElement\":[{\"@type\":\"ListItem\",\"position\":1,\"name\":\"\u0413\u043b\u0430\u0432\u043d\u0430\u044f \u0441\u0442\u0440\u0430\u043d\u0438\u0446\u0430\",\"item\":\"https:\/\/dev3.crm4u.biz\/pl\/\"},{\"@type\":\"ListItem\",\"position\":2,\"name\":\"Kontakt\"}]},{\"@type\":\"WebSite\",\"@id\":\"https:\/\/dev3.crm4u.biz\/#website\",\"url\":\"https:\/\/dev3.crm4u.biz\/\",\"name\":\"GLOBAL JOBS\",\"description\":\"GLOBAL JOBS\",\"publisher\":{\"@id\":\"https:\/\/dev3.crm4u.biz\/#organization\"},\"potentialAction\":[{\"@type\":\"SearchAction\",\"target\":{\"@type\":\"EntryPoint\",\"urlTemplate\":\"https:\/\/dev3.crm4u.biz\/?s={search_term_string}\"},\"query-input\":\"required name=search_term_string\"}],\"inLanguage\":\"pl-PL\"},{\"@type\":\"Organization\",\"@id\":\"https:\/\/dev3.crm4u.biz\/#organization\",\"name\":\"Global Jobs\",\"url\":\"https:\/\/dev3.crm4u.biz\/\",\"sameAs\":[],\"logo\":{\"@type\":\"ImageObject\",\"inLanguage\":\"pl-PL\",\"@id\":\"https:\/\/dev3.crm4u.biz\/#\/schema\/logo\/image\/\",\"url\":\"https:\/\/dev3.crm4u.biz\/wp-content\/uploads\/2018\/01\/logo-gl.png\",\"contentUrl\":\"https:\/\/dev3.crm4u.biz\/wp-content\/uploads\/2018\/01\/logo-gl.png\",\"width\":201,\"height\":61,\"caption\":\"Global Jobs\"},\"image\":{\"@id\":\"https:\/\/dev3.crm4u.biz\/#\/schema\/logo\/image\/\"}}]}<\/script>\n<!-- \/ Yoast SEO plugin. -->","yoast_head_json":{"title":"Kontakty w Polsce. Znajd\u017a kontakty partner\u00f3w i pomoc w Polsce.","description":"Numery telefon\u00f3w i adresy kontaktowe w Polsce. Szukasz nas! Nasi eksperci s\u0105 zawsze gotowi do wsp\u00f3\u0142pracy i pomagaj\u0105 rozpocz\u0105\u0107 nowe \u017cycie w nowym kraju!","robots":{"index":"index","follow":"follow","max-snippet":"max-snippet:-1","max-image-preview":"max-image-preview:large","max-video-preview":"max-video-preview:-1"},"canonical":"https:\/\/dev3.crm4u.biz\/pl\/kontakt\/","og_locale":"pl_PL","og_type":"article","og_title":"Kontakty w Polsce. Znajd\u017a kontakty partner\u00f3w i pomoc w Polsce.","og_description":"Numery telefon\u00f3w i adresy kontaktowe w Polsce. Szukasz nas! Nasi eksperci s\u0105 zawsze gotowi do wsp\u00f3\u0142pracy i pomagaj\u0105 rozpocz\u0105\u0107 nowe \u017cycie w nowym kraju!","og_url":"https:\/\/dev3.crm4u.biz\/pl\/kontakt\/","og_site_name":"GLOBAL JOBS","article_modified_time":"2020-12-10T14:51:30+00:00","og_image":[{"width":201,"height":201,"url":"https:\/\/dev3.crm4u.biz\/wp-content\/uploads\/2019\/07\/logo-ss-pl.jpg","type":"image\/jpeg"}],"twitter_card":"summary","twitter_title":"Kontakty w Polsce. Znajd\u017a kontakty partner\u00f3w i pomoc w Polsce.","twitter_description":"Numery telefon\u00f3w i adresy kontaktowe w Polsce. Szukasz nas! Nasi eksperci s\u0105 zawsze gotowi do wsp\u00f3\u0142pracy i pomagaj\u0105 rozpocz\u0105\u0107 nowe \u017cycie w nowym kraju!","twitter_image":"https:\/\/dev3.crm4u.biz\/wp-content\/uploads\/2019\/07\/logo-ss-pl.jpg","twitter_misc":{"Szacowany czas czytania":"2 minuty"},"schema":{"@context":"https:\/\/schema.org","@graph":[{"@type":"WebPage","@id":"https:\/\/dev3.crm4u.biz\/pl\/kontakt\/","url":"https:\/\/dev3.crm4u.biz\/pl\/kontakt\/","name":"Kontakty w Polsce. Znajd\u017a kontakty partner\u00f3w i pomoc w Polsce.","isPartOf":{"@id":"https:\/\/dev3.crm4u.biz\/#website"},"datePublished":"2018-02-21T13:20:14+00:00","dateModified":"2020-12-10T14:51:30+00:00","description":"Numery telefon\u00f3w i adresy kontaktowe w Polsce. Szukasz nas! Nasi eksperci s\u0105 zawsze gotowi do wsp\u00f3\u0142pracy i pomagaj\u0105 rozpocz\u0105\u0107 nowe \u017cycie w nowym kraju!","breadcrumb":{"@id":"https:\/\/dev3.crm4u.biz\/pl\/kontakt\/#breadcrumb"},"inLanguage":"pl-PL","potentialAction":[{"@type":"ReadAction","target":["https:\/\/dev3.crm4u.biz\/pl\/kontakt\/"]}]},{"@type":"BreadcrumbList","@id":"https:\/\/dev3.crm4u.biz\/pl\/kontakt\/#breadcrumb","itemListElement":[{"@type":"ListItem","position":1,"name":"\u0413\u043b\u0430\u0432\u043d\u0430\u044f \u0441\u0442\u0440\u0430\u043d\u0438\u0446\u0430","item":"https:\/\/dev3.crm4u.biz\/pl\/"},{"@type":"ListItem","position":2,"name":"Kontakt"}]},{"@type":"WebSite","@id":"https:\/\/dev3.crm4u.biz\/#website","url":"https:\/\/dev3.crm4u.biz\/","name":"GLOBAL JOBS","description":"GLOBAL JOBS","publisher":{"@id":"https:\/\/dev3.crm4u.biz\/#organization"},"potentialAction":[{"@type":"SearchAction","target":{"@type":"EntryPoint","urlTemplate":"https:\/\/dev3.crm4u.biz\/?s={search_term_string}"},"query-input":"required name=search_term_string"}],"inLanguage":"pl-PL"},{"@type":"Organization","@id":"https:\/\/dev3.crm4u.biz\/#organization","name":"Global Jobs","url":"https:\/\/dev3.crm4u.biz\/","sameAs":[],"logo":{"@type":"ImageObject","inLanguage":"pl-PL","@id":"https:\/\/dev3.crm4u.biz\/#\/schema\/logo\/image\/","url":"https:\/\/dev3.crm4u.biz\/wp-content\/uploads\/2018\/01\/logo-gl.png","contentUrl":"https:\/\/dev3.crm4u.biz\/wp-content\/uploads\/2018\/01\/logo-gl.png","width":201,"height":61,"caption":"Global Jobs"},"image":{"@id":"https:\/\/dev3.crm4u.biz\/#\/schema\/logo\/image\/"}}]}},"_links":{"self":[{"href":"https:\/\/dev3.crm4u.biz\/pl\/wp-json\/wp\/v2\/pages\/1088"}],"collection":[{"href":"https:\/\/dev3.crm4u.biz\/pl\/wp-json\/wp\/v2\/pages"}],"about":[{"href":"https:\/\/dev3.crm4u.biz\/pl\/wp-json\/wp\/v2\/types\/page"}],"author":[{"embeddable":true,"href":"https:\/\/dev3.crm4u.biz\/pl\/wp-json\/wp\/v2\/users\/2"}],"replies":[{"embeddable":true,"href":"https:\/\/dev3.crm4u.biz\/pl\/wp-json\/wp\/v2\/comments?post=1088"}],"version-history":[{"count":1,"href":"https:\/\/dev3.crm4u.biz\/pl\/wp-json\/wp\/v2\/pages\/1088\/revisions"}],"predecessor-version":[{"id":3162,"href":"https:\/\/dev3.crm4u.biz\/pl\/wp-json\/wp\/v2\/pages\/1088\/revisions\/3162"}],"wp:attachment":[{"href":"https:\/\/dev3.crm4u.biz\/pl\/wp-json\/wp\/v2\/media?parent=1088"}],"curies":[{"name":"wp","href":"https:\/\/api.w.org\/{rel}","templated":true}]}}