{"id":1086,"date":"2018-02-21T16:11:29","date_gmt":"2018-02-21T13:11:29","guid":{"rendered":"https:\/\/globaljobs.pl\/?page_id=1086"},"modified":"2020-12-10T17:56:00","modified_gmt":"2020-12-10T14:56:00","slug":"o-firmie","status":"publish","type":"page","link":"https:\/\/dev3.crm4u.biz\/pl\/o-firmie\/","title":{"rendered":"O firmie"},"content":{"rendered":"<p>[vc_row][vc_column][vc_custom_heading text=&#8221;O firmie Global Jobs&#8221; font_container=&#8221;tag:h1|text_align:center|color:%23437341&#8243; google_fonts=&#8221;font_family:Roboto%20Condensed%3A300%2C300italic%2Cregular%2Citalic%2C700%2C700italic|font_style:400%20regular%3A400%3Anormal&#8221; css_animation=&#8221;zoomIn&#8221;][\/vc_column][\/vc_row][vc_row][vc_column][vc_column_text]<strong>Polska<\/strong> jest jednym z najm\u0142odszych i najbardziej obiecuj\u0105cych kraj\u00f3w Unii Europejskiej, rozwijaj\u0105cym si\u0119 z ogromn\u0105 szybko\u015bci\u0105. Jest to kraj o wysokiej jako\u015bci \u017cycia, posiada doskona\u0142\u0105 infrastruktur\u0119, us\u0142ugi medyczne oraz wysoki standard edukacji. Dlatego tak wiele os\u00f3b chce si\u0119 przenie\u015b\u0107 i mieszka\u0107 w Polsce.<\/p>\n<p>Nasza <strong>firma Global Jobs<\/strong> specjalizuje si\u0119 w udzielaniu pomocy na wszystkich etapach legalizacji i rozwoju \u017cycia i biznesu w Polsce. Mamy zesp\u00f3\u0142 m\u0142odych profesjonalist\u00f3w, kt\u00f3rzy posiadaj\u0105 do\u015bwiadczenie w sprawach zwi\u0105zanych z legalizacj\u0105 pobytu naszych wsp\u00f3\u0142obywateli. Wi\u0119kszo\u015b\u0107 pracownik\u00f3w ma w\u0142asne do\u015bwiadczenie w zakresie imigracji do Polski i jest gotowa podzieli\u0107 si\u0119 nim z naszymi klientami.<\/p>\n<p>Od d\u0142u\u017cszego czasu doradzamy i \u015bwiadczymy us\u0142ugi w zakresie:<\/p>\n<ul>\n<li>otrzymania obywatelstwa;<\/li>\n<li>uzyskania zezwolenia na pobyt czasowy i sta\u0142y w Polsce;<\/li>\n<li>otrzymania rezydenta d\u0142ugoterminowego UE;<\/li>\n<li>rejestracji firm;<\/li>\n<li>wsparcia ksi\u0119gowego dla sp\u00f3\u0142ek i prywatnego przedsi\u0119biorstwa;<\/li>\n<li>uzyskania wszystkich zezwole\u0144, a tak\u017ce rejestracji znaku handlowego;<\/li>\n<li>za\u0142o\u017cenia konta w dowolnym banku w Polsce;<\/li>\n<li>wynajmu i zakupu nieruchomo\u015bci mieszkalnej;<\/li>\n<li>wynajmu i zakupu nieruchomo\u015bci komercyjnej;<\/li>\n<li>uzyskania zezwolenia na zakup dzia\u0142ki.<\/li>\n<\/ul>\n<p>Gwarantujemy absolutn\u0105 poufno\u015b\u0107 danych osobowych naszych klient\u00f3w i firm.<\/p>\n<p>Z nami krok po kroku wtopicie si\u0119 w ten wspania\u0142y kraj, jakim jest Polska, dostosujecie si\u0119 do niego i pokochacie tak bardzo jak my.[\/vc_column_text][\/vc_column][\/vc_row][vc_row css=&#8221;.vc_custom_1514371284444{margin-top: 50px !important;margin-bottom: 50px !important;}&#8221;][vc_column][vc_text_separator title=&#8221;Nasze zalety&#8221; color=&#8221;custom&#8221; style=&#8221;double&#8221; el_width=&#8221;80&#8243; css_animation=&#8221;zoomIn&#8221; accent_color=&#8221;#3e993a&#8221;][\/vc_column][\/vc_row][vc_row][vc_column width=&#8221;1\/6&#8243;][vc_icon icon_fontawesome=&#8221;fa fa-star&#8221; color=&#8221;custom&#8221; size=&#8221;xl&#8221; align=&#8221;center&#8221; css_animation=&#8221;slideInLeft&#8221; custom_color=&#8221;#3e993a&#8221;][vc_column_text css_animation=&#8221;slideInLeft&#8221;]<\/p>\n<h6 style=\"text-align: center;\">Profesjonalizm<\/h6>\n<p>[\/vc_column_text][\/vc_column][vc_column width=&#8221;1\/6&#8243;][vc_icon icon_fontawesome=&#8221;fa fa-building-o&#8221; color=&#8221;custom&#8221; size=&#8221;xl&#8221; align=&#8221;center&#8221; css_animation=&#8221;slideInLeft&#8221; custom_color=&#8221;#3e993a&#8221;][vc_column_text css_animation=&#8221;slideInLeft&#8221;]<\/p>\n<h6 style=\"text-align: center;\">Legalno\u015b\u0107<\/h6>\n<p>[\/vc_column_text][\/vc_column][vc_column width=&#8221;1\/6&#8243;][vc_icon type=&#8221;material&#8221; icon_material=&#8221;vc-material vc-material-filter_5&#8243; color=&#8221;custom&#8221; size=&#8221;xl&#8221; align=&#8221;center&#8221; css_animation=&#8221;slideInLeft&#8221; custom_color=&#8221;#3e993a&#8221;][vc_column_text css_animation=&#8221;slideInLeft&#8221;]<\/p>\n<h6 style=\"text-align: center;\">Pi\u0119cioletnie do\u015bwiadczenie pracy<\/h6>\n<p>[\/vc_column_text][\/vc_column][vc_column width=&#8221;1\/6&#8243;][vc_icon icon_fontawesome=&#8221;fa fa-handshake-o&#8221; color=&#8221;custom&#8221; size=&#8221;xl&#8221; align=&#8221;center&#8221; css_animation=&#8221;slideInLeft&#8221; custom_color=&#8221;#3e993a&#8221;][vc_column_text css_animation=&#8221;slideInLeft&#8221;]<\/p>\n<h6 style=\"text-align: center;\">Ponad 500 klient\u00f3w<\/h6>\n<p>[\/vc_column_text][\/vc_column][vc_column width=&#8221;1\/6&#8243;][vc_icon icon_fontawesome=&#8221;fa fa-clock-o&#8221; color=&#8221;custom&#8221; size=&#8221;xl&#8221; align=&#8221;center&#8221; css_animation=&#8221;slideInLeft&#8221; custom_color=&#8221;#3e993a&#8221;][vc_column_text css_animation=&#8221;slideInLeft&#8221;]<\/p>\n<h6 style=\"text-align: center;\">Dost\u0119pno\u015b\u0107<\/h6>\n<p>[\/vc_column_text][\/vc_column][vc_column width=&#8221;1\/6&#8243;][vc_icon icon_fontawesome=&#8221;fa fa-smile-o&#8221; color=&#8221;custom&#8221; size=&#8221;xl&#8221; align=&#8221;center&#8221; css_animation=&#8221;slideInLeft&#8221; custom_color=&#8221;#3e993a&#8221;][vc_column_text css_animation=&#8221;slideInLeft&#8221;]<\/p>\n<h6 style=\"text-align: center;\">Indywidualne podej\u015bcie<\/h6>\n<p>[\/vc_column_text][\/vc_column][\/vc_row][vc_row][vc_column][vc_separator color=&#8221;custom&#8221; style=&#8221;shadow&#8221; css=&#8221;.vc_custom_1516043199829{margin-top: 30px !important;}&#8221; accent_color=&#8221;#719971&#8243;][\/vc_column][\/vc_row][vc_row css=&#8221;.vc_custom_1516899933740{margin-top: 30px !important;padding-bottom: 30px !important;}&#8221;][vc_column width=&#8221;1\/2&#8243;][vc_column_text css_animation=&#8221;zoomIn&#8221;]<\/p>\n<h4 style=\"text-align: center;\">Bezp\u0142atna konsultacja<\/h4>\n<p>[\/vc_column_text][vc_empty_space height=&#8221;12px&#8221;]<div role=\"form\" class=\"wpcf7\" id=\"wpcf7-f915-o1\" lang=\"ru-RU\" dir=\"ltr\">\n<div class=\"screen-reader-response\"><p role=\"status\" aria-live=\"polite\" aria-atomic=\"true\"><\/p> <ul><\/ul><\/div>\n<form action=\"\/pl\/wp-json\/wp\/v2\/pages\/1086#wpcf7-f915-o1\" method=\"post\" class=\"wpcf7-form init\" novalidate=\"novalidate\" data-status=\"init\">\n<div style=\"display: none;\">\n<input type=\"hidden\" name=\"_wpcf7\" value=\"915\" \/>\n<input type=\"hidden\" name=\"_wpcf7_version\" value=\"5.6.2\" \/>\n<input type=\"hidden\" name=\"_wpcf7_locale\" value=\"ru_RU\" \/>\n<input type=\"hidden\" name=\"_wpcf7_unit_tag\" value=\"wpcf7-f915-o1\" \/>\n<input type=\"hidden\" name=\"_wpcf7_container_post\" value=\"0\" \/>\n<input type=\"hidden\" name=\"_wpcf7_posted_data_hash\" value=\"\" \/>\n<input type=\"hidden\" name=\"_wpcf7_recaptcha_response\" value=\"\" \/>\n<\/div>\n<p><label><span class=\"wpcf7-form-control-wrap\" data-name=\"text-571\"><input type=\"text\" name=\"text-571\" value=\"\" size=\"40\" class=\"wpcf7-form-control wpcf7-text wpcf7-validates-as-required your-f\" id=\"your-name\" aria-required=\"true\" aria-invalid=\"false\" placeholder=\"Twoje Imi\u0119, nazwisko\" \/><\/span><\/label><br \/>\n<label><span class=\"wpcf7-form-control-wrap\" data-name=\"tel-315\"><input type=\"tel\" name=\"tel-315\" value=\"\" size=\"40\" class=\"wpcf7-form-control wpcf7-text wpcf7-tel wpcf7-validates-as-required wpcf7-validates-as-tel your-f\" id=\"your-phon\" aria-required=\"true\" aria-invalid=\"false\" placeholder=\"Tw\u00f3j numer telefonu\" \/><\/span><\/label><br \/>\n<label><span class=\"wpcf7-form-control-wrap\" data-name=\"email-485\"><input type=\"email\" name=\"email-485\" value=\"\" size=\"40\" class=\"wpcf7-form-control wpcf7-text wpcf7-email wpcf7-validates-as-email your-f\" id=\"your-email\" aria-invalid=\"false\" placeholder=\"Twoja poczta\" \/><\/span><\/label><br \/>\n<label><span class=\"wpcf7-form-control-wrap\" data-name=\"text-577\"><input type=\"text\" name=\"text-577\" value=\"\" size=\"40\" class=\"wpcf7-form-control wpcf7-text wpcf7-validates-as-required your-f\" id=\"your-comment\" aria-required=\"true\" aria-invalid=\"false\" placeholder=\"Komentarz\" \/><\/span><\/label><br \/>\n<label><input type=\"submit\" value=\"Wy\u015blij\" class=\"wpcf7-form-control has-spinner wpcf7-submit your-f\" id=\"your-but\" \/><\/label><\/p>\n<div class=\"fusion-alert alert custom alert-custom fusion-alert-center wpcf7-response-output alert-dismissable\" role=\"alert\" style=\"border-width:1px;\"><div class=\"fusion-alert-content-wrapper\"><span class=\"fusion-alert-content\"><\/span><\/div><button type=\"button\" class=\"close toggle-alert\" data-dismiss=\"alert\" aria-label=\"Close\">&times;<\/button><\/div><\/form><\/div>[\/vc_column][vc_column width=&#8221;1\/2&#8243;][vc_column_text css_animation=&#8221;zoomIn&#8221;]<\/p>\n<h4 style=\"text-align: center;\">Nasz adres<\/h4>\n<p>[\/vc_column_text][vc_gmaps link=&#8221;#E-8_JTNDaWZyYW1lJTIwc3JjJTNEJTIyaHR0cHMlM0ElMkYlMkZ3d3cuZ29vZ2xlLmNvbSUyRm1hcHMlMkZlbWJlZCUzRnBiJTNEJTIxMW0xNCUyMTFtOCUyMTFtMyUyMTFkMjQ0My41MDIwNzQ1NDA4NTQ3JTIxMmQyMS4wMDIzNjg3JTIxM2Q1Mi4yMzQyNjM2JTIxM20yJTIxMWkxMDI0JTIxMmk3NjglMjE0ZjEzLjElMjEzbTMlMjExbTIlMjExczB4MCUyNTNBMHhjMDkzZTQ3NjI3MzAxNmNmJTIxMnNHbG9iYWwlMjUyMEpvYnMlMjE1ZTAlMjEzbTIlMjExc3BsJTIxMnNzYSUyMTR2MTYwNzYwOTYwMjY2OSUyMTVtMiUyMTFzcGwlMjEyc3NhJTIyJTIwd2lkdGglM0QlMjI2MDAlMjIlMjBoZWlnaHQlM0QlMjI0NTAlMjIlMjBmcmFtZWJvcmRlciUzRCUyMjAlMjIlMjBzdHlsZSUzRCUyMmJvcmRlciUzQTAlM0IlMjIlMjBhbGxvd2Z1bGxzY3JlZW4lM0QlMjIlMjIlMjBhcmlhLWhpZGRlbiUzRCUyMmZhbHNlJTIyJTIwdGFiaW5kZXglM0QlMjIwJTIyJTNFJTNDJTJGaWZyYW1lJTNF&#8221; size=&#8221;380&#8243;][\/vc_column][\/vc_row][vc_row full_width=&#8221;stretch_row_content_no_spaces&#8221;][vc_column][\/vc_column][\/vc_row]<\/p>\n","protected":false},"excerpt":{"rendered":"<p> [&hellip;]<\/p>\n","protected":false},"author":2,"featured_media":0,"parent":0,"menu_order":0,"comment_status":"closed","ping_status":"closed","template":"","meta":[],"yoast_head":"<!-- This site is optimized with the Yoast SEO plugin v19.5.1 - https:\/\/yoast.com\/wordpress\/plugins\/seo\/ -->\n<title>O firmie Global Jobs - Polska<\/title>\n<meta name=\"description\" content=\"Kim jeste\u015bmy i co robimy ... Nasze zalety: profesjonalizm, legalno\u015b\u0107, do\u015bwiadczenie 5 lat, ponad 500 klient\u00f3w, dost\u0119pno\u015b\u0107, indywidualne podej\u015bcie ...\" \/>\n<meta name=\"robots\" content=\"index, follow, max-snippet:-1, max-image-preview:large, max-video-preview:-1\" \/>\n<link rel=\"canonical\" href=\"https:\/\/dev3.crm4u.biz\/pl\/o-firmie\/\" \/>\n<meta property=\"og:locale\" content=\"pl_PL\" \/>\n<meta property=\"og:type\" content=\"article\" \/>\n<meta property=\"og:title\" content=\"O firmie Global Jobs - Polska\" \/>\n<meta property=\"og:description\" content=\"Kim jeste\u015bmy i co robimy ... Nasze zalety: profesjonalizm, legalno\u015b\u0107, do\u015bwiadczenie 5 lat, ponad 500 klient\u00f3w, dost\u0119pno\u015b\u0107, indywidualne podej\u015bcie ...\" \/>\n<meta property=\"og:url\" content=\"https:\/\/dev3.crm4u.biz\/pl\/o-firmie\/\" \/>\n<meta property=\"og:site_name\" content=\"GLOBAL JOBS\" \/>\n<meta property=\"article:modified_time\" content=\"2020-12-10T14:56:00+00:00\" \/>\n<meta property=\"og:image\" content=\"https:\/\/dev3.crm4u.biz\/wp-content\/uploads\/2019\/07\/logo-ss-pl.jpg\" \/>\n\t<meta property=\"og:image:width\" content=\"201\" \/>\n\t<meta property=\"og:image:height\" content=\"201\" \/>\n\t<meta property=\"og:image:type\" content=\"image\/jpeg\" \/>\n<meta name=\"twitter:card\" content=\"summary\" \/>\n<meta name=\"twitter:title\" content=\"O firmie Global Jobs - Polska\" \/>\n<meta name=\"twitter:description\" content=\"Kim jeste\u015bmy i co robimy ... Nasze zalety: profesjonalizm, legalno\u015b\u0107, do\u015bwiadczenie 5 lat, ponad 500 klient\u00f3w, dost\u0119pno\u015b\u0107, indywidualne podej\u015bcie ...\" \/>\n<meta name=\"twitter:image\" content=\"https:\/\/dev3.crm4u.biz\/wp-content\/uploads\/2019\/07\/logo-ss-pl.jpg\" \/>\n<meta name=\"twitter:label1\" content=\"Szacowany czas czytania\" \/>\n\t<meta name=\"twitter:data1\" content=\"3 minuty\" \/>\n<script type=\"application\/ld+json\" class=\"yoast-schema-graph\">{\"@context\":\"https:\/\/schema.org\",\"@graph\":[{\"@type\":\"WebPage\",\"@id\":\"https:\/\/dev3.crm4u.biz\/pl\/o-firmie\/\",\"url\":\"https:\/\/dev3.crm4u.biz\/pl\/o-firmie\/\",\"name\":\"O firmie Global Jobs - Polska\",\"isPartOf\":{\"@id\":\"https:\/\/dev3.crm4u.biz\/#website\"},\"datePublished\":\"2018-02-21T13:11:29+00:00\",\"dateModified\":\"2020-12-10T14:56:00+00:00\",\"description\":\"Kim jeste\u015bmy i co robimy ... Nasze zalety: profesjonalizm, legalno\u015b\u0107, do\u015bwiadczenie 5 lat, ponad 500 klient\u00f3w, dost\u0119pno\u015b\u0107, indywidualne podej\u015bcie ...\",\"breadcrumb\":{\"@id\":\"https:\/\/dev3.crm4u.biz\/pl\/o-firmie\/#breadcrumb\"},\"inLanguage\":\"pl-PL\",\"potentialAction\":[{\"@type\":\"ReadAction\",\"target\":[\"https:\/\/dev3.crm4u.biz\/pl\/o-firmie\/\"]}]},{\"@type\":\"BreadcrumbList\",\"@id\":\"https:\/\/dev3.crm4u.biz\/pl\/o-firmie\/#breadcrumb\",\"itemListElement\":[{\"@type\":\"ListItem\",\"position\":1,\"name\":\"\u0413\u043b\u0430\u0432\u043d\u0430\u044f \u0441\u0442\u0440\u0430\u043d\u0438\u0446\u0430\",\"item\":\"https:\/\/dev3.crm4u.biz\/pl\/\"},{\"@type\":\"ListItem\",\"position\":2,\"name\":\"O firmie\"}]},{\"@type\":\"WebSite\",\"@id\":\"https:\/\/dev3.crm4u.biz\/#website\",\"url\":\"https:\/\/dev3.crm4u.biz\/\",\"name\":\"GLOBAL JOBS\",\"description\":\"GLOBAL JOBS\",\"publisher\":{\"@id\":\"https:\/\/dev3.crm4u.biz\/#organization\"},\"potentialAction\":[{\"@type\":\"SearchAction\",\"target\":{\"@type\":\"EntryPoint\",\"urlTemplate\":\"https:\/\/dev3.crm4u.biz\/?s={search_term_string}\"},\"query-input\":\"required name=search_term_string\"}],\"inLanguage\":\"pl-PL\"},{\"@type\":\"Organization\",\"@id\":\"https:\/\/dev3.crm4u.biz\/#organization\",\"name\":\"Global Jobs\",\"url\":\"https:\/\/dev3.crm4u.biz\/\",\"sameAs\":[],\"logo\":{\"@type\":\"ImageObject\",\"inLanguage\":\"pl-PL\",\"@id\":\"https:\/\/dev3.crm4u.biz\/#\/schema\/logo\/image\/\",\"url\":\"https:\/\/dev3.crm4u.biz\/wp-content\/uploads\/2018\/01\/logo-gl.png\",\"contentUrl\":\"https:\/\/dev3.crm4u.biz\/wp-content\/uploads\/2018\/01\/logo-gl.png\",\"width\":201,\"height\":61,\"caption\":\"Global Jobs\"},\"image\":{\"@id\":\"https:\/\/dev3.crm4u.biz\/#\/schema\/logo\/image\/\"}}]}<\/script>\n<!-- \/ Yoast SEO plugin. -->","yoast_head_json":{"title":"O firmie Global Jobs - Polska","description":"Kim jeste\u015bmy i co robimy ... Nasze zalety: profesjonalizm, legalno\u015b\u0107, do\u015bwiadczenie 5 lat, ponad 500 klient\u00f3w, dost\u0119pno\u015b\u0107, indywidualne podej\u015bcie ...","robots":{"index":"index","follow":"follow","max-snippet":"max-snippet:-1","max-image-preview":"max-image-preview:large","max-video-preview":"max-video-preview:-1"},"canonical":"https:\/\/dev3.crm4u.biz\/pl\/o-firmie\/","og_locale":"pl_PL","og_type":"article","og_title":"O firmie Global Jobs - Polska","og_description":"Kim jeste\u015bmy i co robimy ... Nasze zalety: profesjonalizm, legalno\u015b\u0107, do\u015bwiadczenie 5 lat, ponad 500 klient\u00f3w, dost\u0119pno\u015b\u0107, indywidualne podej\u015bcie ...","og_url":"https:\/\/dev3.crm4u.biz\/pl\/o-firmie\/","og_site_name":"GLOBAL JOBS","article_modified_time":"2020-12-10T14:56:00+00:00","og_image":[{"width":201,"height":201,"url":"https:\/\/dev3.crm4u.biz\/wp-content\/uploads\/2019\/07\/logo-ss-pl.jpg","type":"image\/jpeg"}],"twitter_card":"summary","twitter_title":"O firmie Global Jobs - Polska","twitter_description":"Kim jeste\u015bmy i co robimy ... Nasze zalety: profesjonalizm, legalno\u015b\u0107, do\u015bwiadczenie 5 lat, ponad 500 klient\u00f3w, dost\u0119pno\u015b\u0107, indywidualne podej\u015bcie ...","twitter_image":"https:\/\/dev3.crm4u.biz\/wp-content\/uploads\/2019\/07\/logo-ss-pl.jpg","twitter_misc":{"Szacowany czas czytania":"3 minuty"},"schema":{"@context":"https:\/\/schema.org","@graph":[{"@type":"WebPage","@id":"https:\/\/dev3.crm4u.biz\/pl\/o-firmie\/","url":"https:\/\/dev3.crm4u.biz\/pl\/o-firmie\/","name":"O firmie Global Jobs - Polska","isPartOf":{"@id":"https:\/\/dev3.crm4u.biz\/#website"},"datePublished":"2018-02-21T13:11:29+00:00","dateModified":"2020-12-10T14:56:00+00:00","description":"Kim jeste\u015bmy i co robimy ... Nasze zalety: profesjonalizm, legalno\u015b\u0107, do\u015bwiadczenie 5 lat, ponad 500 klient\u00f3w, dost\u0119pno\u015b\u0107, indywidualne podej\u015bcie ...","breadcrumb":{"@id":"https:\/\/dev3.crm4u.biz\/pl\/o-firmie\/#breadcrumb"},"inLanguage":"pl-PL","potentialAction":[{"@type":"ReadAction","target":["https:\/\/dev3.crm4u.biz\/pl\/o-firmie\/"]}]},{"@type":"BreadcrumbList","@id":"https:\/\/dev3.crm4u.biz\/pl\/o-firmie\/#breadcrumb","itemListElement":[{"@type":"ListItem","position":1,"name":"\u0413\u043b\u0430\u0432\u043d\u0430\u044f \u0441\u0442\u0440\u0430\u043d\u0438\u0446\u0430","item":"https:\/\/dev3.crm4u.biz\/pl\/"},{"@type":"ListItem","position":2,"name":"O firmie"}]},{"@type":"WebSite","@id":"https:\/\/dev3.crm4u.biz\/#website","url":"https:\/\/dev3.crm4u.biz\/","name":"GLOBAL JOBS","description":"GLOBAL JOBS","publisher":{"@id":"https:\/\/dev3.crm4u.biz\/#organization"},"potentialAction":[{"@type":"SearchAction","target":{"@type":"EntryPoint","urlTemplate":"https:\/\/dev3.crm4u.biz\/?s={search_term_string}"},"query-input":"required name=search_term_string"}],"inLanguage":"pl-PL"},{"@type":"Organization","@id":"https:\/\/dev3.crm4u.biz\/#organization","name":"Global Jobs","url":"https:\/\/dev3.crm4u.biz\/","sameAs":[],"logo":{"@type":"ImageObject","inLanguage":"pl-PL","@id":"https:\/\/dev3.crm4u.biz\/#\/schema\/logo\/image\/","url":"https:\/\/dev3.crm4u.biz\/wp-content\/uploads\/2018\/01\/logo-gl.png","contentUrl":"https:\/\/dev3.crm4u.biz\/wp-content\/uploads\/2018\/01\/logo-gl.png","width":201,"height":61,"caption":"Global Jobs"},"image":{"@id":"https:\/\/dev3.crm4u.biz\/#\/schema\/logo\/image\/"}}]}},"_links":{"self":[{"href":"https:\/\/dev3.crm4u.biz\/pl\/wp-json\/wp\/v2\/pages\/1086"}],"collection":[{"href":"https:\/\/dev3.crm4u.biz\/pl\/wp-json\/wp\/v2\/pages"}],"about":[{"href":"https:\/\/dev3.crm4u.biz\/pl\/wp-json\/wp\/v2\/types\/page"}],"author":[{"embeddable":true,"href":"https:\/\/dev3.crm4u.biz\/pl\/wp-json\/wp\/v2\/users\/2"}],"replies":[{"embeddable":true,"href":"https:\/\/dev3.crm4u.biz\/pl\/wp-json\/wp\/v2\/comments?post=1086"}],"version-history":[{"count":1,"href":"https:\/\/dev3.crm4u.biz\/pl\/wp-json\/wp\/v2\/pages\/1086\/revisions"}],"predecessor-version":[{"id":3167,"href":"https:\/\/dev3.crm4u.biz\/pl\/wp-json\/wp\/v2\/pages\/1086\/revisions\/3167"}],"wp:attachment":[{"href":"https:\/\/dev3.crm4u.biz\/pl\/wp-json\/wp\/v2\/media?parent=1086"}],"curies":[{"name":"wp","href":"https:\/\/api.w.org\/{rel}","templated":true}]}}