{"id":1073,"date":"2018-02-21T14:35:43","date_gmt":"2018-02-21T11:35:43","guid":{"rendered":"https:\/\/globaljobs.pl\/?page_id=1073"},"modified":"2022-05-18T08:27:43","modified_gmt":"2022-05-18T05:27:43","slug":"ceny","status":"publish","type":"page","link":"https:\/\/dev3.crm4u.biz\/pl\/ceny\/","title":{"rendered":"Ceny"},"content":{"rendered":"<p>[vc_row css=&#8221;.vc_custom_1515078619074{margin-top: 20px !important;margin-bottom: 20px !important;}&#8221;][vc_column][vc_column_text]<\/p>\n<h2 style=\"text-align: center;\">Ceny us\u0142ug<br \/>\nfirmy Global Jobs<\/h2>\n<p>[\/vc_column_text][\/vc_column][\/vc_row][vc_row][vc_column][vc_column_text]Nasze ceny zawieraj\u0105 wszystkie oficjalne p\u0142atno\u015bci oraz koszty zwi\u0105zane z formalno\u015bciami przygotowania niezb\u0119dnych dokument\u00f3w, kt\u00f3re bierzemy na siebie. Zwracaj\u0105c si\u0119 do nas otrzymasz wysokiej jako\u015bci us\u0142ug\u0119, w jak najkr\u00f3tszym czasie oraz pe\u0142ne wsparcie na ka\u017cdym etapie prowadzenia sprawy.[\/vc_column_text][\/vc_column][\/vc_row][vc_row css=&#8221;.vc_custom_1515078978533{margin-top: 10px !important;margin-bottom: 20px !important;}&#8221;][vc_column width=&#8221;1\/3&#8243;][vc_column_text el_class=&#8221;minheightliz50&#8243;]<\/p>\n<p style=\"text-align: left;\"><strong><img class=\"alignleft size-full wp-image-216\" src=\"https:\/\/dev3.crm4u.biz\/wp-content\/uploads\/2018\/01\/icon-dom-vmp.png\" alt=\"\" width=\"48\" height=\"48\" \/><\/strong><\/p>\n<h6><strong>Pobyt czasowy<\/strong><\/h6>\n<h6><strong>Zezwolenie na pobyt tymczasowy<\/strong><\/h6>\n<p>[\/vc_column_text][vc_column_text]<\/p>\n<h1 style=\"padding-left: 60px; text-align: left;\"><span style=\"color: #3e993a;\">od 399\u00a0<img src=\"https:\/\/dev3.crm4u.biz\/wp-content\/uploads\/2017\/06\/euro.png\" width=\"17\" height=\"19\" \/><\/span><\/h1>\n<p>[\/vc_column_text][\/vc_column][vc_column width=&#8221;1\/3&#8243;][vc_column_text el_class=&#8221;minheightliz50&#8243;]<\/p>\n<p style=\"text-align: left;\"><strong><img class=\"wp-image-233 size-full alignleft\" src=\"https:\/\/dev3.crm4u.biz\/wp-content\/uploads\/2018\/01\/icon-dom.png\" alt=\"\" width=\"48\" height=\"48\" \/><\/strong><\/p>\n<h6><strong>Pobyt sta\u0142y<\/strong><\/h6>\n<h6><strong>Zezwolenie na pobyt sta\u0142y<\/strong><\/h6>\n<p style=\"padding-left: 60px;\"><strong>Polskie pochodzenie<\/strong><\/p>\n<p>[\/vc_column_text][vc_column_text]<\/p>\n<h1 style=\"padding-left: 60px; text-align: left;\"><span style=\"color: #3e993a;\">od 999 <img class=\"\" src=\"https:\/\/dev3.crm4u.biz\/wp-content\/uploads\/2017\/06\/euro.png\" width=\"17\" height=\"19\" \/><\/span><\/h1>\n<p>[\/vc_column_text][\/vc_column][vc_column width=&#8221;1\/3&#8243;][vc_column_text el_class=&#8221;minheightliz50&#8243;]<\/p>\n<p style=\"text-align: left;\"><strong><img class=\"wp-image-233 size-full alignleft\" src=\"https:\/\/dev3.crm4u.biz\/wp-content\/uploads\/2018\/01\/icon-dom.png\" alt=\"\" width=\"48\" height=\"48\" \/><\/strong><\/p>\n<h6><strong>Pobyt sta\u0142y<\/strong><\/h6>\n<h6><strong>Zezwolenie na pobyt sta\u0142y<\/strong><\/h6>\n<p style=\"padding-left: 60px;\"><strong>Karta Polaka<\/strong><\/p>\n<p>[\/vc_column_text][vc_column_text]<\/p>\n<h1 style=\"padding-left: 60px; text-align: left;\"><span style=\"color: #3e993a;\">od 399\u00a0<img class=\"\" src=\"https:\/\/dev3.crm4u.biz\/wp-content\/uploads\/2017\/06\/euro.png\" width=\"17\" height=\"19\" \/><\/span><\/h1>\n<p>[\/vc_column_text][\/vc_column][\/vc_row][vc_row][vc_column][vc_separator color=&#8221;custom&#8221; style=&#8221;shadow&#8221; accent_color=&#8221;#719971&#8243;][\/vc_column][\/vc_row][vc_row css=&#8221;.vc_custom_1515083728438{margin-top: 30px !important;margin-bottom: 30px !important;}&#8221;][vc_column width=&#8221;1\/3&#8243;][vc_column_text el_class=&#8221;minheightliz50&#8243;]<\/p>\n<p style=\"text-align: left;\"><strong><img class=\"alignleft wp-image-232 size-full\" src=\"https:\/\/dev3.crm4u.biz\/wp-content\/uploads\/2018\/01\/icon-dokum.png\" alt=\"\" width=\"48\" height=\"48\" \/><\/strong><\/p>\n<h6><strong>Dokumenty<\/strong><\/h6>\n<h6><strong>Poszukiwanie w polskich archiwach<\/strong><\/h6>\n<p>[\/vc_column_text][vc_column_text]<\/p>\n<h1 style=\"padding-left: 60px; text-align: left;\"><span style=\"color: #3e993a;\">250\u00a0<img src=\"https:\/\/dev3.crm4u.biz\/wp-content\/uploads\/2017\/06\/euro.png\" width=\"17\" height=\"19\" \/><\/span><\/h1>\n<p>[\/vc_column_text][\/vc_column][vc_column width=&#8221;1\/3&#8243;][vc_column_text el_class=&#8221;minheightliz50&#8243;]<\/p>\n<p style=\"text-align: left;\"><strong><img class=\"alignleft wp-image-234 size-full\" src=\"https:\/\/dev3.crm4u.biz\/wp-content\/uploads\/2018\/01\/icon-grazhdanstvo.png\" alt=\"\" width=\"48\" height=\"48\" \/><\/strong><\/p>\n<h6><strong>Obywatelstwo<\/strong><\/h6>\n<h6 style=\"padding-left: 60px;\"><strong>Pomoc w otrzymaniu obywatelstwa<\/strong><br \/>\n<strong>przez prezydenta<\/strong><\/h6>\n<p>[\/vc_column_text][vc_column_text]<\/p>\n<h1 style=\"padding-left: 60px; text-align: left;\"><span style=\"color: #3e993a;\">1200 <img class=\"\" src=\"https:\/\/dev3.crm4u.biz\/wp-content\/uploads\/2017\/06\/euro.png\" width=\"17\" height=\"19\" \/><\/span><\/h1>\n<p>[\/vc_column_text][\/vc_column][vc_column width=&#8221;1\/3&#8243;][vc_column_text el_class=&#8221;minheightliz50&#8243;]<\/p>\n<p style=\"text-align: left;\"><strong><img class=\"alignleft wp-image-234 size-full\" src=\"https:\/\/dev3.crm4u.biz\/wp-content\/uploads\/2018\/01\/icon-grazhdanstvo.png\" alt=\"\" width=\"48\" height=\"48\" \/><\/strong><\/p>\n<h6><strong>Obywatelstwo<\/strong><\/h6>\n<h6 style=\"padding-left: 60px;\"><strong>Pomoc w otrzymaniu obywatelstwa<\/strong><br \/>\n<strong>przez Wojewoda<\/strong><\/h6>\n<p>[\/vc_column_text][vc_column_text]<\/p>\n<h1 style=\"padding-left: 60px; text-align: left;\"><span style=\"color: #3e993a;\">1000 <img class=\"\" src=\"https:\/\/dev3.crm4u.biz\/wp-content\/uploads\/2017\/06\/euro.png\" width=\"17\" height=\"19\" \/><\/span><\/h1>\n<p>[\/vc_column_text][\/vc_column][\/vc_row][vc_row][vc_column][vc_separator color=&#8221;custom&#8221; style=&#8221;shadow&#8221; accent_color=&#8221;#719971&#8243;][\/vc_column][\/vc_row][vc_row][vc_column width=&#8221;1\/3&#8243;][vc_column_text el_class=&#8221;minheightliz50&#8243;]<\/p>\n<p style=\"text-align: left;\"><strong><img class=\"alignleft wp-image-231 size-full\" src=\"https:\/\/dev3.crm4u.biz\/wp-content\/uploads\/2018\/01\/icon-biznes-chp.png\" alt=\"\" width=\"48\" height=\"48\" \/><\/strong><\/p>\n<h6><strong>Biznes<\/strong><\/h6>\n<h6 style=\"padding-left: 60px;\"><strong>Rejestracja prywatnego<\/strong><br \/>\n<strong>przedsi\u0119biorstwa<\/strong><\/h6>\n<p>[\/vc_column_text][vc_column_text]<\/p>\n<h1 style=\"padding-left: 60px; text-align: left;\"><span style=\"color: #3e993a;\">100\u00a0<img src=\"https:\/\/dev3.crm4u.biz\/wp-content\/uploads\/2017\/06\/euro.png\" width=\"17\" height=\"19\" \/><\/span><\/h1>\n<p>[\/vc_column_text][\/vc_column][vc_column width=&#8221;1\/3&#8243;][vc_column_text el_class=&#8221;minheightliz50&#8243;]<\/p>\n<p style=\"text-align: left;\"><strong><img class=\"alignleft wp-image-230 size-full\" src=\"https:\/\/dev3.crm4u.biz\/wp-content\/uploads\/2018\/01\/icon-biznes.png\" alt=\"\" width=\"48\" height=\"48\" \/><\/strong><\/p>\n<h6><strong>Biznes<\/strong><\/h6>\n<h6><strong>Rejestracja Sp. z o.o.<\/strong><\/h6>\n<p>[\/vc_column_text][vc_column_text]<\/p>\n<h1 style=\"padding-left: 60px; text-align: left;\"><span style=\"color: #3e993a;\">od 599 <img class=\"\" src=\"https:\/\/dev3.crm4u.biz\/wp-content\/uploads\/2017\/06\/euro.png\" width=\"17\" height=\"19\" \/><\/span><\/h1>\n<p>[\/vc_column_text][\/vc_column][vc_column width=&#8221;1\/3&#8243;][vc_column_text el_class=&#8221;minheightliz50&#8243;]<\/p>\n<p style=\"text-align: left;\"><strong><img class=\"alignleft wp-image-250 size-full\" src=\"https:\/\/dev3.crm4u.biz\/wp-content\/uploads\/2018\/01\/icon-bukh.png\" alt=\"\" width=\"48\" height=\"48\" \/><\/strong><\/p>\n<h6><strong>Biznes<\/strong><\/h6>\n<h6><strong>Wsparcie ksi\u0119gowe<\/strong><\/h6>\n<p>[\/vc_column_text][vc_column_text el_class=&#8221;minheightliz50&#8243;]<\/p>\n<h1 style=\"padding-left: 60px; text-align: left;\"><span style=\"color: #3e993a;\">od 60\u00a0<img class=\"\" src=\"https:\/\/dev3.crm4u.biz\/wp-content\/uploads\/2017\/06\/euro.png\" width=\"17\" height=\"19\" \/><\/span><\/h1>\n<p>[\/vc_column_text][\/vc_column][\/vc_row][vc_row][vc_column][vc_separator color=&#8221;custom&#8221; style=&#8221;shadow&#8221; accent_color=&#8221;#719971&#8243;][\/vc_column][\/vc_row][vc_row css=&#8221;.vc_custom_1575456317351{margin-top: 15px !important;}&#8221;][vc_column width=&#8221;1\/3&#8243;][vc_column_text el_class=&#8221;minheightliz50&#8243;]<\/p>\n<p style=\"text-align: left;\"><strong><img class=\"alignleft wp-image-251 size-full\" src=\"https:\/\/dev3.crm4u.biz\/wp-content\/uploads\/2018\/01\/icon-nedvizhimost.png\" alt=\"\" width=\"48\" height=\"48\" \/><\/strong><\/p>\n<h6><strong>Nieruchomo\u015b\u0107<\/strong><\/h6>\n<h6><strong>Wynajem nieruchomo\u015bci<\/strong><\/h6>\n<p>[\/vc_column_text][vc_column_text el_class=&#8221;minheightliz50&#8243;]<\/p>\n<h1 style=\"padding-left: 60px; text-align: left;\"><span style=\"color: #3e993a;\">50%<\/span><\/h1>\n<p style=\"padding-left: 60px;\"><strong><span style=\"color: #3e993a;\">od kwoty wynajmu<\/span><\/strong><\/p>\n<p>[\/vc_column_text][\/vc_column][vc_column width=&#8221;1\/3&#8243;][vc_column_text el_class=&#8221;minheightliz50&#8243;]<\/p>\n<p style=\"text-align: left;\"><strong><img class=\"alignleft wp-image-252 size-full\" src=\"https:\/\/dev3.crm4u.biz\/wp-content\/uploads\/2018\/01\/icon-zemlya.png\" alt=\"\" width=\"48\" height=\"48\" \/><\/strong><\/p>\n<h6><strong>Dzia\u0142ki <\/strong><\/h6>\n<h6 style=\"padding-left: 60px;\"><strong>Pomoc w uzyskaniu zezwolenia<\/strong><\/h6>\n<p>[\/vc_column_text][vc_column_text el_class=&#8221;minheightliz50&#8243;]<\/p>\n<h1 style=\"padding-left: 60px; text-align: left;\"><span style=\"color: #3e993a;\">od\u00a0799\u00a0<img class=\"\" src=\"https:\/\/dev3.crm4u.biz\/wp-content\/uploads\/2017\/06\/euro.png\" width=\"17\" height=\"19\" \/><\/span><\/h1>\n<p>[\/vc_column_text][\/vc_column][vc_column width=&#8221;1\/3&#8243;][vc_column_text el_class=&#8221;minheightliz50&#8243;]<\/p>\n<p style=\"text-align: left;\"><strong><img class=\"alignleft wp-image-251 size-full\" src=\"https:\/\/dev3.crm4u.biz\/wp-content\/uploads\/2018\/01\/icon-nedvizhimost.png\" alt=\"\" width=\"48\" height=\"48\" \/><\/strong><\/p>\n<h6><strong>Nieruchomo\u015b\u0107<\/strong><\/h6>\n<h6><strong>Zakup nieruchomo\u015bci<\/strong><\/h6>\n<p>[\/vc_column_text][vc_column_text el_class=&#8221;minheightliz50&#8243;]<\/p>\n<h1 style=\"padding-left: 60px; text-align: left;\"><span style=\"color: #3e993a;\">2%<\/span><\/h1>\n<p style=\"padding-left: 60px;\"><strong><span style=\"color: #3e993a;\">od warto\u015bci nieruchomo\u015bci<\/span><\/strong><\/p>\n<p>[\/vc_column_text][\/vc_column][\/vc_row][vc_row][vc_column][vc_separator color=&#8221;custom&#8221; style=&#8221;shadow&#8221; accent_color=&#8221;#719971&#8243;][\/vc_column][\/vc_row][vc_row css=&#8221;.vc_custom_1575456330450{margin-bottom: 10px !important;}&#8221;][vc_column width=&#8221;1\/3&#8243;][vc_column_text el_class=&#8221;minheightliz50&#8243;]<\/p>\n<p style=\"text-align: left;\"><strong><img class=\"alignleft wp-image-235 size-full\" src=\"https:\/\/dev3.crm4u.biz\/wp-content\/uploads\/2018\/01\/icon-litsenziya.png\" alt=\"\" width=\"48\" height=\"48\" \/><\/strong><\/p>\n<h6><strong>Licencje<\/strong><\/h6>\n<h6 style=\"padding-left: 60px;\"><strong>Otrzymanie licencji i zezwole\u0144 <\/strong><\/h6>\n<p>[\/vc_column_text][vc_column_text]<\/p>\n<h1 style=\"padding-left: 60px; text-align: left;\"><span style=\"color: #3e993a;\">od 250\u00a0<img class=\"\" src=\"https:\/\/dev3.crm4u.biz\/wp-content\/uploads\/2017\/06\/euro.png\" width=\"17\" height=\"19\" \/><\/span><\/h1>\n<p>[\/vc_column_text][\/vc_column][vc_column width=&#8221;1\/3&#8243;][\/vc_column][vc_column width=&#8221;1\/3&#8243;][\/vc_column][\/vc_row][vc_row][vc_column][vc_separator color=&#8221;custom&#8221; style=&#8221;shadow&#8221; accent_color=&#8221;#719971&#8243;][\/vc_column][\/vc_row][vc_row][vc_column width=&#8221;1\/2&#8243;][vc_text_separator title=&#8221;Bezp\u0142atna konsultacja&#8221; color=&#8221;custom&#8221; el_width=&#8221;80&#8243; accent_color=&#8221;#3e993a&#8221;][vc_empty_space height=&#8221;12px&#8221;]<div role=\"form\" class=\"wpcf7\" id=\"wpcf7-f915-o1\" lang=\"ru-RU\" dir=\"ltr\">\n<div class=\"screen-reader-response\"><p role=\"status\" aria-live=\"polite\" aria-atomic=\"true\"><\/p> <ul><\/ul><\/div>\n<form action=\"\/pl\/wp-json\/wp\/v2\/pages\/1073#wpcf7-f915-o1\" method=\"post\" class=\"wpcf7-form init\" novalidate=\"novalidate\" data-status=\"init\">\n<div style=\"display: none;\">\n<input type=\"hidden\" name=\"_wpcf7\" value=\"915\" \/>\n<input type=\"hidden\" name=\"_wpcf7_version\" value=\"5.6.2\" \/>\n<input type=\"hidden\" name=\"_wpcf7_locale\" value=\"ru_RU\" \/>\n<input type=\"hidden\" name=\"_wpcf7_unit_tag\" value=\"wpcf7-f915-o1\" \/>\n<input type=\"hidden\" name=\"_wpcf7_container_post\" value=\"0\" \/>\n<input type=\"hidden\" name=\"_wpcf7_posted_data_hash\" value=\"\" \/>\n<input type=\"hidden\" name=\"_wpcf7_recaptcha_response\" value=\"\" \/>\n<\/div>\n<p><label><span class=\"wpcf7-form-control-wrap\" data-name=\"text-571\"><input type=\"text\" name=\"text-571\" value=\"\" size=\"40\" class=\"wpcf7-form-control wpcf7-text wpcf7-validates-as-required your-f\" id=\"your-name\" aria-required=\"true\" aria-invalid=\"false\" placeholder=\"Twoje Imi\u0119, nazwisko\" \/><\/span><\/label><br \/>\n<label><span class=\"wpcf7-form-control-wrap\" data-name=\"tel-315\"><input type=\"tel\" name=\"tel-315\" value=\"\" size=\"40\" class=\"wpcf7-form-control wpcf7-text wpcf7-tel wpcf7-validates-as-required wpcf7-validates-as-tel your-f\" id=\"your-phon\" aria-required=\"true\" aria-invalid=\"false\" placeholder=\"Tw\u00f3j numer telefonu\" \/><\/span><\/label><br \/>\n<label><span class=\"wpcf7-form-control-wrap\" data-name=\"email-485\"><input type=\"email\" name=\"email-485\" value=\"\" size=\"40\" class=\"wpcf7-form-control wpcf7-text wpcf7-email wpcf7-validates-as-email your-f\" id=\"your-email\" aria-invalid=\"false\" placeholder=\"Twoja poczta\" \/><\/span><\/label><br \/>\n<label><span class=\"wpcf7-form-control-wrap\" data-name=\"text-577\"><input type=\"text\" name=\"text-577\" value=\"\" size=\"40\" class=\"wpcf7-form-control wpcf7-text wpcf7-validates-as-required your-f\" id=\"your-comment\" aria-required=\"true\" aria-invalid=\"false\" placeholder=\"Komentarz\" \/><\/span><\/label><br \/>\n<label><input type=\"submit\" value=\"Wy\u015blij\" class=\"wpcf7-form-control has-spinner wpcf7-submit your-f\" id=\"your-but\" \/><\/label><\/p>\n<div class=\"fusion-alert alert custom alert-custom fusion-alert-center wpcf7-response-output alert-dismissable\" role=\"alert\" style=\"border-width:1px;\"><div class=\"fusion-alert-content-wrapper\"><span class=\"fusion-alert-content\"><\/span><\/div><button type=\"button\" class=\"close toggle-alert\" data-dismiss=\"alert\" aria-label=\"Close\">&times;<\/button><\/div><\/form><\/div>[\/vc_column][vc_column width=&#8221;1\/2&#8243;][vc_text_separator title=&#8221;Nasz adres&#8221; color=&#8221;custom&#8221; el_width=&#8221;80&#8243; accent_color=&#8221;#3e993a&#8221;][vc_gmaps link=&#8221;#E-8_JTNDaWZyYW1lJTIwc3JjJTNEJTIyaHR0cHMlM0ElMkYlMkZ3d3cuZ29vZ2xlLmNvbSUyRm1hcHMlMkZlbWJlZCUzRnBiJTNEJTIxMW0xNCUyMTFtOCUyMTFtMyUyMTFkMjQ0My41MDIwNzQ1NDA4NTQ3JTIxMmQyMS4wMDIzNjg3JTIxM2Q1Mi4yMzQyNjM2JTIxM20yJTIxMWkxMDI0JTIxMmk3NjglMjE0ZjEzLjElMjEzbTMlMjExbTIlMjExczB4MCUyNTNBMHhjMDkzZTQ3NjI3MzAxNmNmJTIxMnNHbG9iYWwlMjUyMEpvYnMlMjE1ZTAlMjEzbTIlMjExc3BsJTIxMnNzYSUyMTR2MTYwNzYwOTYwMjY2OSUyMTVtMiUyMTFzcGwlMjEyc3NhJTIyJTIwd2lkdGglM0QlMjI2MDAlMjIlMjBoZWlnaHQlM0QlMjI0NTAlMjIlMjBmcmFtZWJvcmRlciUzRCUyMjAlMjIlMjBzdHlsZSUzRCUyMmJvcmRlciUzQTAlM0IlMjIlMjBhbGxvd2Z1bGxzY3JlZW4lM0QlMjIlMjIlMjBhcmlhLWhpZGRlbiUzRCUyMmZhbHNlJTIyJTIwdGFiaW5kZXglM0QlMjIwJTIyJTNFJTNDJTJGaWZyYW1lJTNF&#8221; size=&#8221;380&#8243;][\/vc_column][\/vc_row]<\/p>\n","protected":false},"excerpt":{"rendered":"<p> [&hellip;]<\/p>\n","protected":false},"author":2,"featured_media":0,"parent":0,"menu_order":0,"comment_status":"closed","ping_status":"closed","template":"","meta":[],"yoast_head":"<!-- This site is optimized with the Yoast SEO plugin v19.5.1 - https:\/\/yoast.com\/wordpress\/plugins\/seo\/ -->\n<title>Ceny us\u0142ug w Polsce dla Rosjan, Ukrai\u0144c\u00f3w i Bia\u0142orusin\u00f3w z GLOBAL JOBS<\/title>\n<meta name=\"description\" content=\"Koszt us\u0142ug w Polsce za uzyskanie sta\u0142ego pobytu, zezwolenia na pobyt, obywatelstwo, rejestracja firm, sp. z o.o., dzia\u0142alno\u015b\u0107 gospodarcza, uzyskanie licencji, zezwole\u0144, grunt\u00f3w, wynajem i zakup nieruchomo\u015bci.\" \/>\n<meta name=\"robots\" content=\"index, follow, max-snippet:-1, max-image-preview:large, max-video-preview:-1\" \/>\n<link rel=\"canonical\" href=\"https:\/\/dev3.crm4u.biz\/pl\/ceny\/\" \/>\n<meta property=\"og:locale\" content=\"pl_PL\" \/>\n<meta property=\"og:type\" content=\"article\" \/>\n<meta property=\"og:title\" content=\"Ceny us\u0142ug w Polsce dla Rosjan, Ukrai\u0144c\u00f3w i Bia\u0142orusin\u00f3w z GLOBAL JOBS\" \/>\n<meta property=\"og:description\" content=\"Koszt us\u0142ug w Polsce za uzyskanie sta\u0142ego pobytu, zezwolenia na pobyt, obywatelstwo, rejestracja firm, sp. z o.o., dzia\u0142alno\u015b\u0107 gospodarcza, uzyskanie licencji, zezwole\u0144, grunt\u00f3w, wynajem i zakup nieruchomo\u015bci w 2019 r.\" \/>\n<meta property=\"og:url\" content=\"https:\/\/dev3.crm4u.biz\/pl\/ceny\/\" \/>\n<meta property=\"og:site_name\" content=\"GLOBAL JOBS\" \/>\n<meta property=\"article:modified_time\" content=\"2022-05-18T05:27:43+00:00\" \/>\n<meta property=\"og:image\" content=\"https:\/\/dev3.crm4u.biz\/wp-content\/uploads\/2019\/07\/logo-ss-pl.jpg\" \/>\n\t<meta property=\"og:image:width\" content=\"201\" \/>\n\t<meta property=\"og:image:height\" content=\"201\" \/>\n\t<meta property=\"og:image:type\" content=\"image\/jpeg\" \/>\n<meta name=\"twitter:card\" content=\"summary\" \/>\n<meta name=\"twitter:title\" content=\"Ceny us\u0142ug w Polsce dla Rosjan, Ukrai\u0144c\u00f3w i Bia\u0142orusin\u00f3w z GLOBAL JOBS\" \/>\n<meta name=\"twitter:description\" content=\"Koszt us\u0142ug w Polsce za uzyskanie sta\u0142ego pobytu, zezwolenia na pobyt, obywatelstwo, rejestracja firm, sp. z o.o., dzia\u0142alno\u015b\u0107 gospodarcza, uzyskanie licencji, zezwole\u0144, grunt\u00f3w, wynajem i zakup nieruchomo\u015bci w 2019 r.\" \/>\n<meta name=\"twitter:image\" content=\"https:\/\/dev3.crm4u.biz\/wp-content\/uploads\/2019\/07\/logo-ss-pl.jpg\" \/>\n<meta name=\"twitter:label1\" content=\"Szacowany czas czytania\" \/>\n\t<meta name=\"twitter:data1\" content=\"7 minut\" \/>\n<script type=\"application\/ld+json\" class=\"yoast-schema-graph\">{\"@context\":\"https:\/\/schema.org\",\"@graph\":[{\"@type\":\"WebPage\",\"@id\":\"https:\/\/dev3.crm4u.biz\/pl\/ceny\/\",\"url\":\"https:\/\/dev3.crm4u.biz\/pl\/ceny\/\",\"name\":\"Ceny us\u0142ug w Polsce dla Rosjan, Ukrai\u0144c\u00f3w i Bia\u0142orusin\u00f3w z GLOBAL JOBS\",\"isPartOf\":{\"@id\":\"https:\/\/dev3.crm4u.biz\/#website\"},\"datePublished\":\"2018-02-21T11:35:43+00:00\",\"dateModified\":\"2022-05-18T05:27:43+00:00\",\"description\":\"Koszt us\u0142ug w Polsce za uzyskanie sta\u0142ego pobytu, zezwolenia na pobyt, obywatelstwo, rejestracja firm, sp. z o.o., dzia\u0142alno\u015b\u0107 gospodarcza, uzyskanie licencji, zezwole\u0144, grunt\u00f3w, wynajem i zakup nieruchomo\u015bci.\",\"breadcrumb\":{\"@id\":\"https:\/\/dev3.crm4u.biz\/pl\/ceny\/#breadcrumb\"},\"inLanguage\":\"pl-PL\",\"potentialAction\":[{\"@type\":\"ReadAction\",\"target\":[\"https:\/\/dev3.crm4u.biz\/pl\/ceny\/\"]}]},{\"@type\":\"BreadcrumbList\",\"@id\":\"https:\/\/dev3.crm4u.biz\/pl\/ceny\/#breadcrumb\",\"itemListElement\":[{\"@type\":\"ListItem\",\"position\":1,\"name\":\"\u0413\u043b\u0430\u0432\u043d\u0430\u044f \u0441\u0442\u0440\u0430\u043d\u0438\u0446\u0430\",\"item\":\"https:\/\/dev3.crm4u.biz\/pl\/\"},{\"@type\":\"ListItem\",\"position\":2,\"name\":\"Ceny\"}]},{\"@type\":\"WebSite\",\"@id\":\"https:\/\/dev3.crm4u.biz\/#website\",\"url\":\"https:\/\/dev3.crm4u.biz\/\",\"name\":\"GLOBAL JOBS\",\"description\":\"GLOBAL JOBS\",\"publisher\":{\"@id\":\"https:\/\/dev3.crm4u.biz\/#organization\"},\"potentialAction\":[{\"@type\":\"SearchAction\",\"target\":{\"@type\":\"EntryPoint\",\"urlTemplate\":\"https:\/\/dev3.crm4u.biz\/?s={search_term_string}\"},\"query-input\":\"required name=search_term_string\"}],\"inLanguage\":\"pl-PL\"},{\"@type\":\"Organization\",\"@id\":\"https:\/\/dev3.crm4u.biz\/#organization\",\"name\":\"Global Jobs\",\"url\":\"https:\/\/dev3.crm4u.biz\/\",\"sameAs\":[],\"logo\":{\"@type\":\"ImageObject\",\"inLanguage\":\"pl-PL\",\"@id\":\"https:\/\/dev3.crm4u.biz\/#\/schema\/logo\/image\/\",\"url\":\"https:\/\/dev3.crm4u.biz\/wp-content\/uploads\/2018\/01\/logo-gl.png\",\"contentUrl\":\"https:\/\/dev3.crm4u.biz\/wp-content\/uploads\/2018\/01\/logo-gl.png\",\"width\":201,\"height\":61,\"caption\":\"Global Jobs\"},\"image\":{\"@id\":\"https:\/\/dev3.crm4u.biz\/#\/schema\/logo\/image\/\"}}]}<\/script>\n<!-- \/ Yoast SEO plugin. -->","yoast_head_json":{"title":"Ceny us\u0142ug w Polsce dla Rosjan, Ukrai\u0144c\u00f3w i Bia\u0142orusin\u00f3w z GLOBAL JOBS","description":"Koszt us\u0142ug w Polsce za uzyskanie sta\u0142ego pobytu, zezwolenia na pobyt, obywatelstwo, rejestracja firm, sp. z o.o., dzia\u0142alno\u015b\u0107 gospodarcza, uzyskanie licencji, zezwole\u0144, grunt\u00f3w, wynajem i zakup nieruchomo\u015bci.","robots":{"index":"index","follow":"follow","max-snippet":"max-snippet:-1","max-image-preview":"max-image-preview:large","max-video-preview":"max-video-preview:-1"},"canonical":"https:\/\/dev3.crm4u.biz\/pl\/ceny\/","og_locale":"pl_PL","og_type":"article","og_title":"Ceny us\u0142ug w Polsce dla Rosjan, Ukrai\u0144c\u00f3w i Bia\u0142orusin\u00f3w z GLOBAL JOBS","og_description":"Koszt us\u0142ug w Polsce za uzyskanie sta\u0142ego pobytu, zezwolenia na pobyt, obywatelstwo, rejestracja firm, sp. z o.o., dzia\u0142alno\u015b\u0107 gospodarcza, uzyskanie licencji, zezwole\u0144, grunt\u00f3w, wynajem i zakup nieruchomo\u015bci w 2019 r.","og_url":"https:\/\/dev3.crm4u.biz\/pl\/ceny\/","og_site_name":"GLOBAL JOBS","article_modified_time":"2022-05-18T05:27:43+00:00","og_image":[{"width":201,"height":201,"url":"https:\/\/dev3.crm4u.biz\/wp-content\/uploads\/2019\/07\/logo-ss-pl.jpg","type":"image\/jpeg"}],"twitter_card":"summary","twitter_title":"Ceny us\u0142ug w Polsce dla Rosjan, Ukrai\u0144c\u00f3w i Bia\u0142orusin\u00f3w z GLOBAL JOBS","twitter_description":"Koszt us\u0142ug w Polsce za uzyskanie sta\u0142ego pobytu, zezwolenia na pobyt, obywatelstwo, rejestracja firm, sp. z o.o., dzia\u0142alno\u015b\u0107 gospodarcza, uzyskanie licencji, zezwole\u0144, grunt\u00f3w, wynajem i zakup nieruchomo\u015bci w 2019 r.","twitter_image":"https:\/\/dev3.crm4u.biz\/wp-content\/uploads\/2019\/07\/logo-ss-pl.jpg","twitter_misc":{"Szacowany czas czytania":"7 minut"},"schema":{"@context":"https:\/\/schema.org","@graph":[{"@type":"WebPage","@id":"https:\/\/dev3.crm4u.biz\/pl\/ceny\/","url":"https:\/\/dev3.crm4u.biz\/pl\/ceny\/","name":"Ceny us\u0142ug w Polsce dla Rosjan, Ukrai\u0144c\u00f3w i Bia\u0142orusin\u00f3w z GLOBAL JOBS","isPartOf":{"@id":"https:\/\/dev3.crm4u.biz\/#website"},"datePublished":"2018-02-21T11:35:43+00:00","dateModified":"2022-05-18T05:27:43+00:00","description":"Koszt us\u0142ug w Polsce za uzyskanie sta\u0142ego pobytu, zezwolenia na pobyt, obywatelstwo, rejestracja firm, sp. z o.o., dzia\u0142alno\u015b\u0107 gospodarcza, uzyskanie licencji, zezwole\u0144, grunt\u00f3w, wynajem i zakup nieruchomo\u015bci.","breadcrumb":{"@id":"https:\/\/dev3.crm4u.biz\/pl\/ceny\/#breadcrumb"},"inLanguage":"pl-PL","potentialAction":[{"@type":"ReadAction","target":["https:\/\/dev3.crm4u.biz\/pl\/ceny\/"]}]},{"@type":"BreadcrumbList","@id":"https:\/\/dev3.crm4u.biz\/pl\/ceny\/#breadcrumb","itemListElement":[{"@type":"ListItem","position":1,"name":"\u0413\u043b\u0430\u0432\u043d\u0430\u044f \u0441\u0442\u0440\u0430\u043d\u0438\u0446\u0430","item":"https:\/\/dev3.crm4u.biz\/pl\/"},{"@type":"ListItem","position":2,"name":"Ceny"}]},{"@type":"WebSite","@id":"https:\/\/dev3.crm4u.biz\/#website","url":"https:\/\/dev3.crm4u.biz\/","name":"GLOBAL JOBS","description":"GLOBAL JOBS","publisher":{"@id":"https:\/\/dev3.crm4u.biz\/#organization"},"potentialAction":[{"@type":"SearchAction","target":{"@type":"EntryPoint","urlTemplate":"https:\/\/dev3.crm4u.biz\/?s={search_term_string}"},"query-input":"required name=search_term_string"}],"inLanguage":"pl-PL"},{"@type":"Organization","@id":"https:\/\/dev3.crm4u.biz\/#organization","name":"Global Jobs","url":"https:\/\/dev3.crm4u.biz\/","sameAs":[],"logo":{"@type":"ImageObject","inLanguage":"pl-PL","@id":"https:\/\/dev3.crm4u.biz\/#\/schema\/logo\/image\/","url":"https:\/\/dev3.crm4u.biz\/wp-content\/uploads\/2018\/01\/logo-gl.png","contentUrl":"https:\/\/dev3.crm4u.biz\/wp-content\/uploads\/2018\/01\/logo-gl.png","width":201,"height":61,"caption":"Global Jobs"},"image":{"@id":"https:\/\/dev3.crm4u.biz\/#\/schema\/logo\/image\/"}}]}},"_links":{"self":[{"href":"https:\/\/dev3.crm4u.biz\/pl\/wp-json\/wp\/v2\/pages\/1073"}],"collection":[{"href":"https:\/\/dev3.crm4u.biz\/pl\/wp-json\/wp\/v2\/pages"}],"about":[{"href":"https:\/\/dev3.crm4u.biz\/pl\/wp-json\/wp\/v2\/types\/page"}],"author":[{"embeddable":true,"href":"https:\/\/dev3.crm4u.biz\/pl\/wp-json\/wp\/v2\/users\/2"}],"replies":[{"embeddable":true,"href":"https:\/\/dev3.crm4u.biz\/pl\/wp-json\/wp\/v2\/comments?post=1073"}],"version-history":[{"count":3,"href":"https:\/\/dev3.crm4u.biz\/pl\/wp-json\/wp\/v2\/pages\/1073\/revisions"}],"predecessor-version":[{"id":6228,"href":"https:\/\/dev3.crm4u.biz\/pl\/wp-json\/wp\/v2\/pages\/1073\/revisions\/6228"}],"wp:attachment":[{"href":"https:\/\/dev3.crm4u.biz\/pl\/wp-json\/wp\/v2\/media?parent=1073"}],"curies":[{"name":"wp","href":"https:\/\/api.w.org\/{rel}","templated":true}]}}