{"id":1044,"date":"2018-02-21T10:20:29","date_gmt":"2018-02-21T07:20:29","guid":{"rendered":"https:\/\/globaljobs.pl\/?page_id=1044"},"modified":"2021-06-30T10:15:06","modified_gmt":"2021-06-30T07:15:06","slug":"biznes","status":"publish","type":"page","link":"https:\/\/dev3.crm4u.biz\/pl\/biznes\/","title":{"rendered":"Biznes"},"content":{"rendered":"<p>[vc_row][vc_column][vc_custom_heading text=&#8221;Za\u0142o\u017cenie biznesu&#8221; font_container=&#8221;tag:h1|text_align:center|color:%23437341&#8243; google_fonts=&#8221;font_family:Roboto%20Condensed%3A300%2C300italic%2Cregular%2Citalic%2C700%2C700italic|font_style:400%20regular%3A400%3Anormal&#8221; css_animation=&#8221;zoomIn&#8221;][\/vc_column][\/vc_row][vc_row][vc_column][vc_column_text]<\/p>\n<p style=\"text-align: left;\"><strong>Polska jest stabilnym i rozwini\u0119tym gospodarczo krajem.<\/strong><\/p>\n<p style=\"text-align: left;\">Brak korupcji, doskona\u0142a infrastruktura i dogodna lokalizacja tranzytowa czyni\u0105 ten kraj atrakcyjnym do za\u0142o\u017cenia i prowadzenia dzia\u0142alno\u015bci gospodarczej. Pa\u0144stwo Polskie jest lojalne wobec obcokrajowc\u00f3w, kt\u00f3rzy buduj\u0105 tutaj sw\u00f3j w\u0142asny biznes, poniewa\u017c tworz\u0105 nowe miejsca pracy i odprowadzaj\u0105 podatki.<br \/>\nDzia\u0142alno\u015b\u0107 gospodarcza jest uregulowana Ustaw\u0105 z dnia 19 listopada 1999 roku \u201ePrawo dzia\u0142alno\u015bci gospodarczej\u201d oraz Ustaw\u0105 z dnia 2 lipca 2004 roku \u201eO swobodzie dzia\u0142alno\u015bci gospodarczej\u201d.<br \/>\nOferujemy profesjonaln\u0105 pomoc na wszystkich etapach legalizacji oraz organizacji \u017cycia i biznesu w Polsce.<br \/>\nWi\u0119cej informacji na temat za\u0142o\u017cenia biznesu w Polsce mo\u017cna znale\u017a\u0107 klikaj\u0105c na poni\u017csze zak\u0142adki:<\/p>\n<p>[\/vc_column_text][\/vc_column][\/vc_row][vc_row][vc_column css_animation=&#8221;zoomInLeft&#8221; width=&#8221;1\/3&#8243;][vc_column_text el_class=&#8221;minimheight30&#8243;]<\/p>\n<p class=\"block-2\">Rejestracja Sp. z o.o. i prywatnego przedsi\u0119biorstwa w Polsce<\/p>\n<p>[\/vc_column_text][vc_column_text]<a href=\"\/pl\/rejestracja-osob-prawnych-i-fizycznych\/\"><img class=\"aligncenter wp-image-359\" src=\"https:\/\/dev3.crm4u.biz\/wp-content\/uploads\/2018\/01\/registratsiya-ooo-400x268.jpg\" alt=\"\" width=\"380\" height=\"254\" srcset=\"https:\/\/dev3.crm4u.biz\/wp-content\/uploads\/2018\/01\/registratsiya-ooo-200x134.jpg 200w, https:\/\/dev3.crm4u.biz\/wp-content\/uploads\/2018\/01\/registratsiya-ooo-300x201.jpg 300w, https:\/\/dev3.crm4u.biz\/wp-content\/uploads\/2018\/01\/registratsiya-ooo-400x268.jpg 400w, https:\/\/dev3.crm4u.biz\/wp-content\/uploads\/2018\/01\/registratsiya-ooo-600x401.jpg 600w, https:\/\/dev3.crm4u.biz\/wp-content\/uploads\/2018\/01\/registratsiya-ooo.jpg 640w\" sizes=\"(max-width: 380px) 100vw, 380px\" \/><\/a>[\/vc_column_text][vc_column_text el_class=&#8221;minheightliz50&#8243;]<\/p>\n<p style=\"text-align: center;\">Proces zak\u0142adania i rejestracji sp\u00f3\u0142ki z ograniczon\u0105 odpowiedzialno\u015bci\u0105 i prywatnego przedsi\u0119biorstwa w Polsce wymaga spe\u0142nienia warunk\u00f3w okre\u015blonych przez prawo.<\/p>\n<p>[\/vc_column_text][vc_btn title=&#8221;WI\u0118CEJ&#8221; shape=&#8221;round&#8221; color=&#8221;success&#8221; align=&#8221;center&#8221; link=&#8221;url:%2Fpl%2Frejestracja-osob-prawnych-i-fizycznych%2F|||&#8221;][\/vc_column][vc_column css_animation=&#8221;zoomInLeft&#8221; width=&#8221;1\/3&#8243;][vc_column_text el_class=&#8221;minimheight30&#8243;]<\/p>\n<p class=\"block-2\">Licencjonowanie dzia\u0142alno\u015bci<\/p>\n<p>[\/vc_column_text][vc_column_text]<a href=\"\/pl\/licencjonowanie-dzialalnosci\/\"><img class=\"aligncenter wp-image-362 size-full\" src=\"https:\/\/dev3.crm4u.biz\/wp-content\/uploads\/2018\/01\/litsenzirovaniye-deyat.jpg\" alt=\"\" width=\"381\" height=\"254\" srcset=\"https:\/\/dev3.crm4u.biz\/wp-content\/uploads\/2018\/01\/litsenzirovaniye-deyat-200x133.jpg 200w, https:\/\/dev3.crm4u.biz\/wp-content\/uploads\/2018\/01\/litsenzirovaniye-deyat-300x200.jpg 300w, https:\/\/dev3.crm4u.biz\/wp-content\/uploads\/2018\/01\/litsenzirovaniye-deyat.jpg 381w\" sizes=\"(max-width: 381px) 100vw, 381px\" \/><\/a>[\/vc_column_text][vc_column_text el_class=&#8221;minheightliz50&#8243;]<\/p>\n<p style=\"text-align: center;\">Licencjonowanie dzia\u0142alno\u015bci gospodarczej w Polsce jest jedn\u0105 z kluczowych kwestii dotycz\u0105cych legalnego, udanego, otwartego i odnosz\u0105cego sukcesy biznesu w Europie, a w szczeg\u00f3lno\u015bci w Polsce.<\/p>\n<p>[\/vc_column_text][vc_btn title=&#8221;WI\u0118CEJ&#8221; shape=&#8221;round&#8221; color=&#8221;success&#8221; align=&#8221;center&#8221; link=&#8221;url:%2Fpl%2Flicencjonowanie-dzialalnosci%2F|||&#8221;][\/vc_column][vc_column css_animation=&#8221;zoomInLeft&#8221; width=&#8221;1\/3&#8243;][vc_column_text el_class=&#8221;minimheight30&#8243;]<\/p>\n<p class=\"block-2\">Rejestracja znaku handlowego<\/p>\n<p>[\/vc_column_text][vc_column_text]<a href=\"\/pl\/rejestracja-znaku-handlowego-w-polsce\/\"><img class=\"aligncenter wp-image-364 size-full\" src=\"https:\/\/dev3.crm4u.biz\/wp-content\/uploads\/2018\/01\/tov-znak.jpg\" alt=\"\" width=\"381\" height=\"254\" srcset=\"https:\/\/dev3.crm4u.biz\/wp-content\/uploads\/2018\/01\/tov-znak-200x133.jpg 200w, https:\/\/dev3.crm4u.biz\/wp-content\/uploads\/2018\/01\/tov-znak-300x200.jpg 300w, https:\/\/dev3.crm4u.biz\/wp-content\/uploads\/2018\/01\/tov-znak.jpg 381w\" sizes=\"(max-width: 381px) 100vw, 381px\" \/><\/a>[\/vc_column_text][vc_column_text el_class=&#8221;minheightliz50&#8243;]<\/p>\n<p style=\"text-align: center;\">Dowolna marka handlowa jest identyfikatorem towaru lub us\u0142ugi i musi by\u0107 sformalizowana zgodnie z prawem mi\u0119dzynarodowym.<\/p>\n<p>[\/vc_column_text][vc_btn title=&#8221;WI\u0118CEJ&#8221; shape=&#8221;round&#8221; color=&#8221;success&#8221; align=&#8221;center&#8221; link=&#8221;url:%2Fpl%2Frejestracja-znaku-handlowego-w-polsce%2F|||&#8221;][\/vc_column][\/vc_row][vc_row][vc_column][vc_separator color=&#8221;custom&#8221; style=&#8221;shadow&#8221; css=&#8221;.vc_custom_1516043199829{margin-top: 30px !important;}&#8221; accent_color=&#8221;#719971&#8243;][\/vc_column][\/vc_row][vc_row css=&#8221;.vc_custom_1516043286477{margin-top: 10px !important;}&#8221;][vc_column css_animation=&#8221;zoomInLeft&#8221; width=&#8221;1\/2&#8243;][vc_column_text]<\/p>\n<p class=\"block-2\">Prowadzenie ksi\u0119gowo\u015bci<\/p>\n<p>[\/vc_column_text][vc_column_text]<a href=\"\/pl\/wsparcie-ksiegowe-firm-w-polsce\/\"><img class=\"aligncenter wp-image-587 size-full\" src=\"https:\/\/dev3.crm4u.biz\/wp-content\/uploads\/2018\/01\/buh-soprovozhden.jpg\" alt=\"\" width=\"587\" height=\"257\" srcset=\"https:\/\/dev3.crm4u.biz\/wp-content\/uploads\/2018\/01\/buh-soprovozhden-200x88.jpg 200w, https:\/\/dev3.crm4u.biz\/wp-content\/uploads\/2018\/01\/buh-soprovozhden-300x131.jpg 300w, https:\/\/dev3.crm4u.biz\/wp-content\/uploads\/2018\/01\/buh-soprovozhden-400x175.jpg 400w, https:\/\/dev3.crm4u.biz\/wp-content\/uploads\/2018\/01\/buh-soprovozhden.jpg 587w\" sizes=\"(max-width: 587px) 100vw, 587px\" \/><\/a>[\/vc_column_text][vc_column_text el_class=&#8221;minheight60&#8243;]<\/p>\n<p style=\"text-align: center;\">Ka\u017cda firma potrzebuje profesjonalnego wsparcia ksi\u0119gowego. Pomo\u017ce maksymalnie upro\u015bci\u0107 relacje twojej firmy z urz\u0119dami w Polsce.<\/p>\n<p>[\/vc_column_text][vc_btn title=&#8221;WI\u0118CEJ&#8221; shape=&#8221;round&#8221; color=&#8221;success&#8221; align=&#8221;center&#8221; link=&#8221;url:%2Fpl%2Fwsparcie-ksiegowe-firm-w-polsce%2F|||&#8221;][\/vc_column][vc_column css_animation=&#8221;zoomInLeft&#8221; width=&#8221;1\/2&#8243;][vc_column_text]<\/p>\n<p class=\"block-2\">Otwarcie rachunk\u00f3w bankowych w Polsce<\/p>\n<p>[\/vc_column_text][vc_column_text]<a href=\"\/pl\/otwieranie-rachunkow-bankowych-w-polsce\/\"><img class=\"aligncenter wp-image-368 size-full\" src=\"https:\/\/dev3.crm4u.biz\/wp-content\/uploads\/2018\/01\/otkrytiye-schetov.jpg\" alt=\"\" width=\"587\" height=\"257\" srcset=\"https:\/\/dev3.crm4u.biz\/wp-content\/uploads\/2018\/01\/otkrytiye-schetov-200x88.jpg 200w, https:\/\/dev3.crm4u.biz\/wp-content\/uploads\/2018\/01\/otkrytiye-schetov-300x131.jpg 300w, https:\/\/dev3.crm4u.biz\/wp-content\/uploads\/2018\/01\/otkrytiye-schetov-400x175.jpg 400w, https:\/\/dev3.crm4u.biz\/wp-content\/uploads\/2018\/01\/otkrytiye-schetov.jpg 587w\" sizes=\"(max-width: 587px) 100vw, 587px\" \/><\/a>[\/vc_column_text][vc_column_text el_class=&#8221;minheight60&#8243;]<\/p>\n<p style=\"text-align: center;\">Obecno\u015b\u0107 konta bankowego jest niezb\u0119dna. Wcze\u015bniej czy p\u00f3\u017aniej ka\u017cdy, kto przyjecha\u0142 by mieszka\u0107 i pracowa\u0107 w Polsce, zada sobie pytanie: jak za\u0142o\u017cy\u0107 konto w polskim banku?<\/p>\n<p>[\/vc_column_text][vc_btn title=&#8221;WI\u0118CEJ&#8221; shape=&#8221;round&#8221; color=&#8221;success&#8221; align=&#8221;center&#8221; link=&#8221;url:%2Fpl%2Fotwieranie-rachunkow-bankowych-w-polsce%2F|||&#8221;][\/vc_column][\/vc_row][vc_row css=&#8221;.vc_custom_1514371284444{margin-top: 50px !important;margin-bottom: 50px !important;}&#8221;][vc_column][vc_text_separator title=&#8221;Nasze zalety&#8221; color=&#8221;custom&#8221; style=&#8221;double&#8221; el_width=&#8221;80&#8243; css_animation=&#8221;zoomIn&#8221; accent_color=&#8221;#3e993a&#8221;][\/vc_column][\/vc_row][vc_row css_animation=&#8221;fadeInLeftBig&#8221;][vc_column width=&#8221;1\/4&#8243;][vc_icon icon_fontawesome=&#8221;fa fa-handshake-o&#8221; color=&#8221;custom&#8221; size=&#8221;xl&#8221; align=&#8221;center&#8221; css_animation=&#8221;slideInUp&#8221; custom_color=&#8221;#3e993a&#8221;][vc_column_text css_animation=&#8221;slideInLeft&#8221; el_class=&#8221;minheight60&#8243;]<\/p>\n<p class=\"block-3\">Do\u015bwiadczenie<\/p>\n<p>[\/vc_column_text][vc_column_text css_animation=&#8221;slideInLeft&#8221;]<\/p>\n<p style=\"text-align: center;\">Proponujemy sprawdzone i pewne warianty opieraj\u0105c si\u0119 na swoje w\u0142asne, wieloletnie do\u015bwiadczenie<\/p>\n<p>[\/vc_column_text][\/vc_column][vc_column width=&#8221;1\/4&#8243;][vc_icon icon_fontawesome=&#8221;fa fa-thumbs-o-up&#8221; color=&#8221;custom&#8221; size=&#8221;xl&#8221; align=&#8221;center&#8221; css_animation=&#8221;slideInUp&#8221; custom_color=&#8221;#3e993a&#8221;][vc_column_text css_animation=&#8221;slideInLeft&#8221; el_class=&#8221;minheight60&#8243;]<\/p>\n<p class=\"block-3\">Jako\u015b\u0107<\/p>\n<p>[\/vc_column_text][vc_column_text css_animation=&#8221;slideInLeft&#8221;]<\/p>\n<p style=\"text-align: center;\">Zwracamy uwag\u0119 na jako\u015b\u0107 naszych us\u0142ug i d\u0105\u017cymy do utrzymania ich na najwy\u017cszym poziomie<\/p>\n<p>[\/vc_column_text][\/vc_column][vc_column width=&#8221;1\/4&#8243;][vc_icon icon_fontawesome=&#8221;fa fa-eur&#8221; color=&#8221;custom&#8221; size=&#8221;xl&#8221; align=&#8221;center&#8221; css_animation=&#8221;slideInUp&#8221; custom_color=&#8221;#3e993a&#8221;][vc_column_text css_animation=&#8221;slideInLeft&#8221; el_class=&#8221;minheight60&#8243;]<\/p>\n<p class=\"block-3\">Zach\u0119caj\u0105ca cena us\u0142ug<\/p>\n<p>[\/vc_column_text][vc_column_text css_animation=&#8221;slideInLeft&#8221;]<\/p>\n<p style=\"text-align: center;\">Elastyczne warunki i dost\u0119pne ceny, a tak\u017ce indywidualne podej\u015bcie do ka\u017cdego klienta<\/p>\n<p>[\/vc_column_text][\/vc_column][vc_column width=&#8221;1\/4&#8243;][vc_icon icon_fontawesome=&#8221;fa fa-star&#8221; color=&#8221;custom&#8221; size=&#8221;xl&#8221; align=&#8221;center&#8221; css_animation=&#8221;slideInUp&#8221; custom_color=&#8221;#3e993a&#8221;][vc_column_text css_animation=&#8221;slideInLeft&#8221; el_class=&#8221;minheight60&#8243;]<\/p>\n<p class=\"block-3\">Gwarancja<\/p>\n<p>[\/vc_column_text][vc_column_text css_animation=&#8221;slideInLeft&#8221;]<\/p>\n<p style=\"text-align: center;\">Gwarantujemy ca\u0142kowit\u0105 poufno\u015b\u0107 danych osobowych naszych klient\u00f3w, a tak\u017ce reprezentujemy interesy klient\u00f3w w ka\u017cdym mie\u015bcie w Polsce<\/p>\n<p>[\/vc_column_text][\/vc_column][\/vc_row][vc_row css=&#8221;.vc_custom_1559336285075{margin-top: 40px !important;border-top-width: 10px !important;border-right-width: 10px !important;border-bottom-width: 10px !important;border-left-width: 10px !important;border-left-color: #91ce73 !important;border-left-style: double !important;border-right-color: #91ce73 !important;border-right-style: double !important;border-top-color: #91ce73 !important;border-top-style: double !important;border-bottom-color: #91ce73 !important;border-bottom-style: double !important;border-radius: 1px !important;}&#8221;][vc_column width=&#8221;1\/2&#8243; css=&#8221;.vc_custom_1559335559510{padding-top: 20px !important;padding-right: 25px !important;padding-bottom: 20px !important;padding-left: 25px !important;}&#8221;][vc_custom_heading text=&#8221;Uzyskaj bezp\u0142atn\u0105 konsultacj\u0119!&#8221; font_container=&#8221;tag:p|font_size:28|text_align:center&#8221; use_theme_fonts=&#8221;yes&#8221; css_animation=&#8221;none&#8221;][vc_separator color=&#8221;custom&#8221; border_width=&#8221;3&#8243; el_width=&#8221;30&#8243; accent_color=&#8221;#437341&#8243;][vc_single_image image=&#8221;43&#8243; img_size=&#8221;full&#8221; alignment=&#8221;center&#8221;][\/vc_column][vc_column width=&#8221;1\/2&#8243; css=&#8221;.vc_custom_1559336229458{padding-top: 20px !important;padding-bottom: 20px !important;padding-left: 25px !important;}&#8221;][vc_empty_space height=&#8221;10px&#8221;][vc_column_text]<\/p>\n<p style=\"text-align: left; font-size: 18px;\"><strong>Zapisz si\u0119 na konsultacj\u0119<\/strong><\/p>\n<p style=\"text-align: left;\">Wype\u0142nij poni\u017cszy formularz i nasz specjalista<br \/>\nwkr\u00f3tce si\u0119 z tob\u0105 skontaktuje.<\/p>\n<p>[\/vc_column_text]<div role=\"form\" class=\"wpcf7\" id=\"wpcf7-f915-o1\" lang=\"ru-RU\" dir=\"ltr\">\n<div class=\"screen-reader-response\"><p role=\"status\" aria-live=\"polite\" aria-atomic=\"true\"><\/p> <ul><\/ul><\/div>\n<form action=\"\/pl\/wp-json\/wp\/v2\/pages\/1044#wpcf7-f915-o1\" method=\"post\" class=\"wpcf7-form init\" novalidate=\"novalidate\" data-status=\"init\">\n<div style=\"display: none;\">\n<input type=\"hidden\" name=\"_wpcf7\" value=\"915\" \/>\n<input type=\"hidden\" name=\"_wpcf7_version\" value=\"5.6.2\" \/>\n<input type=\"hidden\" name=\"_wpcf7_locale\" value=\"ru_RU\" \/>\n<input type=\"hidden\" name=\"_wpcf7_unit_tag\" value=\"wpcf7-f915-o1\" \/>\n<input type=\"hidden\" name=\"_wpcf7_container_post\" value=\"0\" \/>\n<input type=\"hidden\" name=\"_wpcf7_posted_data_hash\" value=\"\" \/>\n<input type=\"hidden\" name=\"_wpcf7_recaptcha_response\" value=\"\" \/>\n<\/div>\n<p><label><span class=\"wpcf7-form-control-wrap\" data-name=\"text-571\"><input type=\"text\" name=\"text-571\" value=\"\" size=\"40\" class=\"wpcf7-form-control wpcf7-text wpcf7-validates-as-required your-f\" id=\"your-name\" aria-required=\"true\" aria-invalid=\"false\" placeholder=\"Twoje Imi\u0119, nazwisko\" \/><\/span><\/label><br \/>\n<label><span class=\"wpcf7-form-control-wrap\" data-name=\"tel-315\"><input type=\"tel\" name=\"tel-315\" value=\"\" size=\"40\" class=\"wpcf7-form-control wpcf7-text wpcf7-tel wpcf7-validates-as-required wpcf7-validates-as-tel your-f\" id=\"your-phon\" aria-required=\"true\" aria-invalid=\"false\" placeholder=\"Tw\u00f3j numer telefonu\" \/><\/span><\/label><br \/>\n<label><span class=\"wpcf7-form-control-wrap\" data-name=\"email-485\"><input type=\"email\" name=\"email-485\" value=\"\" size=\"40\" class=\"wpcf7-form-control wpcf7-text wpcf7-email wpcf7-validates-as-email your-f\" id=\"your-email\" aria-invalid=\"false\" placeholder=\"Twoja poczta\" \/><\/span><\/label><br \/>\n<label><span class=\"wpcf7-form-control-wrap\" data-name=\"text-577\"><input type=\"text\" name=\"text-577\" value=\"\" size=\"40\" class=\"wpcf7-form-control wpcf7-text wpcf7-validates-as-required your-f\" id=\"your-comment\" aria-required=\"true\" aria-invalid=\"false\" placeholder=\"Komentarz\" \/><\/span><\/label><br \/>\n<label><input type=\"submit\" value=\"Wy\u015blij\" class=\"wpcf7-form-control has-spinner wpcf7-submit your-f\" id=\"your-but\" \/><\/label><\/p>\n<div class=\"fusion-alert alert custom alert-custom fusion-alert-center wpcf7-response-output alert-dismissable\" role=\"alert\" style=\"border-width:1px;\"><div class=\"fusion-alert-content-wrapper\"><span class=\"fusion-alert-content\"><\/span><\/div><button type=\"button\" class=\"close toggle-alert\" data-dismiss=\"alert\" aria-label=\"Close\">&times;<\/button><\/div><\/form><\/div>[\/vc_column][\/vc_row][vc_row full_width=&#8221;stretch_row_content_no_spaces&#8221; css=&#8221;.vc_custom_1563962581909{margin-bottom: 0px !important;border-bottom-width: 0px !important;padding-bottom: 0px !important;}&#8221;][vc_column css=&#8221;.vc_custom_1563962588776{margin-bottom: 0px !important;border-bottom-width: 0px !important;padding-bottom: 0px !important;}&#8221;][vc_gmaps link=&#8221;#E-8_JTNDaWZyYW1lJTIwc3JjJTNEJTIyaHR0cHMlM0ElMkYlMkZ3d3cuZ29vZ2xlLmNvbSUyRm1hcHMlMkZlbWJlZCUzRnBiJTNEJTIxMW0xNCUyMTFtOCUyMTFtMyUyMTFkMjQ0My41MDIwNzQ1NDA4NTQ3JTIxMmQyMS4wMDIzNjg3JTIxM2Q1Mi4yMzQyNjM2JTIxM20yJTIxMWkxMDI0JTIxMmk3NjglMjE0ZjEzLjElMjEzbTMlMjExbTIlMjExczB4MCUyNTNBMHhjMDkzZTQ3NjI3MzAxNmNmJTIxMnNHbG9iYWwlMjUyMEpvYnMlMjE1ZTAlMjEzbTIlMjExc3BsJTIxMnNzYSUyMTR2MTYwNzYwOTYwMjY2OSUyMTVtMiUyMTFzcGwlMjEyc3NhJTIyJTIwd2lkdGglM0QlMjI2MDAlMjIlMjBoZWlnaHQlM0QlMjI0NTAlMjIlMjBmcmFtZWJvcmRlciUzRCUyMjAlMjIlMjBzdHlsZSUzRCUyMmJvcmRlciUzQTAlM0IlMjIlMjBhbGxvd2Z1bGxzY3JlZW4lM0QlMjIlMjIlMjBhcmlhLWhpZGRlbiUzRCUyMmZhbHNlJTIyJTIwdGFiaW5kZXglM0QlMjIwJTIyJTNFJTNDJTJGaWZyYW1lJTNF&#8221; size=&#8221;380&#8243; css=&#8221;.vc_custom_1607609717204{margin-bottom: 0px !important;border-bottom-width: 0px !important;padding-bottom: 0px !important;}&#8221;][\/vc_column][\/vc_row]<\/p>\n","protected":false},"excerpt":{"rendered":"<p> [&hellip;]<\/p>\n","protected":false},"author":2,"featured_media":2176,"parent":0,"menu_order":0,"comment_status":"closed","ping_status":"closed","template":"","meta":[],"yoast_head":"<!-- This site is optimized with the Yoast SEO plugin v19.5.1 - https:\/\/yoast.com\/wordpress\/plugins\/seo\/ -->\n<title>Otwarcie biznesu w Polsce. Us\u0142ugi i pomoc w Polsce. Biznes imigracja<\/title>\n<meta name=\"description\" content=\"Biznes imigracja do Polski. Us\u0142ugi i pomoc specjalist\u00f3w firmy GLOBAL JOBS. Biznes imigracja do Polski. Jak za\u0142o\u017cy\u0107 firm\u0119 w Polsce? Rejestracja biznesu.\" \/>\n<meta name=\"robots\" content=\"index, follow, max-snippet:-1, max-image-preview:large, max-video-preview:-1\" \/>\n<link rel=\"canonical\" href=\"https:\/\/dev3.crm4u.biz\/pl\/biznes\/\" \/>\n<meta property=\"og:locale\" content=\"pl_PL\" \/>\n<meta property=\"og:type\" content=\"article\" \/>\n<meta property=\"og:title\" content=\"Otwarcie biznesu w Polsce. Us\u0142ugi i pomoc w Polsce. Biznes imigracja\" \/>\n<meta property=\"og:description\" content=\"Biznes imigracja do Polski. Us\u0142ugi i pomoc specjalist\u00f3w firmy GLOBAL JOBS. Biznes imigracja do Polski w 2019 roku. Jak za\u0142o\u017cy\u0107 firm\u0119 w Polsce? Rejestracja biznesu 2019.\" \/>\n<meta property=\"og:url\" content=\"https:\/\/dev3.crm4u.biz\/pl\/biznes\/\" \/>\n<meta property=\"og:site_name\" content=\"GLOBAL JOBS\" \/>\n<meta property=\"article:modified_time\" content=\"2021-06-30T07:15:06+00:00\" \/>\n<meta property=\"og:image\" content=\"https:\/\/dev3.crm4u.biz\/wp-content\/uploads\/2019\/07\/logo-ss-pl.jpg\" \/>\n\t<meta property=\"og:image:width\" content=\"201\" \/>\n\t<meta property=\"og:image:height\" content=\"201\" \/>\n\t<meta property=\"og:image:type\" content=\"image\/jpeg\" \/>\n<meta name=\"twitter:card\" content=\"summary\" \/>\n<meta name=\"twitter:title\" content=\"Otwarcie biznesu w Polsce. Us\u0142ugi i pomoc w Polsce. Biznes imigracja\" \/>\n<meta name=\"twitter:description\" content=\"Biznes imigracja do Polski. Us\u0142ugi i pomoc specjalist\u00f3w firmy GLOBAL JOBS. Biznes imigracja do Polski w 2019 roku. Jak za\u0142o\u017cy\u0107 firm\u0119 w Polsce? Rejestracja biznesu 2019.\" \/>\n<meta name=\"twitter:image\" content=\"https:\/\/dev3.crm4u.biz\/wp-content\/uploads\/2019\/07\/logo-ss-pl.jpg\" \/>\n<meta name=\"twitter:label1\" content=\"Szacowany czas czytania\" \/>\n\t<meta name=\"twitter:data1\" content=\"6 minut\" \/>\n<script type=\"application\/ld+json\" class=\"yoast-schema-graph\">{\"@context\":\"https:\/\/schema.org\",\"@graph\":[{\"@type\":\"WebPage\",\"@id\":\"https:\/\/dev3.crm4u.biz\/pl\/biznes\/\",\"url\":\"https:\/\/dev3.crm4u.biz\/pl\/biznes\/\",\"name\":\"Otwarcie biznesu w Polsce. Us\u0142ugi i pomoc w Polsce. Biznes imigracja\",\"isPartOf\":{\"@id\":\"https:\/\/dev3.crm4u.biz\/#website\"},\"datePublished\":\"2018-02-21T07:20:29+00:00\",\"dateModified\":\"2021-06-30T07:15:06+00:00\",\"description\":\"Biznes imigracja do Polski. Us\u0142ugi i pomoc specjalist\u00f3w firmy GLOBAL JOBS. Biznes imigracja do Polski. Jak za\u0142o\u017cy\u0107 firm\u0119 w Polsce? Rejestracja biznesu.\",\"breadcrumb\":{\"@id\":\"https:\/\/dev3.crm4u.biz\/pl\/biznes\/#breadcrumb\"},\"inLanguage\":\"pl-PL\",\"potentialAction\":[{\"@type\":\"ReadAction\",\"target\":[\"https:\/\/dev3.crm4u.biz\/pl\/biznes\/\"]}]},{\"@type\":\"BreadcrumbList\",\"@id\":\"https:\/\/dev3.crm4u.biz\/pl\/biznes\/#breadcrumb\",\"itemListElement\":[{\"@type\":\"ListItem\",\"position\":1,\"name\":\"\u0413\u043b\u0430\u0432\u043d\u0430\u044f \u0441\u0442\u0440\u0430\u043d\u0438\u0446\u0430\",\"item\":\"https:\/\/dev3.crm4u.biz\/pl\/\"},{\"@type\":\"ListItem\",\"position\":2,\"name\":\"Biznes\"}]},{\"@type\":\"WebSite\",\"@id\":\"https:\/\/dev3.crm4u.biz\/#website\",\"url\":\"https:\/\/dev3.crm4u.biz\/\",\"name\":\"GLOBAL JOBS\",\"description\":\"GLOBAL JOBS\",\"publisher\":{\"@id\":\"https:\/\/dev3.crm4u.biz\/#organization\"},\"potentialAction\":[{\"@type\":\"SearchAction\",\"target\":{\"@type\":\"EntryPoint\",\"urlTemplate\":\"https:\/\/dev3.crm4u.biz\/?s={search_term_string}\"},\"query-input\":\"required name=search_term_string\"}],\"inLanguage\":\"pl-PL\"},{\"@type\":\"Organization\",\"@id\":\"https:\/\/dev3.crm4u.biz\/#organization\",\"name\":\"Global Jobs\",\"url\":\"https:\/\/dev3.crm4u.biz\/\",\"sameAs\":[],\"logo\":{\"@type\":\"ImageObject\",\"inLanguage\":\"pl-PL\",\"@id\":\"https:\/\/dev3.crm4u.biz\/#\/schema\/logo\/image\/\",\"url\":\"https:\/\/dev3.crm4u.biz\/wp-content\/uploads\/2018\/01\/logo-gl.png\",\"contentUrl\":\"https:\/\/dev3.crm4u.biz\/wp-content\/uploads\/2018\/01\/logo-gl.png\",\"width\":201,\"height\":61,\"caption\":\"Global Jobs\"},\"image\":{\"@id\":\"https:\/\/dev3.crm4u.biz\/#\/schema\/logo\/image\/\"}}]}<\/script>\n<!-- \/ Yoast SEO plugin. -->","yoast_head_json":{"title":"Otwarcie biznesu w Polsce. Us\u0142ugi i pomoc w Polsce. Biznes imigracja","description":"Biznes imigracja do Polski. Us\u0142ugi i pomoc specjalist\u00f3w firmy GLOBAL JOBS. Biznes imigracja do Polski. Jak za\u0142o\u017cy\u0107 firm\u0119 w Polsce? Rejestracja biznesu.","robots":{"index":"index","follow":"follow","max-snippet":"max-snippet:-1","max-image-preview":"max-image-preview:large","max-video-preview":"max-video-preview:-1"},"canonical":"https:\/\/dev3.crm4u.biz\/pl\/biznes\/","og_locale":"pl_PL","og_type":"article","og_title":"Otwarcie biznesu w Polsce. Us\u0142ugi i pomoc w Polsce. Biznes imigracja","og_description":"Biznes imigracja do Polski. Us\u0142ugi i pomoc specjalist\u00f3w firmy GLOBAL JOBS. Biznes imigracja do Polski w 2019 roku. Jak za\u0142o\u017cy\u0107 firm\u0119 w Polsce? Rejestracja biznesu 2019.","og_url":"https:\/\/dev3.crm4u.biz\/pl\/biznes\/","og_site_name":"GLOBAL JOBS","article_modified_time":"2021-06-30T07:15:06+00:00","og_image":[{"width":201,"height":201,"url":"https:\/\/dev3.crm4u.biz\/wp-content\/uploads\/2019\/07\/logo-ss-pl.jpg","type":"image\/jpeg"}],"twitter_card":"summary","twitter_title":"Otwarcie biznesu w Polsce. Us\u0142ugi i pomoc w Polsce. Biznes imigracja","twitter_description":"Biznes imigracja do Polski. Us\u0142ugi i pomoc specjalist\u00f3w firmy GLOBAL JOBS. Biznes imigracja do Polski w 2019 roku. Jak za\u0142o\u017cy\u0107 firm\u0119 w Polsce? Rejestracja biznesu 2019.","twitter_image":"https:\/\/dev3.crm4u.biz\/wp-content\/uploads\/2019\/07\/logo-ss-pl.jpg","twitter_misc":{"Szacowany czas czytania":"6 minut"},"schema":{"@context":"https:\/\/schema.org","@graph":[{"@type":"WebPage","@id":"https:\/\/dev3.crm4u.biz\/pl\/biznes\/","url":"https:\/\/dev3.crm4u.biz\/pl\/biznes\/","name":"Otwarcie biznesu w Polsce. Us\u0142ugi i pomoc w Polsce. Biznes imigracja","isPartOf":{"@id":"https:\/\/dev3.crm4u.biz\/#website"},"datePublished":"2018-02-21T07:20:29+00:00","dateModified":"2021-06-30T07:15:06+00:00","description":"Biznes imigracja do Polski. Us\u0142ugi i pomoc specjalist\u00f3w firmy GLOBAL JOBS. Biznes imigracja do Polski. Jak za\u0142o\u017cy\u0107 firm\u0119 w Polsce? Rejestracja biznesu.","breadcrumb":{"@id":"https:\/\/dev3.crm4u.biz\/pl\/biznes\/#breadcrumb"},"inLanguage":"pl-PL","potentialAction":[{"@type":"ReadAction","target":["https:\/\/dev3.crm4u.biz\/pl\/biznes\/"]}]},{"@type":"BreadcrumbList","@id":"https:\/\/dev3.crm4u.biz\/pl\/biznes\/#breadcrumb","itemListElement":[{"@type":"ListItem","position":1,"name":"\u0413\u043b\u0430\u0432\u043d\u0430\u044f \u0441\u0442\u0440\u0430\u043d\u0438\u0446\u0430","item":"https:\/\/dev3.crm4u.biz\/pl\/"},{"@type":"ListItem","position":2,"name":"Biznes"}]},{"@type":"WebSite","@id":"https:\/\/dev3.crm4u.biz\/#website","url":"https:\/\/dev3.crm4u.biz\/","name":"GLOBAL JOBS","description":"GLOBAL JOBS","publisher":{"@id":"https:\/\/dev3.crm4u.biz\/#organization"},"potentialAction":[{"@type":"SearchAction","target":{"@type":"EntryPoint","urlTemplate":"https:\/\/dev3.crm4u.biz\/?s={search_term_string}"},"query-input":"required name=search_term_string"}],"inLanguage":"pl-PL"},{"@type":"Organization","@id":"https:\/\/dev3.crm4u.biz\/#organization","name":"Global Jobs","url":"https:\/\/dev3.crm4u.biz\/","sameAs":[],"logo":{"@type":"ImageObject","inLanguage":"pl-PL","@id":"https:\/\/dev3.crm4u.biz\/#\/schema\/logo\/image\/","url":"https:\/\/dev3.crm4u.biz\/wp-content\/uploads\/2018\/01\/logo-gl.png","contentUrl":"https:\/\/dev3.crm4u.biz\/wp-content\/uploads\/2018\/01\/logo-gl.png","width":201,"height":61,"caption":"Global Jobs"},"image":{"@id":"https:\/\/dev3.crm4u.biz\/#\/schema\/logo\/image\/"}}]}},"_links":{"self":[{"href":"https:\/\/dev3.crm4u.biz\/pl\/wp-json\/wp\/v2\/pages\/1044"}],"collection":[{"href":"https:\/\/dev3.crm4u.biz\/pl\/wp-json\/wp\/v2\/pages"}],"about":[{"href":"https:\/\/dev3.crm4u.biz\/pl\/wp-json\/wp\/v2\/types\/page"}],"author":[{"embeddable":true,"href":"https:\/\/dev3.crm4u.biz\/pl\/wp-json\/wp\/v2\/users\/2"}],"replies":[{"embeddable":true,"href":"https:\/\/dev3.crm4u.biz\/pl\/wp-json\/wp\/v2\/comments?post=1044"}],"version-history":[{"count":2,"href":"https:\/\/dev3.crm4u.biz\/pl\/wp-json\/wp\/v2\/pages\/1044\/revisions"}],"predecessor-version":[{"id":3157,"href":"https:\/\/dev3.crm4u.biz\/pl\/wp-json\/wp\/v2\/pages\/1044\/revisions\/3157"}],"wp:featuredmedia":[{"embeddable":true,"href":"https:\/\/dev3.crm4u.biz\/pl\/wp-json\/wp\/v2\/media\/2176"}],"wp:attachment":[{"href":"https:\/\/dev3.crm4u.biz\/pl\/wp-json\/wp\/v2\/media?parent=1044"}],"curies":[{"name":"wp","href":"https:\/\/api.w.org\/{rel}","templated":true}]}}