{"id":1033,"date":"2018-02-20T15:27:41","date_gmt":"2018-02-20T12:27:41","guid":{"rendered":"https:\/\/globaljobs.pl\/?page_id=1033"},"modified":"2022-05-18T11:15:31","modified_gmt":"2022-05-18T08:15:31","slug":"legalizacja-pobytu","status":"publish","type":"page","link":"https:\/\/dev3.crm4u.biz\/pl\/legalizacja-pobytu\/","title":{"rendered":"Legalizacja pobytu"},"content":{"rendered":"<p>[vc_row][vc_column][vc_custom_heading text=&#8221;Legalizacja pobytu w Polsce&#8221; font_container=&#8221;tag:h1|text_align:center|color:%23437341&#8243; google_fonts=&#8221;font_family:Roboto%20Condensed%3A300%2C300italic%2Cregular%2Citalic%2C700%2C700italic|font_style:400%20regular%3A400%3Anormal&#8221; css_animation=&#8221;zoomIn&#8221;][\/vc_column][\/vc_row][vc_row][vc_column][vc_column_text]<\/p>\n<h2 style=\"text-align: center;\">Poby czasowy w Polsce<\/h2>\n<p style=\"text-align: left;\"><strong>Polska na wyci\u0105gni\u0119cie r\u0119ki!<\/strong><\/p>\n<p style=\"text-align: left;\">Razem z nami odkryjcie dla siebie ten wspania\u0142y kraj.<br \/>\nProfesjonalna pomoc na ka\u017cdym etapie legalizacji pobytu oraz organizacji \u017cycia i biznesu w Polsce.<br \/>\nZar\u00f3wno obywatele UE jak i mieszka\u0144cy innych pa\u0144stw przyje\u017cd\u017caj\u0105cy do Polski zobowi\u0105zani s\u0105 zalegalizowa\u0107 sw\u00f3j pobyt w Polsce.<br \/>\nPe\u0142n\u0105 informacj\u0119 o legalizacji pobytu mog\u0105 Pa\u0144stwo zobaczy\u0107 na klikaj\u0105c w poni\u017csze zak\u0142adki:<\/p>\n<p>[\/vc_column_text][\/vc_column][\/vc_row][vc_row][vc_column css_animation=&#8221;zoomInLeft&#8221; width=&#8221;1\/4&#8243;][vc_column_text]<\/p>\n<p class=\"block-2\">Zezwolenie na pobyt sta\u0142y w Polsce<\/p>\n<p>[\/vc_column_text][vc_column_text]<a href=\"\/pl\/zezwolenie-na-pobyt-staly\/\"><img class=\"aligncenter wp-image-311 size-full\" src=\"https:\/\/dev3.crm4u.biz\/wp-content\/uploads\/2018\/01\/postoyan-zhitelstvo.jpg\" alt=\"\" width=\"288\" height=\"192\" srcset=\"https:\/\/dev3.crm4u.biz\/wp-content\/uploads\/2018\/01\/postoyan-zhitelstvo-200x133.jpg 200w, https:\/\/dev3.crm4u.biz\/wp-content\/uploads\/2018\/01\/postoyan-zhitelstvo.jpg 288w\" sizes=\"(max-width: 288px) 100vw, 288px\" \/><\/a>[\/vc_column_text][vc_column_text el_class=&#8221;minheightliz50&#8243;]<\/p>\n<p style=\"text-align: center;\">Zezwolenie na pobyt sta\u0142y w Polsce wydawane jest na czas nieokre\u015blony<\/p>\n<p>[\/vc_column_text][vc_btn title=&#8221;WI\u0118CEJ&#8221; shape=&#8221;round&#8221; color=&#8221;success&#8221; align=&#8221;center&#8221; link=&#8221;url:%2Fpl%2Fzezwolenie-na-pobyt-staly%2F|||&#8221;][\/vc_column][vc_column css_animation=&#8221;zoomInLeft&#8221; width=&#8221;1\/4&#8243;][vc_column_text]<\/p>\n<p class=\"block-2\">Zezwolenie na pobyt czasowy w Polsce<\/p>\n<p>[\/vc_column_text][vc_column_text]<a href=\"\/pl\/zezwolenie-na-pobyt-czasowy-w-polsce\/\"><img class=\"aligncenter wp-image-333 size-full\" src=\"https:\/\/dev3.crm4u.biz\/wp-content\/uploads\/2018\/01\/vremenoye-zhitelstvo.jpg\" alt=\"\" width=\"288\" height=\"192\" srcset=\"https:\/\/dev3.crm4u.biz\/wp-content\/uploads\/2018\/01\/vremenoye-zhitelstvo-200x133.jpg 200w, https:\/\/dev3.crm4u.biz\/wp-content\/uploads\/2018\/01\/vremenoye-zhitelstvo.jpg 288w\" sizes=\"(max-width: 288px) 100vw, 288px\" \/><\/a>[\/vc_column_text][vc_column_text el_class=&#8221;minheightliz50&#8243;]<\/p>\n<p style=\"text-align: center;\">Zezwolenie na pobyt czasowy w Polsce wydawane jest na czas okre\u015blony<\/p>\n<p>[\/vc_column_text][vc_btn title=&#8221;WI\u0118CEJ&#8221; shape=&#8221;round&#8221; color=&#8221;success&#8221; align=&#8221;center&#8221; link=&#8221;url:%2Fpl%2Fzezwolenie-na-pobyt-czasowy-w-polsce%2F|||&#8221;][\/vc_column][vc_column css_animation=&#8221;zoomInLeft&#8221; width=&#8221;1\/4&#8243;][vc_column_text css=&#8221;.vc_custom_1563957959972{padding-bottom: 31px !important;}&#8221;]<\/p>\n<p class=\"block-2\">Polskie obywatelstwo<\/p>\n<p>[\/vc_column_text][vc_column_text]<a href=\"\/pl\/polskie-obywatelstwo\/\"><img class=\"aligncenter wp-image-580 size-full\" src=\"https:\/\/dev3.crm4u.biz\/wp-content\/uploads\/2018\/01\/grazhdanstvo-glavnaya-bl.jpg\" alt=\"\" width=\"387\" height=\"258\" srcset=\"https:\/\/dev3.crm4u.biz\/wp-content\/uploads\/2018\/01\/grazhdanstvo-glavnaya-bl-200x133.jpg 200w, https:\/\/dev3.crm4u.biz\/wp-content\/uploads\/2018\/01\/grazhdanstvo-glavnaya-bl-300x200.jpg 300w, https:\/\/dev3.crm4u.biz\/wp-content\/uploads\/2018\/01\/grazhdanstvo-glavnaya-bl.jpg 387w\" sizes=\"(max-width: 387px) 100vw, 387px\" \/><\/a>[\/vc_column_text][vc_column_text el_class=&#8221;minheightliz50&#8243;]<\/p>\n<p style=\"text-align: center;\">Istnieje kilka wariant\u00f3w otrzymania polskiego obywatelstwa<\/p>\n<p>[\/vc_column_text][vc_btn title=&#8221;WI\u0118CEJ&#8221; shape=&#8221;round&#8221; color=&#8221;success&#8221; align=&#8221;center&#8221; link=&#8221;url:%2Fpl%2Fpolskie-obywatelstwo%2F|||&#8221;][\/vc_column][vc_column css_animation=&#8221;zoomInLeft&#8221; width=&#8221;1\/4&#8243;][vc_column_text]<\/p>\n<p class=\"block-2\">Zezwolenie na pobyt rezydenta d\u0142ugoterminowego<\/p>\n<p>[\/vc_column_text][vc_column_text]<a href=\"\/pl\/uzyskanie-zezwolenia-na-pobyt-rezydenta-dlugoterminowego\/\"><img class=\"aligncenter wp-image-585 size-full\" src=\"https:\/\/dev3.crm4u.biz\/wp-content\/uploads\/2018\/01\/poluch-rezid.jpg\" alt=\"\" width=\"288\" height=\"192\" srcset=\"https:\/\/dev3.crm4u.biz\/wp-content\/uploads\/2018\/01\/poluch-rezid-200x133.jpg 200w, https:\/\/dev3.crm4u.biz\/wp-content\/uploads\/2018\/01\/poluch-rezid.jpg 288w\" sizes=\"(max-width: 288px) 100vw, 288px\" \/><\/a>[\/vc_column_text][vc_column_text el_class=&#8221;minheightliz50&#8243;]<\/p>\n<p style=\"text-align: center;\">Zezwolenie na pobyt rezydenta d\u0142ugoterminowego UE jest zezwoleniem, kt\u00f3re daje prawo na sta\u0142y pobyt w Polsce<\/p>\n<p>[\/vc_column_text][vc_btn title=&#8221;WI\u0118CEJ&#8221; shape=&#8221;round&#8221; color=&#8221;success&#8221; align=&#8221;center&#8221; link=&#8221;url:%2Fpl%2Fuzyskanie-zezwolenia-na-pobyt-rezydenta-dlugoterminowego%2F|||&#8221;][\/vc_column][\/vc_row][vc_row css=&#8221;.vc_custom_1514371284444{margin-top: 50px !important;margin-bottom: 50px !important;}&#8221;][vc_column][vc_text_separator title=&#8221;Nasze zalety&#8221; color=&#8221;custom&#8221; style=&#8221;double&#8221; el_width=&#8221;80&#8243; css_animation=&#8221;zoomIn&#8221; accent_color=&#8221;#3e993a&#8221;][\/vc_column][\/vc_row][vc_row css_animation=&#8221;fadeInLeftBig&#8221;][vc_column width=&#8221;1\/4&#8243;][vc_icon icon_fontawesome=&#8221;fa fa-handshake-o&#8221; color=&#8221;custom&#8221; size=&#8221;xl&#8221; align=&#8221;center&#8221; css_animation=&#8221;slideInUp&#8221; custom_color=&#8221;#3e993a&#8221;][vc_column_text css_animation=&#8221;slideInLeft&#8221; el_class=&#8221;minheight60&#8243;]<\/p>\n<p class=\"block-3\">Do\u015bwiadczenie<\/p>\n<p>[\/vc_column_text][vc_column_text css_animation=&#8221;slideInLeft&#8221;]<\/p>\n<p style=\"text-align: center;\">Proponujemy sprawdzone i pewne warianty opieraj\u0105c si\u0119 na swoje w\u0142asne, wieloletnie do\u015bwiadczenie<\/p>\n<p>[\/vc_column_text][\/vc_column][vc_column width=&#8221;1\/4&#8243;][vc_icon icon_fontawesome=&#8221;fa fa-thumbs-o-up&#8221; color=&#8221;custom&#8221; size=&#8221;xl&#8221; align=&#8221;center&#8221; css_animation=&#8221;slideInUp&#8221; custom_color=&#8221;#3e993a&#8221;][vc_column_text css_animation=&#8221;slideInLeft&#8221; el_class=&#8221;minheight60&#8243;]<\/p>\n<p class=\"block-3\">Jako\u015b\u0107<\/p>\n<p>[\/vc_column_text][vc_column_text css_animation=&#8221;slideInLeft&#8221;]<\/p>\n<p style=\"text-align: center;\">Zwracamy uwag\u0119 na jako\u015b\u0107 naszych us\u0142ug i d\u0105\u017cymy do utrzymania ich na najwy\u017cszym poziomie<\/p>\n<p>[\/vc_column_text][\/vc_column][vc_column width=&#8221;1\/4&#8243;][vc_icon icon_fontawesome=&#8221;fa fa-eur&#8221; color=&#8221;custom&#8221; size=&#8221;xl&#8221; align=&#8221;center&#8221; css_animation=&#8221;slideInUp&#8221; custom_color=&#8221;#3e993a&#8221;][vc_column_text css_animation=&#8221;slideInLeft&#8221; el_class=&#8221;minheight60&#8243;]<\/p>\n<p class=\"block-3\">Zach\u0119caj\u0105ca cena us\u0142ug<\/p>\n<p>[\/vc_column_text][vc_column_text css_animation=&#8221;slideInLeft&#8221;]<\/p>\n<p style=\"text-align: center;\">Elastyczne warunki i dost\u0119pne ceny, a tak\u017ce indywidualne podej\u015bcie do ka\u017cdego klienta<\/p>\n<p>[\/vc_column_text][\/vc_column][vc_column width=&#8221;1\/4&#8243;][vc_icon icon_fontawesome=&#8221;fa fa-star&#8221; color=&#8221;custom&#8221; size=&#8221;xl&#8221; align=&#8221;center&#8221; css_animation=&#8221;slideInUp&#8221; custom_color=&#8221;#3e993a&#8221;][vc_column_text css_animation=&#8221;slideInLeft&#8221; el_class=&#8221;minheight60&#8243;]<\/p>\n<p class=\"block-3\">Gwarancja<\/p>\n<p>[\/vc_column_text][vc_column_text css_animation=&#8221;slideInLeft&#8221;]<\/p>\n<p style=\"text-align: center;\">Gwarantujemy ca\u0142kowit\u0105 poufno\u015b\u0107 danych osobowych naszych klient\u00f3w, a tak\u017ce reprezentujemy interesy klient\u00f3w w ka\u017cdym mie\u015bcie w Polsce<\/p>\n<p>[\/vc_column_text][\/vc_column][\/vc_row][vc_row css=&#8221;.vc_custom_1514374816820{margin-top: 40px !important;margin-bottom: 50px !important;}&#8221;][vc_column][vc_text_separator title=&#8221;Uzyskaj konsultacj\u0119!&#8221; color=&#8221;custom&#8221; style=&#8221;double&#8221; el_width=&#8221;80&#8243; css_animation=&#8221;zoomIn&#8221; accent_color=&#8221;#3e993a&#8221;][\/vc_column][\/vc_row][vc_row full_width=&#8221;stretch_row&#8221; css=&#8221;.vc_custom_1514375040339{margin-top: 30px !important;padding-bottom: 30px !important;}&#8221;][vc_column width=&#8221;1\/2&#8243;][vc_single_image image=&#8221;43&#8243; img_size=&#8221;full&#8221; alignment=&#8221;center&#8221;][\/vc_column][vc_column width=&#8221;1\/2&#8243;]<div role=\"form\" class=\"wpcf7\" id=\"wpcf7-f915-o1\" lang=\"ru-RU\" dir=\"ltr\">\n<div class=\"screen-reader-response\"><p role=\"status\" aria-live=\"polite\" aria-atomic=\"true\"><\/p> <ul><\/ul><\/div>\n<form action=\"\/pl\/wp-json\/wp\/v2\/pages\/1033#wpcf7-f915-o1\" method=\"post\" class=\"wpcf7-form init\" novalidate=\"novalidate\" data-status=\"init\">\n<div style=\"display: none;\">\n<input type=\"hidden\" name=\"_wpcf7\" value=\"915\" \/>\n<input type=\"hidden\" name=\"_wpcf7_version\" value=\"5.6.2\" \/>\n<input type=\"hidden\" name=\"_wpcf7_locale\" value=\"ru_RU\" \/>\n<input type=\"hidden\" name=\"_wpcf7_unit_tag\" value=\"wpcf7-f915-o1\" \/>\n<input type=\"hidden\" name=\"_wpcf7_container_post\" value=\"0\" \/>\n<input type=\"hidden\" name=\"_wpcf7_posted_data_hash\" value=\"\" \/>\n<input type=\"hidden\" name=\"_wpcf7_recaptcha_response\" value=\"\" \/>\n<\/div>\n<p><label><span class=\"wpcf7-form-control-wrap\" data-name=\"text-571\"><input type=\"text\" name=\"text-571\" value=\"\" size=\"40\" class=\"wpcf7-form-control wpcf7-text wpcf7-validates-as-required your-f\" id=\"your-name\" aria-required=\"true\" aria-invalid=\"false\" placeholder=\"Twoje Imi\u0119, nazwisko\" \/><\/span><\/label><br \/>\n<label><span class=\"wpcf7-form-control-wrap\" data-name=\"tel-315\"><input type=\"tel\" name=\"tel-315\" value=\"\" size=\"40\" class=\"wpcf7-form-control wpcf7-text wpcf7-tel wpcf7-validates-as-required wpcf7-validates-as-tel your-f\" id=\"your-phon\" aria-required=\"true\" aria-invalid=\"false\" placeholder=\"Tw\u00f3j numer telefonu\" \/><\/span><\/label><br \/>\n<label><span class=\"wpcf7-form-control-wrap\" data-name=\"email-485\"><input type=\"email\" name=\"email-485\" value=\"\" size=\"40\" class=\"wpcf7-form-control wpcf7-text wpcf7-email wpcf7-validates-as-email your-f\" id=\"your-email\" aria-invalid=\"false\" placeholder=\"Twoja poczta\" \/><\/span><\/label><br \/>\n<label><span class=\"wpcf7-form-control-wrap\" data-name=\"text-577\"><input type=\"text\" name=\"text-577\" value=\"\" size=\"40\" class=\"wpcf7-form-control wpcf7-text wpcf7-validates-as-required your-f\" id=\"your-comment\" aria-required=\"true\" aria-invalid=\"false\" placeholder=\"Komentarz\" \/><\/span><\/label><br \/>\n<label><input type=\"submit\" value=\"Wy\u015blij\" class=\"wpcf7-form-control has-spinner wpcf7-submit your-f\" id=\"your-but\" \/><\/label><\/p>\n<div class=\"fusion-alert alert custom alert-custom fusion-alert-center wpcf7-response-output alert-dismissable\" role=\"alert\" style=\"border-width:1px;\"><div class=\"fusion-alert-content-wrapper\"><span class=\"fusion-alert-content\"><\/span><\/div><button type=\"button\" class=\"close toggle-alert\" data-dismiss=\"alert\" aria-label=\"Close\">&times;<\/button><\/div><\/form><\/div>[\/vc_column][\/vc_row][vc_row full_width=&#8221;stretch_row_content_no_spaces&#8221; css=&#8221;.vc_custom_1563958126274{margin-top: 0px !important;margin-bottom: 0px !important;border-top-width: 0px !important;border-bottom-width: 0px !important;padding-top: 0px !important;padding-bottom: 0px !important;}&#8221;][vc_column css=&#8221;.vc_custom_1563958139256{margin-top: 0px !important;margin-bottom: 0px !important;border-top-width: 0px !important;border-bottom-width: 0px !important;padding-top: 0px !important;padding-bottom: 0px !important;}&#8221;][vc_gmaps link=&#8221;#E-8_JTNDaWZyYW1lJTIwc3JjJTNEJTIyaHR0cHMlM0ElMkYlMkZ3d3cuZ29vZ2xlLmNvbSUyRm1hcHMlMkZlbWJlZCUzRnBiJTNEJTIxMW0xNCUyMTFtOCUyMTFtMyUyMTFkMjQ0My41MDIwNzQ1NDA4NTQ3JTIxMmQyMS4wMDIzNjg3JTIxM2Q1Mi4yMzQyNjM2JTIxM20yJTIxMWkxMDI0JTIxMmk3NjglMjE0ZjEzLjElMjEzbTMlMjExbTIlMjExczB4MCUyNTNBMHhjMDkzZTQ3NjI3MzAxNmNmJTIxMnNHbG9iYWwlMjUyMEpvYnMlMjE1ZTAlMjEzbTIlMjExc3BsJTIxMnNzYSUyMTR2MTYwNzYwOTYwMjY2OSUyMTVtMiUyMTFzcGwlMjEyc3NhJTIyJTIwd2lkdGglM0QlMjI2MDAlMjIlMjBoZWlnaHQlM0QlMjI0NTAlMjIlMjBmcmFtZWJvcmRlciUzRCUyMjAlMjIlMjBzdHlsZSUzRCUyMmJvcmRlciUzQTAlM0IlMjIlMjBhbGxvd2Z1bGxzY3JlZW4lM0QlMjIlMjIlMjBhcmlhLWhpZGRlbiUzRCUyMmZhbHNlJTIyJTIwdGFiaW5kZXglM0QlMjIwJTIyJTNFJTNDJTJGaWZyYW1lJTNF&#8221; size=&#8221;380&#8243; css=&#8221;.vc_custom_1607611963057{margin-top: 0px !important;margin-bottom: 0px !important;border-top-width: 0px !important;border-bottom-width: 0px !important;padding-top: 0px !important;padding-bottom: 0px !important;}&#8221;][\/vc_column][\/vc_row]<\/p>\n","protected":false},"excerpt":{"rendered":"<p> [&hellip;]<\/p>\n","protected":false},"author":2,"featured_media":2181,"parent":0,"menu_order":0,"comment_status":"closed","ping_status":"closed","template":"","meta":[],"yoast_head":"<!-- This site is optimized with the Yoast SEO plugin v19.5.1 - https:\/\/yoast.com\/wordpress\/plugins\/seo\/ -->\n<title>Poby czasowy. Legalizacja pobytu w Polsce. Uzyskaj pobyt czasowy w Polsce<\/title>\n<meta name=\"description\" content=\"Us\u0142ugi na pobyt czasowy w Polsce. Uzyskanie zezwolenia na pobyt czasowy dla Rosjan, Ukrai\u0144c\u00f3w, Bia\u0142orusin\u00f3w i wszystkich Rosjan. Pomoc w legalizacji pobytu \/ pobytu w Polsce.\" \/>\n<meta name=\"robots\" content=\"index, follow, max-snippet:-1, max-image-preview:large, max-video-preview:-1\" \/>\n<link rel=\"canonical\" href=\"https:\/\/dev3.crm4u.biz\/pl\/legalizacja-pobytu\/\" \/>\n<meta property=\"og:locale\" content=\"pl_PL\" \/>\n<meta property=\"og:type\" content=\"article\" \/>\n<meta property=\"og:title\" content=\"Poby czasowy. Legalizacja pobytu w Polsce. Uzyskaj pobyt czasowy w Polsce\" \/>\n<meta property=\"og:description\" content=\"Us\u0142ugi na pobyt czasowy w Polsce. Uzyskanie zezwolenia na pobyt czasowy dla Rosjan, Ukrai\u0144c\u00f3w, Bia\u0142orusin\u00f3w i wszystkich Rosjan. Pomoc w legalizacji pobytu \/ pobytu w Polsce w 2019 roku.\" \/>\n<meta property=\"og:url\" content=\"https:\/\/dev3.crm4u.biz\/pl\/legalizacja-pobytu\/\" \/>\n<meta property=\"og:site_name\" content=\"GLOBAL JOBS\" \/>\n<meta property=\"article:modified_time\" content=\"2022-05-18T08:15:31+00:00\" \/>\n<meta property=\"og:image\" content=\"https:\/\/dev3.crm4u.biz\/wp-content\/uploads\/2019\/07\/logo-ss-pl.jpg\" \/>\n\t<meta property=\"og:image:width\" content=\"201\" \/>\n\t<meta property=\"og:image:height\" content=\"201\" \/>\n\t<meta property=\"og:image:type\" content=\"image\/jpeg\" \/>\n<meta name=\"twitter:card\" content=\"summary\" \/>\n<meta name=\"twitter:title\" content=\"Poby czasowy. Legalizacja pobytu w Polsce. Uzyskaj pobyt czasowy w Polsce\" \/>\n<meta name=\"twitter:description\" content=\"Us\u0142ugi na pobyt czasowy w Polsce. Uzyskanie zezwolenia na pobyt czasowy dla Rosjan, Ukrai\u0144c\u00f3w, Bia\u0142orusin\u00f3w i wszystkich Rosjan. Pomoc w legalizacji pobytu \/ pobytu w Polsce w 2019 roku.\" \/>\n<meta name=\"twitter:image\" content=\"https:\/\/dev3.crm4u.biz\/wp-content\/uploads\/2019\/07\/logo-ss-pl.jpg\" \/>\n<meta name=\"twitter:label1\" content=\"Szacowany czas czytania\" \/>\n\t<meta name=\"twitter:data1\" content=\"3 minuty\" \/>\n<script type=\"application\/ld+json\" class=\"yoast-schema-graph\">{\"@context\":\"https:\/\/schema.org\",\"@graph\":[{\"@type\":\"WebPage\",\"@id\":\"https:\/\/dev3.crm4u.biz\/pl\/legalizacja-pobytu\/\",\"url\":\"https:\/\/dev3.crm4u.biz\/pl\/legalizacja-pobytu\/\",\"name\":\"Poby czasowy. Legalizacja pobytu w Polsce. Uzyskaj pobyt czasowy w Polsce\",\"isPartOf\":{\"@id\":\"https:\/\/dev3.crm4u.biz\/#website\"},\"datePublished\":\"2018-02-20T12:27:41+00:00\",\"dateModified\":\"2022-05-18T08:15:31+00:00\",\"description\":\"Us\u0142ugi na pobyt czasowy w Polsce. Uzyskanie zezwolenia na pobyt czasowy dla Rosjan, Ukrai\u0144c\u00f3w, Bia\u0142orusin\u00f3w i wszystkich Rosjan. Pomoc w legalizacji pobytu \/ pobytu w Polsce.\",\"breadcrumb\":{\"@id\":\"https:\/\/dev3.crm4u.biz\/pl\/legalizacja-pobytu\/#breadcrumb\"},\"inLanguage\":\"pl-PL\",\"potentialAction\":[{\"@type\":\"ReadAction\",\"target\":[\"https:\/\/dev3.crm4u.biz\/pl\/legalizacja-pobytu\/\"]}]},{\"@type\":\"BreadcrumbList\",\"@id\":\"https:\/\/dev3.crm4u.biz\/pl\/legalizacja-pobytu\/#breadcrumb\",\"itemListElement\":[{\"@type\":\"ListItem\",\"position\":1,\"name\":\"\u0413\u043b\u0430\u0432\u043d\u0430\u044f \u0441\u0442\u0440\u0430\u043d\u0438\u0446\u0430\",\"item\":\"https:\/\/dev3.crm4u.biz\/pl\/\"},{\"@type\":\"ListItem\",\"position\":2,\"name\":\"Legalizacja pobytu\"}]},{\"@type\":\"WebSite\",\"@id\":\"https:\/\/dev3.crm4u.biz\/#website\",\"url\":\"https:\/\/dev3.crm4u.biz\/\",\"name\":\"GLOBAL JOBS\",\"description\":\"GLOBAL JOBS\",\"publisher\":{\"@id\":\"https:\/\/dev3.crm4u.biz\/#organization\"},\"potentialAction\":[{\"@type\":\"SearchAction\",\"target\":{\"@type\":\"EntryPoint\",\"urlTemplate\":\"https:\/\/dev3.crm4u.biz\/?s={search_term_string}\"},\"query-input\":\"required name=search_term_string\"}],\"inLanguage\":\"pl-PL\"},{\"@type\":\"Organization\",\"@id\":\"https:\/\/dev3.crm4u.biz\/#organization\",\"name\":\"Global Jobs\",\"url\":\"https:\/\/dev3.crm4u.biz\/\",\"sameAs\":[],\"logo\":{\"@type\":\"ImageObject\",\"inLanguage\":\"pl-PL\",\"@id\":\"https:\/\/dev3.crm4u.biz\/#\/schema\/logo\/image\/\",\"url\":\"https:\/\/dev3.crm4u.biz\/wp-content\/uploads\/2018\/01\/logo-gl.png\",\"contentUrl\":\"https:\/\/dev3.crm4u.biz\/wp-content\/uploads\/2018\/01\/logo-gl.png\",\"width\":201,\"height\":61,\"caption\":\"Global Jobs\"},\"image\":{\"@id\":\"https:\/\/dev3.crm4u.biz\/#\/schema\/logo\/image\/\"}}]}<\/script>\n<!-- \/ Yoast SEO plugin. -->","yoast_head_json":{"title":"Poby czasowy. Legalizacja pobytu w Polsce. Uzyskaj pobyt czasowy w Polsce","description":"Us\u0142ugi na pobyt czasowy w Polsce. Uzyskanie zezwolenia na pobyt czasowy dla Rosjan, Ukrai\u0144c\u00f3w, Bia\u0142orusin\u00f3w i wszystkich Rosjan. Pomoc w legalizacji pobytu \/ pobytu w Polsce.","robots":{"index":"index","follow":"follow","max-snippet":"max-snippet:-1","max-image-preview":"max-image-preview:large","max-video-preview":"max-video-preview:-1"},"canonical":"https:\/\/dev3.crm4u.biz\/pl\/legalizacja-pobytu\/","og_locale":"pl_PL","og_type":"article","og_title":"Poby czasowy. Legalizacja pobytu w Polsce. Uzyskaj pobyt czasowy w Polsce","og_description":"Us\u0142ugi na pobyt czasowy w Polsce. Uzyskanie zezwolenia na pobyt czasowy dla Rosjan, Ukrai\u0144c\u00f3w, Bia\u0142orusin\u00f3w i wszystkich Rosjan. Pomoc w legalizacji pobytu \/ pobytu w Polsce w 2019 roku.","og_url":"https:\/\/dev3.crm4u.biz\/pl\/legalizacja-pobytu\/","og_site_name":"GLOBAL JOBS","article_modified_time":"2022-05-18T08:15:31+00:00","og_image":[{"width":201,"height":201,"url":"https:\/\/dev3.crm4u.biz\/wp-content\/uploads\/2019\/07\/logo-ss-pl.jpg","type":"image\/jpeg"}],"twitter_card":"summary","twitter_title":"Poby czasowy. Legalizacja pobytu w Polsce. Uzyskaj pobyt czasowy w Polsce","twitter_description":"Us\u0142ugi na pobyt czasowy w Polsce. Uzyskanie zezwolenia na pobyt czasowy dla Rosjan, Ukrai\u0144c\u00f3w, Bia\u0142orusin\u00f3w i wszystkich Rosjan. Pomoc w legalizacji pobytu \/ pobytu w Polsce w 2019 roku.","twitter_image":"https:\/\/dev3.crm4u.biz\/wp-content\/uploads\/2019\/07\/logo-ss-pl.jpg","twitter_misc":{"Szacowany czas czytania":"3 minuty"},"schema":{"@context":"https:\/\/schema.org","@graph":[{"@type":"WebPage","@id":"https:\/\/dev3.crm4u.biz\/pl\/legalizacja-pobytu\/","url":"https:\/\/dev3.crm4u.biz\/pl\/legalizacja-pobytu\/","name":"Poby czasowy. Legalizacja pobytu w Polsce. Uzyskaj pobyt czasowy w Polsce","isPartOf":{"@id":"https:\/\/dev3.crm4u.biz\/#website"},"datePublished":"2018-02-20T12:27:41+00:00","dateModified":"2022-05-18T08:15:31+00:00","description":"Us\u0142ugi na pobyt czasowy w Polsce. Uzyskanie zezwolenia na pobyt czasowy dla Rosjan, Ukrai\u0144c\u00f3w, Bia\u0142orusin\u00f3w i wszystkich Rosjan. Pomoc w legalizacji pobytu \/ pobytu w Polsce.","breadcrumb":{"@id":"https:\/\/dev3.crm4u.biz\/pl\/legalizacja-pobytu\/#breadcrumb"},"inLanguage":"pl-PL","potentialAction":[{"@type":"ReadAction","target":["https:\/\/dev3.crm4u.biz\/pl\/legalizacja-pobytu\/"]}]},{"@type":"BreadcrumbList","@id":"https:\/\/dev3.crm4u.biz\/pl\/legalizacja-pobytu\/#breadcrumb","itemListElement":[{"@type":"ListItem","position":1,"name":"\u0413\u043b\u0430\u0432\u043d\u0430\u044f \u0441\u0442\u0440\u0430\u043d\u0438\u0446\u0430","item":"https:\/\/dev3.crm4u.biz\/pl\/"},{"@type":"ListItem","position":2,"name":"Legalizacja pobytu"}]},{"@type":"WebSite","@id":"https:\/\/dev3.crm4u.biz\/#website","url":"https:\/\/dev3.crm4u.biz\/","name":"GLOBAL JOBS","description":"GLOBAL JOBS","publisher":{"@id":"https:\/\/dev3.crm4u.biz\/#organization"},"potentialAction":[{"@type":"SearchAction","target":{"@type":"EntryPoint","urlTemplate":"https:\/\/dev3.crm4u.biz\/?s={search_term_string}"},"query-input":"required name=search_term_string"}],"inLanguage":"pl-PL"},{"@type":"Organization","@id":"https:\/\/dev3.crm4u.biz\/#organization","name":"Global Jobs","url":"https:\/\/dev3.crm4u.biz\/","sameAs":[],"logo":{"@type":"ImageObject","inLanguage":"pl-PL","@id":"https:\/\/dev3.crm4u.biz\/#\/schema\/logo\/image\/","url":"https:\/\/dev3.crm4u.biz\/wp-content\/uploads\/2018\/01\/logo-gl.png","contentUrl":"https:\/\/dev3.crm4u.biz\/wp-content\/uploads\/2018\/01\/logo-gl.png","width":201,"height":61,"caption":"Global Jobs"},"image":{"@id":"https:\/\/dev3.crm4u.biz\/#\/schema\/logo\/image\/"}}]}},"_links":{"self":[{"href":"https:\/\/dev3.crm4u.biz\/pl\/wp-json\/wp\/v2\/pages\/1033"}],"collection":[{"href":"https:\/\/dev3.crm4u.biz\/pl\/wp-json\/wp\/v2\/pages"}],"about":[{"href":"https:\/\/dev3.crm4u.biz\/pl\/wp-json\/wp\/v2\/types\/page"}],"author":[{"embeddable":true,"href":"https:\/\/dev3.crm4u.biz\/pl\/wp-json\/wp\/v2\/users\/2"}],"replies":[{"embeddable":true,"href":"https:\/\/dev3.crm4u.biz\/pl\/wp-json\/wp\/v2\/comments?post=1033"}],"version-history":[{"count":2,"href":"https:\/\/dev3.crm4u.biz\/pl\/wp-json\/wp\/v2\/pages\/1033\/revisions"}],"predecessor-version":[{"id":6288,"href":"https:\/\/dev3.crm4u.biz\/pl\/wp-json\/wp\/v2\/pages\/1033\/revisions\/6288"}],"wp:featuredmedia":[{"embeddable":true,"href":"https:\/\/dev3.crm4u.biz\/pl\/wp-json\/wp\/v2\/media\/2181"}],"wp:attachment":[{"href":"https:\/\/dev3.crm4u.biz\/pl\/wp-json\/wp\/v2\/media?parent=1033"}],"curies":[{"name":"wp","href":"https:\/\/api.w.org\/{rel}","templated":true}]}}