{"id":1030,"date":"2018-02-20T14:00:33","date_gmt":"2018-02-20T11:00:33","guid":{"rendered":"https:\/\/globaljobs.pl\/?page_id=1030"},"modified":"2021-06-30T10:13:50","modified_gmt":"2021-06-30T07:13:50","slug":"informacje","status":"publish","type":"page","link":"https:\/\/dev3.crm4u.biz\/pl\/informacje\/","title":{"rendered":"Informacje"},"content":{"rendered":"<p>[vc_row][vc_column][vc_masonry_grid post_type=&#8221;post&#8221; max_items=&#8221;10&#8243; element_width=&#8221;6&#8243; grid_id=&#8221;vc_gid:1519124400689-f508384c-0bd6-10&#8243;][\/vc_column][\/vc_row]<\/p>\n","protected":false},"excerpt":{"rendered":"<p> [&hellip;]<\/p>\n","protected":false},"author":2,"featured_media":0,"parent":0,"menu_order":0,"comment_status":"closed","ping_status":"closed","template":"","meta":[],"yoast_head":"<!-- This site is optimized with the Yoast SEO plugin v19.5.1 - https:\/\/yoast.com\/wordpress\/plugins\/seo\/ -->\n<title>Przydatne wiadomo\u015bci dla Rosjan, Ukrai\u0144c\u00f3w i Bia\u0142orusin\u00f3w o Polsce z GLOBAL JOBS<\/title>\n<meta name=\"description\" content=\"Artyku\u0142y dla tych, kt\u00f3rzy chc\u0105 przenie\u015b\u0107 si\u0119 do Polski, otworzy\u0107 firm\u0119, uzyska\u0107 sta\u0142e miejsce zamieszkania lub obywatelstwo Polski, uzyska\u0107 licencj\u0119, wynaj\u0105\u0107 i kupi\u0107 nieruchomo\u015b\u0107.\" \/>\n<meta name=\"robots\" content=\"index, follow, max-snippet:-1, max-image-preview:large, max-video-preview:-1\" \/>\n<link rel=\"canonical\" href=\"https:\/\/dev3.crm4u.biz\/pl\/informacje\/\" \/>\n<meta property=\"og:locale\" content=\"pl_PL\" \/>\n<meta property=\"og:type\" content=\"article\" \/>\n<meta property=\"og:title\" content=\"Przydatne wiadomo\u015bci dla Rosjan, Ukrai\u0144c\u00f3w i Bia\u0142orusin\u00f3w o Polsce z GLOBAL JOBS\" \/>\n<meta property=\"og:description\" content=\"Artyku\u0142y dla tych, kt\u00f3rzy chc\u0105 przenie\u015b\u0107 si\u0119 do Polski, otworzy\u0107 firm\u0119, uzyska\u0107 sta\u0142e miejsce zamieszkania lub obywatelstwo Polski, uzyska\u0107 licencj\u0119, wynaj\u0105\u0107 i kupi\u0107 nieruchomo\u015b\u0107 w 2018 r.\" \/>\n<meta property=\"og:url\" content=\"https:\/\/dev3.crm4u.biz\/pl\/informacje\/\" \/>\n<meta property=\"og:site_name\" content=\"GLOBAL JOBS\" \/>\n<meta property=\"article:modified_time\" content=\"2021-06-30T07:13:50+00:00\" \/>\n<meta property=\"og:image\" content=\"https:\/\/dev3.crm4u.biz\/wp-content\/uploads\/2019\/07\/logo-ss-pl.jpg\" \/>\n\t<meta property=\"og:image:width\" content=\"201\" \/>\n\t<meta property=\"og:image:height\" content=\"201\" \/>\n\t<meta property=\"og:image:type\" content=\"image\/jpeg\" \/>\n<meta name=\"twitter:card\" content=\"summary\" \/>\n<meta name=\"twitter:title\" content=\"Przydatne wiadomo\u015bci dla Rosjan, Ukrai\u0144c\u00f3w i Bia\u0142orusin\u00f3w o Polsce z GLOBAL JOBS\" \/>\n<meta name=\"twitter:description\" content=\"Artyku\u0142y dla tych, kt\u00f3rzy chc\u0105 przenie\u015b\u0107 si\u0119 do Polski, otworzy\u0107 firm\u0119, uzyska\u0107 sta\u0142e miejsce zamieszkania lub obywatelstwo Polski, uzyska\u0107 licencj\u0119, wynaj\u0105\u0107 i kupi\u0107 nieruchomo\u015b\u0107 w 2018 r.\" \/>\n<meta name=\"twitter:image\" content=\"https:\/\/dev3.crm4u.biz\/wp-content\/uploads\/2019\/07\/logo-ss-pl.jpg\" \/>\n<script type=\"application\/ld+json\" class=\"yoast-schema-graph\">{\"@context\":\"https:\/\/schema.org\",\"@graph\":[{\"@type\":\"WebPage\",\"@id\":\"https:\/\/dev3.crm4u.biz\/pl\/informacje\/\",\"url\":\"https:\/\/dev3.crm4u.biz\/pl\/informacje\/\",\"name\":\"Przydatne wiadomo\u015bci dla Rosjan, Ukrai\u0144c\u00f3w i Bia\u0142orusin\u00f3w o Polsce z GLOBAL JOBS\",\"isPartOf\":{\"@id\":\"https:\/\/dev3.crm4u.biz\/#website\"},\"datePublished\":\"2018-02-20T11:00:33+00:00\",\"dateModified\":\"2021-06-30T07:13:50+00:00\",\"description\":\"Artyku\u0142y dla tych, kt\u00f3rzy chc\u0105 przenie\u015b\u0107 si\u0119 do Polski, otworzy\u0107 firm\u0119, uzyska\u0107 sta\u0142e miejsce zamieszkania lub obywatelstwo Polski, uzyska\u0107 licencj\u0119, wynaj\u0105\u0107 i kupi\u0107 nieruchomo\u015b\u0107.\",\"breadcrumb\":{\"@id\":\"https:\/\/dev3.crm4u.biz\/pl\/informacje\/#breadcrumb\"},\"inLanguage\":\"pl-PL\",\"potentialAction\":[{\"@type\":\"ReadAction\",\"target\":[\"https:\/\/dev3.crm4u.biz\/pl\/informacje\/\"]}]},{\"@type\":\"BreadcrumbList\",\"@id\":\"https:\/\/dev3.crm4u.biz\/pl\/informacje\/#breadcrumb\",\"itemListElement\":[{\"@type\":\"ListItem\",\"position\":1,\"name\":\"\u0413\u043b\u0430\u0432\u043d\u0430\u044f \u0441\u0442\u0440\u0430\u043d\u0438\u0446\u0430\",\"item\":\"https:\/\/dev3.crm4u.biz\/pl\/\"},{\"@type\":\"ListItem\",\"position\":2,\"name\":\"Informacje\"}]},{\"@type\":\"WebSite\",\"@id\":\"https:\/\/dev3.crm4u.biz\/#website\",\"url\":\"https:\/\/dev3.crm4u.biz\/\",\"name\":\"GLOBAL JOBS\",\"description\":\"GLOBAL JOBS\",\"publisher\":{\"@id\":\"https:\/\/dev3.crm4u.biz\/#organization\"},\"potentialAction\":[{\"@type\":\"SearchAction\",\"target\":{\"@type\":\"EntryPoint\",\"urlTemplate\":\"https:\/\/dev3.crm4u.biz\/?s={search_term_string}\"},\"query-input\":\"required name=search_term_string\"}],\"inLanguage\":\"pl-PL\"},{\"@type\":\"Organization\",\"@id\":\"https:\/\/dev3.crm4u.biz\/#organization\",\"name\":\"Global Jobs\",\"url\":\"https:\/\/dev3.crm4u.biz\/\",\"sameAs\":[],\"logo\":{\"@type\":\"ImageObject\",\"inLanguage\":\"pl-PL\",\"@id\":\"https:\/\/dev3.crm4u.biz\/#\/schema\/logo\/image\/\",\"url\":\"https:\/\/dev3.crm4u.biz\/wp-content\/uploads\/2018\/01\/logo-gl.png\",\"contentUrl\":\"https:\/\/dev3.crm4u.biz\/wp-content\/uploads\/2018\/01\/logo-gl.png\",\"width\":201,\"height\":61,\"caption\":\"Global Jobs\"},\"image\":{\"@id\":\"https:\/\/dev3.crm4u.biz\/#\/schema\/logo\/image\/\"}}]}<\/script>\n<!-- \/ Yoast SEO plugin. -->","yoast_head_json":{"title":"Przydatne wiadomo\u015bci dla Rosjan, Ukrai\u0144c\u00f3w i Bia\u0142orusin\u00f3w o Polsce z GLOBAL JOBS","description":"Artyku\u0142y dla tych, kt\u00f3rzy chc\u0105 przenie\u015b\u0107 si\u0119 do Polski, otworzy\u0107 firm\u0119, uzyska\u0107 sta\u0142e miejsce zamieszkania lub obywatelstwo Polski, uzyska\u0107 licencj\u0119, wynaj\u0105\u0107 i kupi\u0107 nieruchomo\u015b\u0107.","robots":{"index":"index","follow":"follow","max-snippet":"max-snippet:-1","max-image-preview":"max-image-preview:large","max-video-preview":"max-video-preview:-1"},"canonical":"https:\/\/dev3.crm4u.biz\/pl\/informacje\/","og_locale":"pl_PL","og_type":"article","og_title":"Przydatne wiadomo\u015bci dla Rosjan, Ukrai\u0144c\u00f3w i Bia\u0142orusin\u00f3w o Polsce z GLOBAL JOBS","og_description":"Artyku\u0142y dla tych, kt\u00f3rzy chc\u0105 przenie\u015b\u0107 si\u0119 do Polski, otworzy\u0107 firm\u0119, uzyska\u0107 sta\u0142e miejsce zamieszkania lub obywatelstwo Polski, uzyska\u0107 licencj\u0119, wynaj\u0105\u0107 i kupi\u0107 nieruchomo\u015b\u0107 w 2018 r.","og_url":"https:\/\/dev3.crm4u.biz\/pl\/informacje\/","og_site_name":"GLOBAL JOBS","article_modified_time":"2021-06-30T07:13:50+00:00","og_image":[{"width":201,"height":201,"url":"https:\/\/dev3.crm4u.biz\/wp-content\/uploads\/2019\/07\/logo-ss-pl.jpg","type":"image\/jpeg"}],"twitter_card":"summary","twitter_title":"Przydatne wiadomo\u015bci dla Rosjan, Ukrai\u0144c\u00f3w i Bia\u0142orusin\u00f3w o Polsce z GLOBAL JOBS","twitter_description":"Artyku\u0142y dla tych, kt\u00f3rzy chc\u0105 przenie\u015b\u0107 si\u0119 do Polski, otworzy\u0107 firm\u0119, uzyska\u0107 sta\u0142e miejsce zamieszkania lub obywatelstwo Polski, uzyska\u0107 licencj\u0119, wynaj\u0105\u0107 i kupi\u0107 nieruchomo\u015b\u0107 w 2018 r.","twitter_image":"https:\/\/dev3.crm4u.biz\/wp-content\/uploads\/2019\/07\/logo-ss-pl.jpg","schema":{"@context":"https:\/\/schema.org","@graph":[{"@type":"WebPage","@id":"https:\/\/dev3.crm4u.biz\/pl\/informacje\/","url":"https:\/\/dev3.crm4u.biz\/pl\/informacje\/","name":"Przydatne wiadomo\u015bci dla Rosjan, Ukrai\u0144c\u00f3w i Bia\u0142orusin\u00f3w o Polsce z GLOBAL JOBS","isPartOf":{"@id":"https:\/\/dev3.crm4u.biz\/#website"},"datePublished":"2018-02-20T11:00:33+00:00","dateModified":"2021-06-30T07:13:50+00:00","description":"Artyku\u0142y dla tych, kt\u00f3rzy chc\u0105 przenie\u015b\u0107 si\u0119 do Polski, otworzy\u0107 firm\u0119, uzyska\u0107 sta\u0142e miejsce zamieszkania lub obywatelstwo Polski, uzyska\u0107 licencj\u0119, wynaj\u0105\u0107 i kupi\u0107 nieruchomo\u015b\u0107.","breadcrumb":{"@id":"https:\/\/dev3.crm4u.biz\/pl\/informacje\/#breadcrumb"},"inLanguage":"pl-PL","potentialAction":[{"@type":"ReadAction","target":["https:\/\/dev3.crm4u.biz\/pl\/informacje\/"]}]},{"@type":"BreadcrumbList","@id":"https:\/\/dev3.crm4u.biz\/pl\/informacje\/#breadcrumb","itemListElement":[{"@type":"ListItem","position":1,"name":"\u0413\u043b\u0430\u0432\u043d\u0430\u044f \u0441\u0442\u0440\u0430\u043d\u0438\u0446\u0430","item":"https:\/\/dev3.crm4u.biz\/pl\/"},{"@type":"ListItem","position":2,"name":"Informacje"}]},{"@type":"WebSite","@id":"https:\/\/dev3.crm4u.biz\/#website","url":"https:\/\/dev3.crm4u.biz\/","name":"GLOBAL JOBS","description":"GLOBAL JOBS","publisher":{"@id":"https:\/\/dev3.crm4u.biz\/#organization"},"potentialAction":[{"@type":"SearchAction","target":{"@type":"EntryPoint","urlTemplate":"https:\/\/dev3.crm4u.biz\/?s={search_term_string}"},"query-input":"required name=search_term_string"}],"inLanguage":"pl-PL"},{"@type":"Organization","@id":"https:\/\/dev3.crm4u.biz\/#organization","name":"Global Jobs","url":"https:\/\/dev3.crm4u.biz\/","sameAs":[],"logo":{"@type":"ImageObject","inLanguage":"pl-PL","@id":"https:\/\/dev3.crm4u.biz\/#\/schema\/logo\/image\/","url":"https:\/\/dev3.crm4u.biz\/wp-content\/uploads\/2018\/01\/logo-gl.png","contentUrl":"https:\/\/dev3.crm4u.biz\/wp-content\/uploads\/2018\/01\/logo-gl.png","width":201,"height":61,"caption":"Global Jobs"},"image":{"@id":"https:\/\/dev3.crm4u.biz\/#\/schema\/logo\/image\/"}}]}},"_links":{"self":[{"href":"https:\/\/dev3.crm4u.biz\/pl\/wp-json\/wp\/v2\/pages\/1030"}],"collection":[{"href":"https:\/\/dev3.crm4u.biz\/pl\/wp-json\/wp\/v2\/pages"}],"about":[{"href":"https:\/\/dev3.crm4u.biz\/pl\/wp-json\/wp\/v2\/types\/page"}],"author":[{"embeddable":true,"href":"https:\/\/dev3.crm4u.biz\/pl\/wp-json\/wp\/v2\/users\/2"}],"replies":[{"embeddable":true,"href":"https:\/\/dev3.crm4u.biz\/pl\/wp-json\/wp\/v2\/comments?post=1030"}],"version-history":[{"count":1,"href":"https:\/\/dev3.crm4u.biz\/pl\/wp-json\/wp\/v2\/pages\/1030\/revisions"}],"predecessor-version":[{"id":3678,"href":"https:\/\/dev3.crm4u.biz\/pl\/wp-json\/wp\/v2\/pages\/1030\/revisions\/3678"}],"wp:attachment":[{"href":"https:\/\/dev3.crm4u.biz\/pl\/wp-json\/wp\/v2\/media?parent=1030"}],"curies":[{"name":"wp","href":"https:\/\/api.w.org\/{rel}","templated":true}]}}